{"id":770,"date":"2011-08-18T16:14:47","date_gmt":"2011-08-18T14:14:47","guid":{"rendered":"http:\/\/szachykorespondencyjne.org.pl\/?page_id=770"},"modified":"2012-01-25T08:20:45","modified_gmt":"2012-01-25T07:20:45","slug":"argentina","status":"publish","type":"page","link":"https:\/\/kszgk.com\/iccf\/?page_id=770","title":{"rendered":"Argentina"},"content":{"rendered":"<p><strong>Name of Federation<\/strong>: Liga Argentina de Ajedrez por Correspondencia (LADAC)<\/p>\n<p><strong>Year of Foundation<\/strong>: 1945<\/p>\n<p><strong>ICCF Delegate &amp; <\/strong><strong>E-Mail contact<\/strong>: Juan Alberto Martello (<a href=\"mailto:juanmartello@gmail.com\">juanmartello@gmail.com<\/a>)<\/p>\n<p><strong>Website<\/strong>: <a href=\"http:\/\/www.ladac.org.ar\/home.php\">http:\/\/www.ladac.org.ar\/<\/a><strong><\/strong><\/p>\n<p><strong>Article provided by<\/strong>: Juan Carlos P\u00e9rez Rodr\u00edguez and H\u00e9ctor Ricardo Zabala, updated by Carlos Cranbourne<\/p>\n<p><!--nextpage--><\/p>\n<p>More than 50 years of Correspondence Chess History in Argentina LADAC was not only the first institution organically dedicated to CC in Latin America, but also \u2013 by far \u2013 the one which possesses the most important record of all the region and the one which had the most players. Thus, the N\u00ba 3669 (last number of LADAC associate at April 2002) is in reality a misleading number since we would need to add to this number several hundred associates that already had CC activity, or who had expired by the 1960s, by which time LADAC renumbered the list of associates. Additionally, many players can play several tournaments without being LADAC associates. LADAC is in this sense a real national entity, for all chess players resident in our country or Argentine players outside Argentina.<\/p>\n<p>Before the creation of Confede-raci\u00f3n Americana de Ajedrez Postal (CADAP, American Correspondence Chess Confederation, now ICCF Zone 2, of which LADAC was a founding member) several players residing in other Latin American countries were LADAC associates. Still today, LADAC has some foreign associates, though this is limited to neighbouring countries, to avoid overlapping with other CADAP countries.<\/p>\n<p>Born in 1945, with the name of Torneos de Ajedrez por Correspondencia (TAC, CC Tournaments) initiated by the legendary Arturo Jorge Loeffler, early associatges were Eugenio Germ\u00e1n P\u00edder, Antonio J. Roura, Carlos M\u00e1ximo Portela and several other idealist chess players. Very soon (in 1948) the organisation took the current name (LADAC), adopted its own Statutes and reached an acceptable institutional level. Then, LADAC continued progressing, in spite of some divisions and sad events. The most important of which took place in 1988, when the local CC community was divided between LADAC and the newly born C\u00edrculo de Ajedrecistas Postales Argentinos (CAPA, meaning Argentine Correspondence Chess players\u2019 Circle). Remarkably, the division provoked an increase in the quantity and quality of CC events, albeit that the relationship between the two factions was disliked by the great majority of chess players. Currently there are negotiations underway to try to achieve much-desired unification of Argentine CC.<\/p>\n<p>LADAC publishes a magazine as its own official journalistic organ, which has been in existence for over 50 years. Since 1999 it has begun to publish on the Internet, in addition to the traditional way.<\/p>\n<p>This publication was only interrupted for two years, though in replacement were edited several information bulletins. Many people have been editors, artists, or held other posts for the magazine during these 50 years: Antonio J. Roura, Antonio Mario Broguin, Zoilo Rudecindo Caputto, Benjamin Jos\u00e9 V\u00e1zquez, Mois\u00e9s Studenetzky, Mario Manuel Anaya, Emir Jorge Orive, Jos\u00e9 Antonio Gonz\u00e1lez, H\u00e9rcules B. Pamp\u00edn, Oscar Alberto Palmiero, Alejandro Jorge Rebagliati, Daniel Ricardo Piz\u00e1, Juan Cendak (h), Jos\u00e9 Daniel Finkelstein, H\u00e9ctor Ricardo Zabala, Omar Estrada, Alfredo Jos\u00e9 Mozzino, Claudio Javier Gon\u00e7alves, Jorge L. Rodr\u00edguez, and others.<\/p>\n<p>LADAC is proud to have organised 18 Argentine Individual Championships, 7 Team Tournaments (CAAPE), 2 Regional Team Tournaments (CANAR-PE), 2 CANARs, 3 Youth, 3 Ladies, 4 Seniors, 7 Extraordinary Tournaments, etc., and many internal tournaments. LADAC has also organized 14 International GM or IM tournaments (2 with CAPA and 1 with CADAP) and many international matches. LADAC has represented Argentina in numerous international matches and in the CC Olympiads (ICCF), in the Pan-Americans (CADAP) and in the Coppa Latina (ICCF), having achieved several titles for the national team and various distinctions on the part of its associates.<\/p>\n<p>CAPA also contributed to the CC activity in the form of 9 Grand Master tournaments, 8 International Master Tournaments, one Team Tournament (the AFROATIN Cup, jointly organised with the Algerian Federation CNEC), and the match Russia \u2013 Rest of the World, in 20 boards.<\/p>\n<p>Several LADAC associates were (or are) recognized Masters of OTB chess, such as the late Miguel Najdorf (honorary), Jorge Pelikan, Luis Argentino Palau, Luciano W. C\u00e1mara (honorary), Bernardo Wexler, Isa\u00edas Pleci, Alberto Foguelman, etc. Several LADAC associates had (or have) important functions in ICCF and CADAP. Also, LADAC organised in 1997 the ICCF Congress in Buenos Aires, during the presidency of Dr. Claudio Javier Gon\u00e7alves. As CADAP vice-president, he also promoted several CADAP Assemblies.<\/p>\n<p>Of course, Argentina continues to have the greater number of CC Grandmasters, CC Senior International Masters, CC International Masters, CC International Arbiters, Latin American CC Champions, CC Latin American Masters, Panamerican CC Championship (by teams) and CC Olympic medals of the Latin American countries.<\/p>\n<p>For years, LADAC has promoted the constitution of the regional associations in Argentina, whose main functions are to organise regional or provincial championships, inter-regional events, etc.<\/p>\n<p>Below we offer a summary of the principal tournaments organized by LADAC through its large history. We did not include the thousands of internal category and thematic tournaments.<\/p>\n<p><strong>LADAC Presidents<\/strong><\/p>\n<ul>\n<li>Loeffler, Arturo Jorge (1945-47);<\/li>\n<li>Portela, Carlos M\u00e1ximo (1948-56) \u2020;<\/li>\n<li>Roura, Antonio J. (1956-59) \u2020;<\/li>\n<li>Loeffler, Arturo Jorge (1960-62);<\/li>\n<li>P\u00edder, Eugenio Germ\u00e1n (1963-66) \u2020;<\/li>\n<li>Palau, Luis Argentino (1967-69) \u2020;<\/li>\n<li>Brogu\u00edn, Antonio Mario (1970-71) \u2020;<\/li>\n<li>Canale, Jorge Juan (1971-77) \u2020;<\/li>\n<li>Pamp\u00edn, H\u00e9rcules B. (1977-80) \u2020;<\/li>\n<li>Gonz\u00e1lez, Benito Ezequiel (1981) \u2020;<\/li>\n<li>Pamp\u00edn, H\u00e9rcules B. (1982-83) \u2020;<\/li>\n<li>Gorosito, Ricardo Ismael (1984-86);<\/li>\n<li>Lascurain, Antonio Gerardo(1987-88) \u2020;<\/li>\n<li>Deforel, Jorge Eduardo (1989-90);<\/li>\n<li>Ram\u00edrez, Abraham Ra\u00fal (1991-92);<\/li>\n<li>Gon\u00e7alves, Claudio Javier (1993-98);<\/li>\n<li>Ram\u00edrez, Abraham Ra\u00fal (1998-99);<\/li>\n<li>Zabala, H\u00e9ctor Ricardo (1999-2000);<\/li>\n<li>Tepper, H\u00e9ctor Ra\u00fal (2000-2004);<\/li>\n<li>Cranbourne, Carlos (2004-2006);<\/li>\n<li>Deforel, Jorge Eduardo (2006-onwards).<\/li>\n<\/ul>\n<p><strong>ICCF Honorary Members<\/strong><\/p>\n<ul>\n<li>Carlos Germ\u00e1n<\/li>\n<li>Dieta, A. Ra\u00fal Ram\u00edrez.<\/li>\n<\/ul>\n<p><strong>LADAC Honorary Members<\/strong><\/p>\n<p>Arturo J. Loeffler, Henk J. Mostert (ICCF President), Luciano W. C\u00e1mara, Miguel Najdorf<\/p>\n<p><strong>ICCF Presidium \/ Executive Board members<\/strong><\/p>\n<ul>\n<li>Vicepresidents: Arturo J.Loeffler (1960-69), Carlos G. Dieta (1976-91), Antonio G. Lascurain (1992-93);<\/li>\n<li>Zone\u00a02 Latin America Director: Carlos Cranbourne (1998-onwards);<\/li>\n<li>Marketing Director: Pedro F. Hegoburu (1999-2003);<\/li>\n<li>Membership and Services Director: Pedro F. Hegoburu (2003-2007);<\/li>\n<li>General Secretary: Pedro F. Hegoburu (2007-2009).<\/li>\n<\/ul>\n<p><strong>CADAP Presidents<\/strong><\/p>\n<p>Claudino Bianchi (1967-68), Carlos G. Dieta (1987-89), Juan C. Pregal (1989-90), Carlos Cranbourne (1998-onwards).<\/p>\n<p><!--nextpage--><\/p>\n<div>\n<p><strong>Main international CC winners<\/strong><\/p>\n<p>\u201cI Americas\u201d (CADAP): Juan S. Morgado (shared), \u201cXXXIV LADAC Anniversary\u201d (CADAP): Carlos A. Rinaldi, \u201cEduardo B. Secchi Vigneau memorial\u201d (CADAP): Rodolfo A. Redolfi, \u201cGustavo Bart\u00eds memorial\u201d (CADAP): Guillermo J. C\u00e1nova, \u201cXV LIPEAP Anniversary\u201d (CADAP): Rodolfo A. Redolfi, \u201cCristobal Colon Cup\u201d (CADAP): A. Ra\u00fal Ram\u00edrez, \u201cArturo Jorge Loeffler memorial\u201d (LADAC): \u00c1ngel H. Bericat.<\/p>\n<p>&nbsp;<\/p>\n<p><strong>Argentine individual championship<\/strong><\/p>\n<ul>\n<li>I \u2013 Final (01.10.1955-31.03.1957): at 2 games. 1\u00ba Jorge Pelikan (3 pts.).<\/li>\n<li>II \u2013 Final (01.11.1953-31.03.1955): 8 players. 1\u00ba Eduardo B. Secchi Vigneau (6\u00bd).<\/li>\n<li>III \u2013 Final (01.10.1963-31.12.1966): 13 players. 1\u00ba Bartolom\u00e9 J. Marcussi (10\u00bd).<\/li>\n<li>IV \u2013 Final (15.03.1968-31.12.1970): 15 players. 1\u00ba Miguel A. Rivas (10\u00bd).<\/li>\n<li>V \u2013 Final (01.08.1972-10.08.1974): 11 players. 1\u00ba Alejandro Arregui (8\u00bd).<\/li>\n<li>VI \u2013 Final \u201cDaniel H. Girardi memorial\u201d (30.10.1976-31.07.1978): 13 players. 1\u00ba Enrique J. Argui\u00f1ariz (10).<\/li>\n<li>VII \u2013 Final (31.10.1978-30.06.1980): 13 players. 1\u00ba Manuel M. Pereyra Puebla (9\u00bd).<\/li>\n<li>VIII \u2013 Final (01.11.1980-01.07.1982): 15 players. 1\u00ba Anselmo R. Badenes (11\u00bd).<\/li>\n<li>IX \u2013 Final (01.11.1982-30.06.1984): 12 players. 1\u00ba Carlos A. Rinaldi (9).<\/li>\n<li>X \u2013 Final (03.09.1984-31.05.1986): 12 players. 1\u00ba Carlos A. Rinaldi (9).<\/li>\n<li>XI \u201cUrbano Vicondo memorial\u201d \u2013 Final (01.12.1987-30.06.1989): 14 players. 1\u00ba Pedro A. Lopep\u00e9 (10).<\/li>\n<li>XII \u201cEduardo B. Secchi Vigneau memorial\u201d \u2013 Final (08.08.1988-31.12.1990): 11 players. 1\u00ba Carlos A. Sella (7).<\/li>\n<li>XIII \u201cHumberto Tenivella memorial\u201d \u2013 Final (01.07.1991-28.02.1996): 17 players. 1\u00ba Alberto L. Maltz (14\u00bd).<\/li>\n<li>XIV \u201cHoracio Huguet memorial\u201d \u2013 Final (21.11.1994-31.12.1998): 13 players. 1\u00ba Ra\u00fal O. Grosso (9\u00bd).<\/li>\n<li>XV \u201cEzio Cembr\u00e1n memorial\u201d \u2013 Final (21.07.1997-2000): 13 players. 1\u00ba Rub\u00e9n Berdichesky (10).<\/li>\n<li>XVI \u201cAntonio G. Lascurain memorial\u201d \u2013 Final (04.10.2000-04.10.2002): 17 players. 1\u00ba G. Etchechoury (12.5).<\/li>\n<li>XVII \u201cRogelio C.Linskens memorial\u201d \u2013 Final\u00a0(): 17 players. 1\u00ba= C. Rinald &amp; H. C\u00f3rdoba (12.5).<\/li>\n<li><a href=\"http:\/\/www.iccf-webchess.com\/EventCrossTable.aspx?id=467\">XVIII \u201cN\u00e9ster A. Ardusso memorial\u201d<\/a> \u2013 Final (2005-2008): 17 players. 1\u00ba S. Diaz (11.5).<\/li>\n<li><a href=\"http:\/\/www.iccf-webchess.com\/EventCrossTable.aspx?id=9337\">XIX \u2013 Final <\/a>(2006-2009): 17 players. 1\u00ba R.J. Jacquin (13).<\/li>\n<li><a href=\"http:\/\/www.iccf-webchess.com\/EventCrossTable.aspx?id=11868\">XX \u2013 Final<\/a> (2007-2009): 17 players. 1\u00ba E. Saglione (14).<\/li>\n<li><a href=\"http:\/\/www.iccf-webchess.com\/EventCrossTable.aspx?id=16239\">XXI \u2013 Final<\/a> (2008-2011): 17 players. 1\u00ba S. Diaz (12).<\/li>\n<li><a href=\"http:\/\/www.iccf-webchess.com\/EventCrossTable.aspx?id=19046\">XXII \u2013 Final<\/a> (2009-2011): 17 players. E. Saglione (12.5).<\/li>\n<li><a href=\"http:\/\/www.iccf-webchess.com\/EventCrossTable.aspx?id=22407\">XXIII \u2013 Final<\/a> (2010-?): 17 players. In progress.<\/li>\n<li><a href=\"http:\/\/www.iccf-webchess.com\/EventCrossTable.aspx?id=26258\">XXIV \u2013 Final<\/a> (???-???): 17 players. In progress.<\/li>\n<\/ul>\n<p><strong>Extraordinary CC tournaments<\/strong><\/p>\n<ul>\n<li>I \u201cCarlos M\u00e1ximo Portela memorial\u201d \u2013 First Elimination (1\/4\/1955 &#8211; 30\/6\/56): 168 players. Second Elimination (1\/9\/1956 &#8211; 31\/12\/57): 56 players. Third Elimination (25\/3\/1958 &#8211; 30\/6\/59): 21 players. Final (1\/10\/1959 &#8211; 31\/3\/61): 11 players. 1\u00ba Eduardo B. Secchi Vigneau (8\u00bd).<\/li>\n<li>II \u201cXX LADAC Anniversary &#8211; Dr. Antonio J. Roura memorial\u201d \u2013 Preliminary (15\/2\/1966 &#8211; 31\/3\/68): 98 players. Final (1\/6\/1969 &#8211; 30\/5\/1\/73): 21 players. 1\u00ba Raimundo Carballo (17\u00bd).<\/li>\n<li>III \u201cXXV LADAC Silver Anniversary\u201d \u2013 Preliminary (1\/8\/1970 &#8211; 31\/10\/72): 95 players. Final (30\/4\/1973 &#8211; 77): 12 players. 1\u00ba Gaspar J. Perrone (10).<\/li>\n<li>IV \u201cArnoldo Ellerman memorial\u201d \u2013 Semi-final (1\/6\/1977 &#8211; 31\/3\/79): 143 players. Final (28\/5\/1979 &#8211; 20\/5\/81): 23 players. 1\u00ba Carlos A. Rinaldi (18).<\/li>\n<li>V \u201cFIDE Olympiad \u201878\u201d \u2013 Semi-final (10\/3\/1979 &#8211; 15\/11\/80): 142 players. Final (5\/12\/1980 &#8211; 5\/6\/82): 20 players. 1\u00ba Carlos A. Rinaldi (18).<\/li>\n<li>VI \u201cEugenio G. P\u00edder memorial\u201d \u2013 Preliminary (20\/4\/1982 &#8211; 15\/2\/84): 112 players. Final (1\/8\/1984 &#8211; 30\/8\/86): 15 players. 1\u00ba Enrique A. Cella (12\u00bd).<\/li>\n<li>VII \u201cArturo J. Loeffler\u201d \u2013 One stage (1\/10\/1985 &#8211; 1\/10\/87): 132 players, everybody played 20 games in 2 different groups. To the points were added 11 points by first place in his group, 10 by was second, etc. (Spanish Square System). 1\u00ba Alfredo J. Mozzino (41).<\/li>\n<\/ul>\n<p>&nbsp;<\/p>\n<p><strong>Argentine Master CC tournaments<\/strong><\/p>\n<ul>\n<li>I \u201cJorge (Jiri) Pelikan memorial\u201d (16\/5\/1983 &#8211; 16\/1\/85) \u2013 11 players. 1\u00ba Jorge E. Clarizza (8\u00bd).<\/li>\n<li>II \u201cEduardo B. Secchi Vigneau memorial\u201d (20\/1\/1992 &#8211; 20\/1\/95) \u2013 11 players. 1\u00ba Rub\u00e9n Berdichesky (9\u00bd).<\/li>\n<li>III \u201cBartolom\u00e9 J. Marcussi memorial\u201d (1\/3\/1994-1\/9\/96) \u2013 11 players. 1\u00ba Rub\u00e9n Berdichesky (8).<\/li>\n<li>IV \u201cDr. Miguel A. Rivas memorial\u201d (3\/8\/1999 &#8211; 29\/8\/01) \u2013 11 players.<\/li>\n<\/ul>\n<p><strong>Argentine Ladies CC championship<\/strong><\/p>\n<ul>\n<li>I \u201cMar\u00eda Berea de Benk\u00f6\u201d (1983-85) \u2013 10 ladies. 1\u00ba Liliana S. Fredes de Locio (9).<\/li>\n<li>II \u2013 Preliminary (1\/2\/1995-1\/2\/97): 20 ladies. Final (1\/7\/1997-1\/1\/00): 7 players, two games. 1\u00ba Liliana S. Fredes de Locio (11).<\/li>\n<li>III (2\/2\/1998-) \u2013 11 ladies \u2013 in progress.<\/li>\n<\/ul>\n<p>&nbsp;<\/p>\n<p>==<\/p>\n<div class=\"mceTemp\">\n<div id=\"attachment_3180\" style=\"width: 310px\" class=\"wp-caption alignnone\"><a href=\"http:\/\/kszgk.com\/iccf\/wp-content\/uploads\/2011\/08\/Deforel-Jorge1.jpg\"><img aria-describedby=\"caption-attachment-3180\" loading=\"lazy\" class=\"size-medium wp-image-3180\" title=\"LADAC\" src=\"http:\/\/kszgk.com\/iccf\/wp-content\/uploads\/2011\/08\/Deforel-Jorge1-300x203.jpg\" alt=\"\" width=\"300\" height=\"203\" srcset=\"https:\/\/kszgk.com\/iccf\/wp-content\/uploads\/2011\/08\/Deforel-Jorge1-300x203.jpg 300w, https:\/\/kszgk.com\/iccf\/wp-content\/uploads\/2011\/08\/Deforel-Jorge1-1024x693.jpg 1024w, https:\/\/kszgk.com\/iccf\/wp-content\/uploads\/2011\/08\/Deforel-Jorge1-150x101.jpg 150w, https:\/\/kszgk.com\/iccf\/wp-content\/uploads\/2011\/08\/Deforel-Jorge1-400x270.jpg 400w\" sizes=\"(max-width: 300px) 100vw, 300px\" \/><\/a><p id=\"caption-attachment-3180\" class=\"wp-caption-text\">3 LADAC-Argentina Presidents pictured at the &quot;Club Argentino de Ajedrez&quot; on 18.12.2011. From left to right: Dr. Jorge Eduardo Deforel, Carlos Leon Cranbourne, Dr. Claudio Javier Gon\u00e7alves<\/p><\/div>\n<\/div>\n<p>==<\/p>\n<p><!--nextpage--><\/p>\n<p>=============<\/p>\n<div class='chessboard-wrapper'><textarea id='pgn4web_f51f181d' style='display:none;' cols='40' rows='8'>   [Event \"\u00a0ICCF OLY-4\"]  [Site \"corr\"]  [Date \"1964\"]  [Round \"\"]  [White \"Honfi,H\"]  [Black \"Secchi Vigneau,E\"]  [Result \"0-1\"]  [Eco \"B88\"]  [Annotator \" Rinaldi \"]   1.e4\u00a0c5   <\/textarea><iframe src='https:\/\/kszgk.com\/iccf\/wp-content\/plugins\/embed-chessboard\/pgn4web\/board.html?am=n&amp;d=3000&amp;ig=f&amp;iv=0&amp;ih=s&amp;ss=26&amp;ps=d&amp;pf=d&amp;lch=E6CC98&amp;dch=AD826A&amp;bbch=E0E0E0&amp;hm=b&amp;hch=ABABAB&amp;bd=c&amp;cbch=F0F0F0&amp;ctch=696969&amp;hd=j&amp;md=f&amp;tm=13&amp;fhch=000000&amp;fhs=14&amp;fmch=190CCC&amp;fcch=595959&amp;hmch=E0E0E0&amp;fms=14&amp;fcs=m&amp;cd=i&amp;bch=FFFFFF&amp;fp=13&amp;hl=f&amp;fh=643&amp;fw=p&amp;pi=pgn4web_f51f181d' frameborder='0' width='100%' height='643' scrolling='no' marginheight='0' marginwidth='0'>your web browser and\/or your host do not support iframes as required to display the chessboard; alternatively your wordpress theme might suppress the html iframe tag from articles or excerpts<\/iframe><\/div>\n<\/div>\n","protected":false},"excerpt":{"rendered":"\n<p>Name of Federation: Liga Argentina de Ajedrez por Correspondencia (LADAC)<\/p>\n<p>Year of Foundation: 1945<\/p>\n<p>ICCF Delegate &amp; E-Mail contact: Juan Alberto Martello (juanmartello@gmail.com)<\/p>\n<p>Website: http:\/\/www.ladac.org.ar\/<\/p>\n<p>Article provided by: Juan Carlos P\u00e9rez Rodr\u00edguez and H\u00e9ctor Ricardo Zabala, updated by Carlos Cranbourne<\/p>\n<p>More than 50 years of Correspondence Chess History in Argentina LADAC was not only [&#8230;]<\/p>\n","protected":false},"author":1,"featured_media":0,"parent":706,"menu_order":1,"comment_status":"closed","ping_status":"open","template":"","meta":{"ngg_post_thumbnail":0},"_links":{"self":[{"href":"https:\/\/kszgk.com\/iccf\/index.php?rest_route=\/wp\/v2\/pages\/770"}],"collection":[{"href":"https:\/\/kszgk.com\/iccf\/index.php?rest_route=\/wp\/v2\/pages"}],"about":[{"href":"https:\/\/kszgk.com\/iccf\/index.php?rest_route=\/wp\/v2\/types\/page"}],"author":[{"embeddable":true,"href":"https:\/\/kszgk.com\/iccf\/index.php?rest_route=\/wp\/v2\/users\/1"}],"replies":[{"embeddable":true,"href":"https:\/\/kszgk.com\/iccf\/index.php?rest_route=%2Fwp%2Fv2%2Fcomments&post=770"}],"version-history":[{"count":15,"href":"https:\/\/kszgk.com\/iccf\/index.php?rest_route=\/wp\/v2\/pages\/770\/revisions"}],"predecessor-version":[{"id":1393,"href":"https:\/\/kszgk.com\/iccf\/index.php?rest_route=\/wp\/v2\/pages\/770\/revisions\/1393"}],"up":[{"embeddable":true,"href":"https:\/\/kszgk.com\/iccf\/index.php?rest_route=\/wp\/v2\/pages\/706"}],"wp:attachment":[{"href":"https:\/\/kszgk.com\/iccf\/index.php?rest_route=%2Fwp%2Fv2%2Fmedia&parent=770"}],"curies":[{"name":"wp","href":"https:\/\/api.w.org\/{rel}","templated":true}]}}