{"id":578,"date":"2011-08-09T12:39:13","date_gmt":"2011-08-09T10:39:13","guid":{"rendered":"http:\/\/szachykorespondencyjne.org.pl\/?page_id=578"},"modified":"2014-05-11T11:28:46","modified_gmt":"2014-05-11T09:28:46","slug":"world-championships","status":"publish","type":"page","link":"https:\/\/kszgk.com\/iccf\/?page_id=578","title":{"rendered":"World Championships"},"content":{"rendered":"<h2>World Correspondence Chess Championships<\/h2>\n<h4><strong>World Champions<\/strong><\/h4>\n<p>Click on WC number in the first column to learn more details (e.g. score table, bio note of World Champion, his game)<\/p>\n<table border=\"3\">\n<tbody>\n<tr>\n<th width=\"35\" height=\"19\">WC #<\/th>\n<th width=\"30\">T<\/th>\n<th width=\"30\">Cat<\/th>\n<th width=\"90\">Period<\/th>\n<th width=\"225\">Champion<\/th>\n<th width=\"225\">1st Vice-champion<\/th>\n<th width=\"225\">2nd\u00a0Vice-champion<\/th>\n<\/tr>\n<tr>\n<td height=\"23\"><a href=\"http:\/\/kszgk.com\/iccf\/?page_id=566\">1<\/a><\/td>\n<td>p<\/td>\n<td><\/td>\n<td>1950-1953<\/td>\n<td class=\"vis-name\">Purdy, Cecil (AUS)<\/td>\n<td>Malmgren, Harald (SWE)<\/td>\n<td>Napolitano, Mario (ITA)<\/td>\n<\/tr>\n<tr>\n<td height=\"23\"><a href=\"http:\/\/kszgk.com\/iccf\/?page_id=566&amp;page=2\">2<\/a><\/td>\n<td width=\"30\">p<\/td>\n<td width=\"30\"><\/td>\n<td>1956-1959<\/td>\n<td class=\"vis-name\">Ragozin, Vyacheslav (URS)<\/td>\n<td>Endzelins, Lucius (AUS)<\/td>\n<td>Schmid, Lothar (GER)<\/td>\n<\/tr>\n<tr>\n<td height=\"23\"><a href=\"http:\/\/kszgk.com\/iccf\/?page_id=566&amp;page=3\">3<\/a><\/td>\n<td width=\"30\">p<\/td>\n<td width=\"30\"><\/td>\n<td>1959-1962<\/td>\n<td class=\"vis-name\">O&#8217;Kelly de Galway, Alberic (BEL)<\/td>\n<td>Dubinin, Piotr (URS)<\/td>\n<td>Lundqvist, Ake (SWE)<\/td>\n<\/tr>\n<tr>\n<td height=\"23\"><a href=\"http:\/\/kszgk.com\/iccf\/?page_id=566&amp;page=4\">4<\/a><\/td>\n<td width=\"30\">p<\/td>\n<td width=\"30\"><\/td>\n<td>1962-1965<\/td>\n<td class=\"vis-name\">Zagorovsky, Vladimir (URS)<\/td>\n<td>Borisenko, Georgy (URS)<\/td>\n<td>Arlauskas, Romanas (AUS)<\/td>\n<\/tr>\n<tr>\n<td height=\"23\"><a href=\"http:\/\/kszgk.com\/iccf\/?page_id=566&amp;page=5\">5<\/a><\/td>\n<td width=\"30\">p<\/td>\n<td width=\"30\"><\/td>\n<td>1965-1968<\/td>\n<td class=\"vis-name\">Berliner, Hans (USA)<\/td>\n<td>Hybl, Jaroslav (CSR)<\/td>\n<td>Husak, Karel (CSR)<\/td>\n<\/tr>\n<tr>\n<td height=\"23\"><a href=\"http:\/\/kszgk.com\/iccf\/?page_id=566&amp;page=6\">6<\/a><\/td>\n<td width=\"30\">p<\/td>\n<td width=\"30\"><\/td>\n<td>1968-1971<\/td>\n<td class=\"vis-name\">Rittner, Horst Robert (GDR)<\/td>\n<td>Zagorovsky, Vladimir (URS)<\/td>\n<td>Estrin, Yacov (URS)<\/td>\n<\/tr>\n<tr>\n<td height=\"23\"><a href=\"http:\/\/kszgk.com\/iccf\/?page_id=566&amp;page=7\">7<\/a><\/td>\n<td width=\"30\">p<\/td>\n<td width=\"30\"><\/td>\n<td>1972-1976<\/td>\n<td class=\"vis-name\">Estrin, Yacov (URS)<\/td>\n<td>Boey, Josef (BEL)<\/td>\n<td>Zagorovsky, Vladimir (URS)<\/td>\n<\/tr>\n<tr>\n<td height=\"23\"><a href=\"http:\/\/kszgk.com\/iccf\/?page_id=566&amp;page=8\">8<\/a><\/td>\n<td width=\"30\">p<\/td>\n<td width=\"30\"><\/td>\n<td>1975-1980<\/td>\n<td class=\"vis-name\">Sloth, Jorn (DEN)<\/td>\n<td>Zagorovsky, Vladimir (URS)<\/td>\n<td>Kosenkov, Vsevolod (URS)<\/td>\n<\/tr>\n<tr>\n<td height=\"23\"><a href=\"http:\/\/kszgk.com\/iccf\/?page_id=566&amp;page=9\">9<\/a><\/td>\n<td width=\"30\">p<\/td>\n<td width=\"30\"><\/td>\n<td>1977-1983<\/td>\n<td class=\"vis-name\">Oim, Tonu (URS)<\/td>\n<td>Baumbach, Fritz (GDR)<\/td>\n<td>Mikhailov, Aleksey (URS)<\/td>\n<\/tr>\n<tr>\n<td height=\"23\"><a href=\"http:\/\/kszgk.com\/iccf\/?page_id=566&amp;page=10\">10<\/a><\/td>\n<td width=\"30\">p<\/td>\n<td width=\"30\"><\/td>\n<td>1978-1984<\/td>\n<td class=\"vis-name\">Palciauskas, Vytas (USA)<\/td>\n<td>Morgado, Juan Sebastian (ARG)<\/td>\n<td>Richardson, Keith (ENG)<\/td>\n<\/tr>\n<tr>\n<td height=\"23\"><a href=\"http:\/\/kszgk.com\/iccf\/?page_id=1915\">11<\/a><\/td>\n<td width=\"30\">p<\/td>\n<td width=\"30\"><\/td>\n<td>1983-1989<\/td>\n<td class=\"vis-name\">Baumbach, Fritz (GDR)<\/td>\n<td>Nesis, Gennadi (URS)<\/td>\n<td>Mikhailov, Aleksey (URS)<\/td>\n<\/tr>\n<tr>\n<td height=\"23\"><a href=\"http:\/\/kszgk.com\/iccf\/?page_id=1915&amp;page=2\">12<\/a><\/td>\n<td width=\"30\">p<\/td>\n<td width=\"30\"><\/td>\n<td>1984-1991<\/td>\n<td class=\"vis-name\">Sanakoev, Grigory (URS)<\/td>\n<td>Franzen, Josef (SVK)<\/td>\n<td>Kauranen, Risto (FIN)<\/td>\n<\/tr>\n<tr>\n<td height=\"23\"><a href=\"http:\/\/kszgk.com\/iccf\/?page_id=1915&amp;page=3\">13<\/a><\/td>\n<td width=\"30\">p<\/td>\n<td width=\"30\"><\/td>\n<td>1989-1998<\/td>\n<td class=\"vis-name\">Umansky, Mikhail M. (RUS)<\/td>\n<td>Bang, Erik B.H. (DEN)<\/td>\n<td>Penrose, Jonathan (ENG)<\/td>\n<\/tr>\n<tr>\n<td height=\"23\"><a href=\"http:\/\/kszgk.com\/iccf\/?page_id=1915&amp;page=4\">14<\/a><\/td>\n<td width=\"30\">p<\/td>\n<td width=\"30\">12<\/td>\n<td>1994-2000<\/td>\n<td class=\"vis-name\">Oim, Tonu (URS)<\/td>\n<td>Ekebjaerg, Ove (DEN)<\/td>\n<td>Lecroq, Michel (FRA)<\/td>\n<\/tr>\n<tr>\n<td height=\"23\"><a href=\"http:\/\/kszgk.com\/iccf\/?page_id=1915&amp;page=5\">15<\/a><\/td>\n<td width=\"30\">p<\/td>\n<td width=\"30\">13<\/td>\n<td>1996-2002<\/td>\n<td class=\"vis-name\">Timmermann, Gert Jan (NED)<\/td>\n<td>Oosterom, Joop J. van (NED)<\/td>\n<td>Poulsen, Allan (DEN)<\/td>\n<\/tr>\n<tr>\n<td height=\"23\"><a href=\"http:\/\/kszgk.com\/iccf\/?page_id=1915&amp;page=6\">16<\/a><\/td>\n<td width=\"30\">p<\/td>\n<td width=\"30\">14<\/td>\n<td>1999-2004<\/td>\n<td class=\"vis-name\">Hamarat, Tunc (AUT)<\/td>\n<td>Maliangkay, Ruud (NED)<\/td>\n<td>Samarin, Igor (RUS)<\/td>\n<\/tr>\n<tr>\n<td height=\"23\"><a href=\"http:\/\/kszgk.com\/iccf\/?page_id=1915&amp;page=7\">17<\/a><\/td>\n<td width=\"30\">p<\/td>\n<td width=\"30\">13<\/td>\n<td>2002-2007<\/td>\n<td class=\"vis-name\">Bern, Ivar (NOR)<\/td>\n<td>Rohde, Wolfgang (GER)<\/td>\n<td>Neumann, Joachim (GER)<\/td>\n<\/tr>\n<tr>\n<td height=\"23\"><a href=\"http:\/\/kszgk.com\/iccf\/?page_id=1915&amp;page=8\">18<\/a><\/td>\n<td width=\"30\">e<\/td>\n<td width=\"30\">15<\/td>\n<td>2003-2005<\/td>\n<td class=\"vis-name\">Oosterom, Joop J. van (NED)<\/td>\n<td>Elwert, Hans-Marcus (GER)<\/td>\n<td>Sch\u00f6n, Wolfram (GER)<\/td>\n<\/tr>\n<tr>\n<td height=\"23\"><a href=\"http:\/\/kszgk.com\/iccf\/?page_id=1915&amp;page=9\">19<\/a><\/td>\n<td width=\"30\">e<\/td>\n<td width=\"30\">15<\/td>\n<td>2004-2007<\/td>\n<td class=\"vis-name\">L\u00e9otard, Christophe (FRA)<\/td>\n<td>Gerhardt, Frank (GER)<\/td>\n<td>Lepikhov, Aleksey (UKR)<\/td>\n<\/tr>\n<tr>\n<td height=\"23\"><a href=\"http:\/\/kszgk.com\/iccf\/?page_id=1915&amp;page=10\">20<\/a><\/td>\n<td width=\"30\">p<\/td>\n<td width=\"30\">13<\/td>\n<td>2004-2011<\/td>\n<td class=\"vis-name\">Lehikoinen, Pertti (FIN)<\/td>\n<td>Winge, Stefan (SWE)<\/td>\n<td>Kratochv\u00edl, Milo\u0161 (CZE)<\/td>\n<\/tr>\n<tr>\n<td height=\"23\"><a href=\"http:\/\/kszgk.com\/iccf\/?page_id=1917\">21<\/a><\/td>\n<td width=\"30\">e<\/td>\n<td width=\"30\">14<\/td>\n<td>2005-2008<\/td>\n<td class=\"vis-name\">Oosterom, Joop J. van (NED)<\/td>\n<td>Ugge, Dr. Alexander J. (CAN)<\/td>\n<td>Busemann, Dr. Stephan (GER)<\/td>\n<\/tr>\n<tr>\n<td height=\"23\"><a href=\"http:\/\/kszgk.com\/iccf\/?page_id=1917&amp;page=2\">22<\/a><\/td>\n<td width=\"30\">s<\/td>\n<td width=\"30\">13<\/td>\n<td>2007-2010<\/td>\n<td class=\"vis-name\">Dronov, Aleksandr S. (RUS)<\/td>\n<td>B\u00fccker, J\u00fcrgen (GER)<\/td>\n<td>Oosterom, Joop J. van (NED)<\/td>\n<\/tr>\n<tr>\n<td height=\"23\"><a href=\"http:\/\/kszgk.com\/iccf\/?page_id=1917&amp;page=3\">23<\/a><\/td>\n<td width=\"30\">s<\/td>\n<td width=\"30\">13<\/td>\n<td>2007-2011<\/td>\n<td class=\"vis-name\">Stephan, Ulrich (GER)<\/td>\n<td>Winckelmann, Thomas (GER)<\/td>\n<td>Hoeven, David A. van der (NED)<\/td>\n<\/tr>\n<tr>\n<td height=\"23\"><a href=\"http:\/\/kszgk.com\/iccf\/?page_id=1917&amp;page=4\">24<\/a><\/td>\n<td width=\"30\">s<\/td>\n<td width=\"30\">12<\/td>\n<td>2009-2012<\/td>\n<td class=\"vis-name\">\u0160emrl, Marjan (SLO)<\/td>\n<td>Wunderlich, Dr. Hans-Dieter (GER)<\/td>\n<td>Turgut, Tansel (TUR)<\/td>\n<\/tr>\n<tr>\n<td height=\"23\"><a href=\"http:\/\/kszgk.com\/iccf\/?page_id=1917&amp;page=5\">25<\/a><\/td>\n<td width=\"30\">s<\/td>\n<td width=\"30\">14<\/td>\n<td>2009-2013<\/td>\n<td class=\"vis-name\">Finocchiaro, Fabio (ITA)<\/td>\n<td>Hall, Richard V. M. (ENG)<\/td>\n<td>Vassia, Elio (ITA)<\/td>\n<\/tr>\n<tr>\n<td height=\"23\"><a href=\"http:\/\/kszgk.com\/iccf\/?page_id=1917&amp;page=6\">26<\/a><\/td>\n<td width=\"30\">s<\/td>\n<td width=\"30\">13<\/td>\n<td>2010-?<\/td>\n<td class=\"vis-name\">Langeveld, Ron (NED)<\/td>\n<td>\u015eerban, Florin (ROU)<\/td>\n<td>Leit\u00e3o, Rafael (BRA)<\/td>\n<\/tr>\n<tr>\n<td height=\"23\"><a href=\"http:\/\/kszgk.com\/iccf\/?page_id=1917&amp;page=7\">27<\/a><\/td>\n<td width=\"30\">s<\/td>\n<td width=\"30\">14<\/td>\n<td>2011-2014<\/td>\n<td class=\"vis-name\">Dronov, Aleksandr S. (RUS)<\/td>\n<td>Kribben, Dr. Matthias (GER)<\/td>\n<td>Mahling, Thomas (GER)<\/td>\n<\/tr>\n<tr>\n<td height=\"23\">28<\/td>\n<td width=\"30\">s<\/td>\n<td width=\"30\">14<\/td>\n<td>2013-<\/td>\n<td class=\"vis-name\"><\/td>\n<td><\/td>\n<td><\/td>\n<\/tr>\n<tr>\n<td height=\"23\">29<\/td>\n<td width=\"30\"><\/td>\n<td width=\"30\"><\/td>\n<td>2015-<\/td>\n<td class=\"vis-name\"><\/td>\n<td><\/td>\n<td><\/td>\n<\/tr>\n<\/tbody>\n<\/table>\n<p>Legend:<\/p>\n<p>T=method of transmission, p=postal, e=email, s=server<\/p>\n<p>====<\/p>\n<h2>Ladies World Correspondence Chess Championships<\/h2>\n<h4><strong>Lady World Champions<\/strong><\/h4>\n<p>Click on WC number in the first column to learn more details (e.g. score table, bio note of Lady World Champion, her game)<\/p>\n<table border=\"3\">\n<tbody>\n<tr>\n<th width=\"35\" height=\"19\">WC #<\/th>\n<th width=\"45\">T<\/th>\n<th width=\"45\">Cat<\/th>\n<th width=\"90\">Period<\/th>\n<th width=\"225\">Lady Champion<\/th>\n<th width=\"225\">1st Vice-champion<\/th>\n<th width=\"225\">2nd\u00a0Vice-champion<\/th>\n<\/tr>\n<tr>\n<td height=\"23\"><a href=\"http:\/\/kszgk.com\/iccf\/?page_id=568\">1<\/a><\/td>\n<td>p<\/td>\n<td><\/td>\n<td>1968-1972<\/td>\n<td class=\"vis-name\">Rubzova, Olga (URS)<\/td>\n<td>Schoisswohl, Gertrude (AUT)<\/td>\n<td>Jakovleva, Lora (URS)<\/td>\n<\/tr>\n<tr>\n<td height=\"23\"><a href=\"http:\/\/kszgk.com\/iccf\/?page_id=568&amp;page=2\">2<\/a><\/td>\n<td>p<\/td>\n<td><\/td>\n<td>1972-1977<\/td>\n<td class=\"vis-name\">Jakovleva, Lora (URS)<\/td>\n<td>Rubzova, Olga (URS)<\/td>\n<td>R\u00f5tova, Merike (URS)<\/td>\n<\/tr>\n<tr>\n<td height=\"23\"><a href=\"http:\/\/kszgk.com\/iccf\/?page_id=568&amp;page=3\">3<\/a><\/td>\n<td>p<\/td>\n<td><\/td>\n<td>1978-1984<\/td>\n<td class=\"vis-name\">Kristol, Ljuba (ISR)<\/td>\n<td>R\u00f5tova, Merike (URS)<\/td>\n<td>Jakovleva, Lora (URS)<\/td>\n<\/tr>\n<tr>\n<td height=\"23\"><a href=\"http:\/\/kszgk.com\/iccf\/?page_id=568&amp;page=4\">4<\/a><\/td>\n<td>p<\/td>\n<td><\/td>\n<td>1984-1992<\/td>\n<td class=\"vis-name\">Belavenets, Lyudmila (RUS)<\/td>\n<td>Orlova, Nina (RUS)<\/td>\n<td>Kristol, Ljuba (ISR)<\/td>\n<\/tr>\n<tr>\n<td height=\"23\"><a href=\"http:\/\/kszgk.com\/iccf\/?page_id=568&amp;page=5\">5<\/a><\/td>\n<td>p<\/td>\n<td><\/td>\n<td>1993-1998<\/td>\n<td class=\"vis-name\">Kristol, Ljuba (ISR)<\/td>\n<td>Priedite, Ingrida (LAT)<\/td>\n<td>Mo\u017en\u00e1, Eva (CZE)<\/td>\n<\/tr>\n<tr>\n<td height=\"23\"><a href=\"http:\/\/kszgk.com\/iccf\/?page_id=568&amp;page=6\">6<\/a><\/td>\n<td>p<\/td>\n<td>0 (L12)<\/td>\n<td>2000-2005<\/td>\n<td class=\"vis-name\">Riegler, Alessandra (ITA)<\/td>\n<td>Zel\u010di\u0107, Maja (CRO)<\/td>\n<td>Hor\u00e1\u010dkov\u00e1, Vlasta (CZE)<\/td>\n<\/tr>\n<tr>\n<td height=\"23\"><a href=\"http:\/\/kszgk.com\/iccf\/?page_id=568&amp;page=7\">7<\/a><\/td>\n<td>p<\/td>\n<td>2 (L14)<\/td>\n<td>2002-2006<\/td>\n<td class=\"vis-name\">Sukhareva, Olga (RUS)<\/td>\n<td>Jones, Mrs. Mary E. (ENG)<\/td>\n<td>Siewert, Mrs. Myrna (GER)<\/td>\n<\/tr>\n<tr>\n<td height=\"23\"><a href=\"http:\/\/kszgk.com\/iccf\/?page_id=568&amp;page=8\">8<\/a><\/td>\n<td>s<\/td>\n<td>2 (L14)<\/td>\n<td>2007-2010<\/td>\n<td class=\"vis-name\">Sukhareva, Olga (RUS)<\/td>\n<td>Ba\u017eantov\u00e1, Marie (CZE)<\/td>\n<td>Fl\u00fcgel, Ricarda (GER)<\/td>\n<\/tr>\n<tr>\n<td height=\"23\"><a href=\"http:\/\/kszgk.com\/iccf\/?page_id=568&amp;page=9\">9<\/a><\/td>\n<td>s<\/td>\n<td>2 (L14)<\/td>\n<td>2011-<\/td>\n<td class=\"vis-name\"><\/td>\n<td><\/td>\n<td><\/td>\n<\/tr>\n<tr>\n<td height=\"23\">10<\/td>\n<td><\/td>\n<td><\/td>\n<td>2013-<\/td>\n<td class=\"vis-name\"><\/td>\n<td><\/td>\n<td><\/td>\n<\/tr>\n<\/tbody>\n<\/table>\n<p>Legend:<\/p>\n<p>T=method of transmission, p=postal, e=email, s=server<\/p>\n<p>===<\/p>\n","protected":false},"excerpt":{"rendered":"<p> World Correspondence Chess Championships World Champions <\/p>\n<p>Click on WC number in the first column to learn more details (e.g. score table, bio note of World Champion, his game)<\/p>\n<p> WC # T Cat Period Champion 1st Vice-champion 2nd Vice-champion 1 p 1950-1953 Purdy, Cecil (AUS) Malmgren, Harald (SWE) Napolitano, Mario (ITA) 2 p 1956-1959 Ragozin, [&#8230;]<\/p>\n","protected":false},"author":1,"featured_media":0,"parent":299,"menu_order":2,"comment_status":"closed","ping_status":"open","template":"","meta":{"ngg_post_thumbnail":0},"_links":{"self":[{"href":"https:\/\/kszgk.com\/iccf\/index.php?rest_route=\/wp\/v2\/pages\/578"}],"collection":[{"href":"https:\/\/kszgk.com\/iccf\/index.php?rest_route=\/wp\/v2\/pages"}],"about":[{"href":"https:\/\/kszgk.com\/iccf\/index.php?rest_route=\/wp\/v2\/types\/page"}],"author":[{"embeddable":true,"href":"https:\/\/kszgk.com\/iccf\/index.php?rest_route=\/wp\/v2\/users\/1"}],"replies":[{"embeddable":true,"href":"https:\/\/kszgk.com\/iccf\/index.php?rest_route=%2Fwp%2Fv2%2Fcomments&post=578"}],"version-history":[{"count":41,"href":"https:\/\/kszgk.com\/iccf\/index.php?rest_route=\/wp\/v2\/pages\/578\/revisions"}],"predecessor-version":[{"id":3984,"href":"https:\/\/kszgk.com\/iccf\/index.php?rest_route=\/wp\/v2\/pages\/578\/revisions\/3984"}],"up":[{"embeddable":true,"href":"https:\/\/kszgk.com\/iccf\/index.php?rest_route=\/wp\/v2\/pages\/299"}],"wp:attachment":[{"href":"https:\/\/kszgk.com\/iccf\/index.php?rest_route=%2Fwp%2Fv2%2Fmedia&parent=578"}],"curies":[{"name":"wp","href":"https:\/\/api.w.org\/{rel}","templated":true}]}}