{"id":3204,"date":"2012-02-09T07:17:08","date_gmt":"2012-02-09T06:17:08","guid":{"rendered":"http:\/\/kszgk.com\/iccf\/?page_id=3204"},"modified":"2012-10-23T15:16:23","modified_gmt":"2012-10-23T13:16:23","slug":"spain","status":"publish","type":"page","link":"https:\/\/kszgk.com\/iccf\/?page_id=3204","title":{"rendered":"Spain"},"content":{"rendered":"<p><strong>Name of Federation<\/strong>: Asociaci\u00f3n Espa\u00f1ola de Ajedrez por Correspondencia (AEAC)<\/p>\n<p><strong>Year of Foundation<\/strong>: 1941\/ from 2002 as AEAC<\/p>\n<p><strong>ICCF Delegate &amp; <strong>E-Mail contact<\/strong><\/strong>: Carlos Flores Guti\u00e9rrez (<a href=\"mailto:florescar@matepostal.com\">florescar@matepostal.com<\/a>)<\/p>\n<p><strong>Website<\/strong>: <a href=\"http:\/\/www.matepostal.com\/\" target=\"_blank\">http:\/\/www.matepostal.com\/<\/a><\/p>\n<p><strong>Article provided by<\/strong>: \u201cMate Postal\u201d Group<\/p>\n<p>&nbsp;<\/p>\n<div class=\"jwl_one_half\">\n<h4>Short History<\/h4>\n<p>Until now the oldest game played by correspondence in Spain of which we preserved full development and data was disputed in 1865 between two chess clubs domiciled in the cities of Gijon and Oviedo, as it was published by Pablo Mor\u00e1n Santamar\u00eda in our magazine \u201cMate Postal\u201d. However recently, thanks to research conducted by our partner and collaborator Carlos Mart\u00edn S\u00e1nchez fortune has brought the discovery of an even former game. It was played from March to June of 1850 between a Mr. William Henderson and several members of the club \u201cCirculo Cartagenero\u201d of the city of Cartagena and the development of the game was published move after move in a local newspaper from 24 of March till 2nd June 1850.<\/p>\n<p>The first Spanish organization dedicated exclusively to correspondence chess was founded in 1941 under the acronym FEDA-SAC. Ten years later the Spanish Chess Federation (FEDA) created their own \u201cVocal\u00eda de Ajedrez Postal\u201d and nominated Luis Marim\u00f3n Riera as Postal Chess member in its Executive Board. After a period of time when the activities of correspondence chess is largely irrelevant in our country, the Catalan Chess Federation decided in 1961 to organize the Catalonia Postal Chess Championship, that after two editions become &#8220;Open&#8221; and in 1969 the IX Spanish Postal Chess Championships. Almost at the same time, Carlos Ros Mir\u00f3 Postal Chess Commissioner within the Catalan Chess Federation Carlos was appointed to the same position in the Spanish Chess Federation.<\/p>\n<p>In 1974 Alfonso Campoy Moreno &#8211; a regular postal player &#8211; is elected President of the Spanish Chess Federation and under his leadership FEDA agreed to support postal chess, substantially increasing the financial aid to this modality of the game. With this help, Carlos Ros began publishing the newsletter \u201cMate Postal\u201d, organized all kind of national and international tournaments, and decided to devote his life to work with and for correspondence chess.<\/p>\n<p>A few years later FEDA Board was occupied by other persons and the financial support to postal chess disappeared from their budgets. For those reasons in 1983 is created the \u201cComisi\u00f3n Permanente de Ajedrez Postal (CPAP)\u201d, a kind of Association still connected with FEDA but acting quite independently.<\/p>\n<p>Finally, in January 2002 we decided to operate as an independent CC organization and founded the \u201cAsociaci\u00f3n Espa\u00f1ola de Ajedrez por Correspondencia (AEAC)\u201d who has been ruling the destiny of correspondence chess in Spain during the last 10 years.<\/p>\n<h4>Principal Achievements<\/h4>\n<p>A Spanish team (Lafarga Santorrom\u00e1n, Mart\u00edn Clemente, Drake D\u00edez de Rivera, C\u00e1novas Pordomingo, Velilla Velasco and Besc\u00f3s Anzano) has won the Silver Medal in Olympiad XVII.<\/p>\n<p>A Spanish team (Reig Pi\u00f1ol, Fern\u00e1ndez Vicente, Moreno Carretero and Mart\u00ed Pericot) won the \u201cMare Nostrum III\u201d tournament.<\/p>\n<p>A Spanish team (Cuadrado Wentwort-Hyde, Penades Ordaz, Fern\u00e1ndez Vicente, Reig Pi\u00f1ol, De Carlos Arregui, S\u00e1nchez R\u00f3denas, Pe\u00f1afiel L\u00f3pez and Rodr\u00edguez Rey) won the \u201cNorth Atlantic VI\u201d tournament.<\/p>\n<p>A Spanish team (Cruzado Due\u00f1as, Alonso G\u00f3nzalez, Mart\u00ed Pericot, Santos Crespo, P\u00e9rez Fern\u00e1ndez y Penades Ordaz) has won the Section 5 in the Preliminaries of the XVIII Olympiad, obtaining the classification for the next Olympiad Final.<\/p>\n<p>A Spanish team (Cruzado Due\u00f1as, Punz\u00f3n Moraleda, Penades Ordaz, Rodr\u00edguez Amezqueta, De Carlos Arregui, Rosa Ram\u00edrez, Tarr\u00edo Oca\u00f1a, Pe\u00f1afiel L\u00f3pez, Landero Luna and De Blois Figueredo) placed second in the \u201cChessfriends Rochade 5171 &#8211; 20 years\u201d, scoring 2,5 points more than the actual winner of the tournament!!.<\/p>\n<p>Carlos Cruzado Due\u00f1as won the title of European Champion in the 66th Championship.<\/p>\n<p>Several Spanish players classified for the World Championship Finals: Josep Mercadal Benejam (XX), Pedro Drake D\u00edez de Rivera (XXII), Joel Mart\u00edn Clemente (XXIII and XXVI), Francisco Javier Mu\u00f1oz Moreno (XXIV) and Juan Manuel Mart\u00ed Pericot (XXVI).<\/p>\n<p>Miguel \u00c1ngel C\u00e1novas Pordomingo was the winner of \u201cAEAC 5 Years \u2013 Alcazaba\u201d tournament (Category XII).<\/p>\n<p>Joel Mart\u00edn Clemente was the winner of \u201cAEAC 5 Year \u2013 Alhambra\u201d tournament (Category XII).<\/p>\n<p>Francisco de As\u00eds Velilla Velasco was the winner of \u201cCarlos Ros Mir\u00f3 Memorial\u201d tournament (Category VII)<\/p>\n<p>Manuel Jes\u00fas Besc\u00f3s Anzano was the winner of \u201cCarlos Ros Mir\u00f3 Memorial\u201d tournament (Category VII)<\/p>\n<p>At 31.08.2012, Spain has (some of them inactive):<\/p>\n<ul>\n<li>10 CC Grandmasters<\/li>\n<li>11 CC Senior International Masters<\/li>\n<li>28 CC International Masters<\/li>\n<li>2 CC Lady International Masters<\/li>\n<li>5\u00a0International Arbiters<\/li>\n<\/ul>\n<p>===<\/p>\n<h4>CC\u00a0Champions of Spain<\/h4>\n<p>1st (unofficial) (1880-1890) M. Herrero; 2nd (unofficial) (1941-1942) Luis Mundi; 3rd (unofficial) (1st official, 1948-1951) Santiago Mart\u00ednez Mocete; 4th (unofficial) (2nd official, 1956-1958) Miguel Albareda Creus. We have not found the winners of the 5th, 6th , 7th and 8th Championships. 9th (1969-1973) Francisco Ballb\u00e9 Anglada; 10th (1971-1975) Ernesto Palacios de la Prida; 11th (1972-1976) Rosendo Planas Ferret; 12th (1973-1977) Rosendo Planas Ferret; 13th (1973-1977) Rosendo Planas Ferret: 14th (1974-1978) Enrique Pascual Gras; 15th (1975-1979) Josep Garriga Nualart; 16th (1976-1980) Santiago Bonay Toscas; 17th (1986-1988) Josep Garriga Nualart; 18th (1986-1991) Josep M\u00aa. Pons Ribot; 19th (1991-1994) Ricardo Montecatine R\u00edos; 20th (1995-1999) Juan Ram\u00f3n Garc\u00eda Orenes; 21st (2000-2004) Pedro Drake D\u00edez de Rivera; 22nd (2003-2006) Jos\u00e9 Mercadal Benejam; \u00a023rd (2003-2005) Francisco Javier Mu\u00f1oz Moreno; 24th (2005-2008) Ignacio Santos Crespo; 25th (2007-2009) Javier Asturiano Molina; 26th (2009-2012) Javier Asturiano Molina; 27th (2011-ongoing).<\/p>\n<p><\/div> <div class=\"jwl_one_half last\"><\/p>\n<h4>Pictures<\/h4>\n<p>===<\/p>\n<div id=\"attachment_3743\" style=\"width: 310px\" class=\"wp-caption alignnone\"><a href=\"http:\/\/kszgk.com\/iccf\/wp-content\/uploads\/2012\/02\/GM-David-Lafarga-AEAC-President.jpg\"><img aria-describedby=\"caption-attachment-3743\" loading=\"lazy\" class=\"size-medium wp-image-3743\" title=\"GM David Lafarga - AEAC President\" src=\"http:\/\/kszgk.com\/iccf\/wp-content\/uploads\/2012\/02\/GM-David-Lafarga-AEAC-President-300x247.jpg\" alt=\"\" width=\"300\" height=\"247\" srcset=\"https:\/\/kszgk.com\/iccf\/wp-content\/uploads\/2012\/02\/GM-David-Lafarga-AEAC-President-300x247.jpg 300w, https:\/\/kszgk.com\/iccf\/wp-content\/uploads\/2012\/02\/GM-David-Lafarga-AEAC-President-150x123.jpg 150w, https:\/\/kszgk.com\/iccf\/wp-content\/uploads\/2012\/02\/GM-David-Lafarga-AEAC-President.jpg 314w\" sizes=\"(max-width: 300px) 100vw, 300px\" \/><\/a><p id=\"caption-attachment-3743\" class=\"wp-caption-text\">GM David Lafarga &#8211; AEAC President<\/p><\/div>\n<p>&nbsp;<\/p>\n<div id=\"attachment_3752\" style=\"width: 301px\" class=\"wp-caption alignnone\"><a href=\"http:\/\/kszgk.com\/iccf\/wp-content\/uploads\/2012\/02\/Carlos-Flores-ICCF-Delegate.jpg\"><img aria-describedby=\"caption-attachment-3752\" loading=\"lazy\" class=\"size-medium wp-image-3752\" title=\"Carlos Flores - ICCF Delegate\" src=\"http:\/\/kszgk.com\/iccf\/wp-content\/uploads\/2012\/02\/Carlos-Flores-ICCF-Delegate-291x300.jpg\" alt=\"\" width=\"291\" height=\"300\" srcset=\"https:\/\/kszgk.com\/iccf\/wp-content\/uploads\/2012\/02\/Carlos-Flores-ICCF-Delegate-291x300.jpg 291w, https:\/\/kszgk.com\/iccf\/wp-content\/uploads\/2012\/02\/Carlos-Flores-ICCF-Delegate-993x1024.jpg 993w, https:\/\/kszgk.com\/iccf\/wp-content\/uploads\/2012\/02\/Carlos-Flores-ICCF-Delegate-145x150.jpg 145w, https:\/\/kszgk.com\/iccf\/wp-content\/uploads\/2012\/02\/Carlos-Flores-ICCF-Delegate-400x412.jpg 400w, https:\/\/kszgk.com\/iccf\/wp-content\/uploads\/2012\/02\/Carlos-Flores-ICCF-Delegate.jpg 1808w\" sizes=\"(max-width: 291px) 100vw, 291px\" \/><\/a><p id=\"caption-attachment-3752\" class=\"wp-caption-text\">Carlos Flores &#8211; ICCF Delegate<\/p><\/div>\n<p>&nbsp;<\/p>\n<div id=\"attachment_3744\" style=\"width: 157px\" class=\"wp-caption alignnone\"><a href=\"http:\/\/kszgk.com\/iccf\/wp-content\/uploads\/2012\/02\/Cecilio-Hern\u00e1ez-AEAC-General-Secretary.jpg\"><img aria-describedby=\"caption-attachment-3744\" loading=\"lazy\" class=\"size-full wp-image-3744\" title=\"Cecilio Hern\u00e1ez - AEAC General Secretary\" src=\"http:\/\/kszgk.com\/iccf\/wp-content\/uploads\/2012\/02\/Cecilio-Hern\u00e1ez-AEAC-General-Secretary.jpg\" alt=\"\" width=\"147\" height=\"181\" srcset=\"https:\/\/kszgk.com\/iccf\/wp-content\/uploads\/2012\/02\/Cecilio-Hern\u00e1ez-AEAC-General-Secretary.jpg 147w, https:\/\/kszgk.com\/iccf\/wp-content\/uploads\/2012\/02\/Cecilio-Hern\u00e1ez-AEAC-General-Secretary-121x150.jpg 121w\" sizes=\"(max-width: 147px) 100vw, 147px\" \/><\/a><p id=\"caption-attachment-3744\" class=\"wp-caption-text\">Cecilio Hern\u00e1ez &#8211; AEAC General Secretary<\/p><\/div>\n<p>&nbsp;<\/p>\n<div id=\"attachment_3745\" style=\"width: 160px\" class=\"wp-caption alignnone\"><a href=\"http:\/\/kszgk.com\/iccf\/wp-content\/uploads\/2012\/02\/GM-Carlos-Cruzado-66th-EU-Champion.jpg\"><img aria-describedby=\"caption-attachment-3745\" loading=\"lazy\" class=\"size-thumbnail wp-image-3745\" title=\"GM Carlos Cruzado - 66th EU Champion\" src=\"http:\/\/kszgk.com\/iccf\/wp-content\/uploads\/2012\/02\/GM-Carlos-Cruzado-66th-EU-Champion-150x150.jpg\" alt=\"\" width=\"150\" height=\"150\" \/><\/a><p id=\"caption-attachment-3745\" class=\"wp-caption-text\">GM Carlos Cruzado &#8211; 66th EU Champion<\/p><\/div>\n<p>&nbsp;<\/p>\n<div id=\"attachment_3746\" style=\"width: 310px\" class=\"wp-caption alignnone\"><a href=\"http:\/\/kszgk.com\/iccf\/wp-content\/uploads\/2012\/02\/GM-Manuel-Jes\u00fas-Besc\u00f3s.jpg\"><img aria-describedby=\"caption-attachment-3746\" loading=\"lazy\" class=\"size-medium wp-image-3746\" title=\"GM Manuel Jes\u00fas Besc\u00f3s\" src=\"http:\/\/kszgk.com\/iccf\/wp-content\/uploads\/2012\/02\/GM-Manuel-Jes\u00fas-Besc\u00f3s-300x225.jpg\" alt=\"\" width=\"300\" height=\"225\" srcset=\"https:\/\/kszgk.com\/iccf\/wp-content\/uploads\/2012\/02\/GM-Manuel-Jes\u00fas-Besc\u00f3s-300x225.jpg 300w, https:\/\/kszgk.com\/iccf\/wp-content\/uploads\/2012\/02\/GM-Manuel-Jes\u00fas-Besc\u00f3s-1024x768.jpg 1024w, https:\/\/kszgk.com\/iccf\/wp-content\/uploads\/2012\/02\/GM-Manuel-Jes\u00fas-Besc\u00f3s-150x112.jpg 150w, https:\/\/kszgk.com\/iccf\/wp-content\/uploads\/2012\/02\/GM-Manuel-Jes\u00fas-Besc\u00f3s-400x300.jpg 400w\" sizes=\"(max-width: 300px) 100vw, 300px\" \/><\/a><p id=\"caption-attachment-3746\" class=\"wp-caption-text\">GM Manuel Jes\u00fas Besc\u00f3s<\/p><\/div>\n<p>&nbsp;<\/p>\n<div id=\"attachment_3747\" style=\"width: 260px\" class=\"wp-caption alignnone\"><a href=\"http:\/\/kszgk.com\/iccf\/wp-content\/uploads\/2012\/02\/GM-Miguel-\u00c1ngel-C\u00e1novas.jpg\"><img aria-describedby=\"caption-attachment-3747\" loading=\"lazy\" class=\"size-medium wp-image-3747\" title=\"GM Miguel \u00c1ngel C\u00e1novas\" src=\"http:\/\/kszgk.com\/iccf\/wp-content\/uploads\/2012\/02\/GM-Miguel-\u00c1ngel-C\u00e1novas-250x300.jpg\" alt=\"\" width=\"250\" height=\"300\" srcset=\"https:\/\/kszgk.com\/iccf\/wp-content\/uploads\/2012\/02\/GM-Miguel-\u00c1ngel-C\u00e1novas-250x300.jpg 250w, https:\/\/kszgk.com\/iccf\/wp-content\/uploads\/2012\/02\/GM-Miguel-\u00c1ngel-C\u00e1novas-125x150.jpg 125w, https:\/\/kszgk.com\/iccf\/wp-content\/uploads\/2012\/02\/GM-Miguel-\u00c1ngel-C\u00e1novas-400x478.jpg 400w, https:\/\/kszgk.com\/iccf\/wp-content\/uploads\/2012\/02\/GM-Miguel-\u00c1ngel-C\u00e1novas.jpg 500w\" sizes=\"(max-width: 250px) 100vw, 250px\" \/><\/a><p id=\"caption-attachment-3747\" class=\"wp-caption-text\">GM Miguel \u00c1ngel C\u00e1novas<\/p><\/div>\n<p>===<\/p>\n<p><\/div><div class=\"clearboth\"><\/div><\/p>\n<h4>Games<\/h4>\n<div class='chessboard-wrapper'><textarea id='pgn4web_313f6e69' style='display:none;' cols='40' rows='8'>   [Event \"ICCF Olympiad 17 Final - Board 6\"] [Site \"ICCF\"] [Date \"2009-2011\"] [Round \"?\"] [White \"Besc\u00f3s Anzano, Manuel Jes\u00fas (ESP)\"] [Black \"M\u00fcller (Osnabr\u00fcck), Gerhard (GER)\"] [Result \"1-0\"] [ECO \"D43\"] [WhiteElo \"2522\"] [BlackElo \"2574\"] [PlyCount \"111\"] [EventDate \"2012.09.25\"] [SourceDate \"2012.09.25\"]   1. d4 d5 2. c4 c6 3. Nf3 Nf6 4. Nc3 e6 5. Bg5 h6 6. Bh4 dxc4 7. e4 g5 8. Bg3 b5 9. Be2 Bb4 10. Qc2 Bb7 11. O-O Nbd7 12. e5 Nd5 13. Ne4 g4 14. Nh4 Rg8 15. b3 c3 16. Qd3 Be7 17. f4 b4 18. f5 Qb6 19. Ng6 fxg6 20. fxe6 Nxe5 21. Bxe5 O-O-O 22. a3 bxa3 23. Nxc3 Nxc3 24. Qxc3 Rge8 25. Qd3 h5 26. Qxg6 c5 27. Rfc1 Qc6 28. Bf1 Bd6 29. Qxh5 Rxe6 30. Bxd6 Qxd6 31. Qxg4 Rh8 32. h3 Kb8 33. dxc5 Qe5 34. b4 Qe3+ 35. Kh2 Qe5+ 36. Qg3 Qxg3+ 37. Kxg3 Rf8 38. Kh2 Re3 39. c6 Bc8 40. c7+ Kb7 41. Ra2 Rf7 42. Bc4 Rd7 43. Kg1 Kb6 44. Kf2 Re4 45. Rxa3 Rxc7 46. Bd5 Rf4+ 47. Kg3 Rxb4 48. Rxc7 Kxc7 49. Rxa7+ Kd6 50. Bf3 Ke5 51. Re7+ Kf6 52. Re4 Rb3 53. Kf4 Rb1 54. g4 Bb7 55. g5+ Kf7 56. Rd4 1-0   [Event \"ICCF Olympiad 17 Final - Board 4\"] [Site \"ICCF\"] [Date \"2009-2011\"] [Round \"?\"] [White \"C\u00e1novas Pordomingo, Miguel Angel (ESP)\"] [Black \"Turkov, Vladimir Sergeevich (RUS)\"] [Result \"1-0\"] [ECO \"C11\"] [WhiteElo \"2576\"] [BlackElo \"2522\"] [PlyCount \"101\"] [EventDate \"2009.??.??\"] [SourceDate \"2012.09.25\"]   1. e4 e6 2. d4 d5 3. Nc3 Nf6 4. e5 Nfd7 5. f4 c5 6. Nf3 Nc6 7. Be3 a6 (7... Qb6 {Hasta hace poco mi rival era un as\u00edduo de esta variante pero al haber recibido un par de derrotas cambi\u00f3 por a6.} 8. Na4 Qa5+ 9. c3 cxd4 10. b4 Qc7 11. Nxd4 a6 12. Qd2 g5 13. f5 exf5 14. Nxf5 Ndxe5 15. Nb6 Bxf5 16. Nxa8 Qd8 17. b5 axb5 18. Bxb5 Qxa8 19. Bd4 Ng6 20. Bxh8 Nxh8 21. Qxd5 Be6 22. Qxg5 Ng6 23. O-O Qa3 24. Kh1 Bd6 25. Qe3 Nge5 26. Qb6 Kf8 27. Qxb7 Ne7 28. Qb6 Nd5 29. Qd4 Nxc3 30. Bd3 Qc5 31. Qxc5 Bxc5 32. Bf5 Bc4 33. Rf4 Be3 34. Rh4 Bf2 35. Rh3 Ne2 36. Rxh7 Nf4 37. Rh8+ Kg7 38. Rd8 Bd5 39. Rxd5 Nxd5 40. a4 Bd4 41. Rd1 Nc6 42. Rd2 Ndb4 43. Be4 Bc3 44. Rf2 Na5 45. Rf5 Na6 46. h4 Bb4 47. Rg5+ Kh8 48. Rb5 Bd2 49. h5 Nc7 50. Rc5 Ne6 51. Rd5 Nc4 52. Bf5 Be3 53. Bxe6 fxe6 54. Rb5 e5 55. a5 {1-0 Besc\u00f3s Anzano,M (2515)-Turkov,V (2521)\/ICCF 2007}) 8. Qd2 b5 { Ahora hay dos alternativas principales} 9. a3 (9. dxc5) 9... Bb7 10. Bd3 Qb6 ( 10... cxd4 11. Nxd4 Nxd4 12. Bxd4 g6 13. O-O Rc8 14. b4 Nb8 15. Qf2 Nc6 16. Bb6 Qd7 17. Ne2 Be7 18. Nc1 O-O 19. Nb3 Nb8 20. Rae1 Kh8 21. Re3 Rg8 22. Rfe1 Qe8 23. g4 Rg7 24. Kf1 Nc6 25. f5 exf5 26. gxf5 gxf5 27. Nd4 Nxd4 28. Bxd4 Qg8 29. e6 f6 30. Bxf5 Bc6 31. Rc3 Rg5 32. Ree3 {24\/7\/2005 1-0 Canovas Pordomingo,M (2425)-Pontikis,A (2364)\/WC-2005-T-00002 2004}) 11. Qf2 cxd4 (11... c4 { era m\u00e1s frecuente en el momento de la partida}) 12. Nxd4 Bc5 (12... Nxd4) 13. Nce2 b4 14. axb4 (14. c3 a5 15. O-O (15. axb4 axb4 16. Rxa8+ Bxa8 17. O-O O-O ( 17... Bb7 18. Bb5 bxc3 19. Bxc6 Bxc6 20. b4 Bxd4 21. Nxd4 Qc7 22. f5 exf5 23. Qxf5 O-O 24. e6 Nb8 25. Bf4 Qa7 26. exf7+ Kh8 27. Be3 Qe7 28. Ne6 c2 29. Nxf8 Qxe3+ 30. Kh1 {1-0 Tukhaev,A (2534)-Lipka,J (2419)\/Paleochora 2009}) 18. Nc1 bxc3 19. bxc3 Na5 20. Ncb3 Nxb3 21. Rb1 Qa7 22. Rxb3 Rb8 23. Rxb8+ Qxb8 $11 24. Nb5 Bf8 25. c4 {1\/2-1\/2 Kupsys,A (2536)-Turkov,V (2527)\/ICCF 2008}) 15... O-O 16. Qh4 f5 (16... g6 17. Rf3 Rfb8 18. Rh3 Nf8 19. Rf1 Ba6 20. Bxa6 Rxa6 21. Qh6 bxc3 22. bxc3 Qa7 23. g4 Rb2 24. Kh1 Nxd4 25. Nxd4 Qb7 26. f5 exf5 27. gxf5 Rb1 28. Rhf3 Rxf1+ 29. Rxf1 gxf5 30. Qg5+ Rg6 31. Qxf5 Bxa3 32. Qf3 Bc5 33. c4 Rb6 34. e6 fxe6 35. Rg1+ {1\/2-1\/2 Blank,W (2492)-Beckmann,F (2390)\/ICCF 2007}) 17. Bf2 bxa3 18. bxa3 Bxd4 19. Nxd4 Nxd4 20. cxd4 Ba6 21. Rfb1 Qa7 22. Bc2 Rac8 23. Bd1 Nb6 24. Rb3 Nc4 25. Rh3 g6 26. Be2 Rc7 27. Rc1 Rb7 28. Rhc3 Rb2 29. Bd1 Rfb8 30. Bc2 Qd7 31. a4 Ra2 32. g4 fxg4 33. Qxg4 Qf7 34. h4 Kh8 35. h5 gxh5 36. Qh4 Ra3 37. Rxa3 Nxa3 38. Bd1 Bd3 39. Bxh5 Bg6 40. Be2 Nc2 41. Bd1 Rg8 { (End:20\/10\/2009)\u00a0 1\/2-1\/2 Dem\u00e9trio,A (2493)-Turkov,V (2527)\/ICCF 2008}) 14... Nxb4 15. Nc1 $5 $146 {Para mi en este momento era novedad. Luego me enter\u00e9 que se hab\u00eda jugado paralelamente por Cesetti contra el mismo Turkov en este mismo Torneo.} (15. O-O O-O 16. Nc1 (16. Bxh7+ Kxh7 17. Qh4+ Kg8 18. Rf3 f6 19. Rh3 Kf7 20. Qh5+ Ke7 21. Rg3 Rg8 22. c3 Nc6 23. Qh7 Nxd4 24. Nxd4 fxe5 25. Rxg7+ Rxg7 26. Qxg7+ Kd8 27. fxe5 Bxd4 28. Bxd4 Qxb2 29. Re1 Qd2 30. Rb1 Bc6 31. Bc5 Bb5 32. Bd6 Qe3+ 33. Kh1 Kc8 34. Qf7 Qb6 35. Qxe6 Kb7 36. Qxd5+ Ka7 37. Rd1 { 1\/2-1\/2 Bocanegra Moreno,R (2452)-Eckhardt,T (2449)\/ICCF 2008}) (16. Nc3 Bc6 17. Rfe1 Nxd3 18. cxd3 Rfe8 19. Nxc6 Bxe3 20. Qxe3 Qxc6 21. Rec1 Qb7 22. Rc2 Rec8 23. Rac1 a5 24. Ne2 Rxc2 25. Rxc2 h6 26. Kf2 a4 27. Qc1 Qb6+ 28. Kf3 Qa6 29. Qd2 a3 30. bxa3 Qxa3 31. Rc3 Qa6 32. Qc2 Rb8 33. d4 Ra8 34. Rb3 f5 35. h3 Rc8 36. Qb2 Rc7 37. g4 g6 38. Kg3 Qc8 39. Qa3 Nf8 40. Rb6 Rc6 41. Rxc6 Qxc6 42. Qc5 Qb7 43. Ng1 g5 44. fxg5 hxg5 45. gxf5 Qb1 46. Nf3 Qxf5 47. Qc1 Nh7 48. Qc8+ Kg7 49. Qc7+ {1\/2-1\/2 Serner,D (2515)-Zmokly,A (2527)\/ICCF 2009}) 16... f6 17. exf6 Rxf6 (17... Nxf6 $1 18. Nf5 Bxe3 19. Qxe3 Qxe3+ 20. Nxe3 d4 21. Nc4 Bd5 22. b3) 18. c3 Nxd3 19. Nxd3 e5 20. Nxc5 Qxc5 21. Nf3 Qc7 22. fxe5 Nxe5 23. Bd4 Nxf3+ 24. gxf3 Re6 25. Kh1 Rae8 26. Rg1 g6 27. Raf1 Bc8 28. Qh4 Qe7 29. Qh6 Qf8 30. Qg5 Re2 31. Qxd5+ Be6 32. Qg5 Bh3 33. Qh4 Bf5 34. Rf2 Re1 35. Rxe1 Rxe1+ 36. Kg2 h5 37. Rd2 Qe7 38. Bf6 Qe6 39. Bd4 Re2+ 40. Rxe2 Qxe2+ 41. Qf2 Qxf2+ 42. Kxf2 Kf7 43. Ke3 Ke6 44. c4 Kd6 45. b4 Kc6 46. Bc3 Be6 47. Kd4 Bf7 48. Bb2 Be6 49. Bc3 Bf7 50. Bb2 Be6 {1\/2-1\/2 Hou,Y (2590)-So,W (2641)\/Subic Bay 2009}) 15... O-O 16. c3 Nxd3+ 17. Nxd3 a5 18. O-O Bxd4 {Ahora el blanco tiene que tener cuidado con el recurso de los alfiles de distinto color.} 19. Bxd4 Qc7 20. Nc5 $5 {Las blancas cambian voluntariamente su caballo porque piensan que su \u00fanica chance de victoria es un ataque en el flanco de rey. En ese caso el caballo negro ser\u00eda un buen defensor, especialmente de la casilla f6.} Rfe8 ( 20... Nxc5 $6 21. Bxc5 Rfe8 22. Bb6) 21. Nxd7 Qxd7 22. Qf3 $1 {Con la misma idea de De3 (despejar la casilla \"f2\" para la torre) pero m\u00e1s precisa por la amenaza latente en f7, que se hace notar en alguna sub-variante.} Ba6 (22... Reb8 23. g4 Qe7 24. f5 Bc6 25. f6 { Todav\u00eda no esta claro pero algo se ha conseguido}) 23. Rf2 Bc4 24. g4 Kh8 { Como ya mencion\u00e9 en nuestro mismo torneo se jug\u00f3 una partida gemela entre Cesetti y Turkov. Precisamente me di cuenta de ello al terminar la d\u00e9cima partida de mi grupo (momento en que pueden visionarse los encuentrosfinalizados ), justo antes de yo jugar g4 siguiendo con mi plan.} (24... Reb8 $5 { Esta es la que ten\u00eda analizada como variante principal.} 25. f5 Rb5 26. f6 g6 27. Qe3 Qc8 28. h4 $40) 25. f5 Rg8 26. h4 Qb5 27. Rd2 a4 28. h5 h6 29. Kh2 $1 { Este es el momento clave. Desde la jugada 25\u00a0 yo hab\u00eda estado buscando una mejora sobre la partida de Cesetti y al final me decid\u00ed por esta aparentemente humilde retirada profil\u00e1ctica de mi rey de la columna \"g\", a punto de abrirse.} ({Cesetti continu\u00f3} 29. f6 a3 30. fxg7+ Rxg7 31. Qf6 { Los programas de ajedrez dan una ventaja enga\u0144osa} Kh7 32. bxa3 Rxg4+ 33. Kh2 Qe8 34. Rg1 Rxg1 35. Bxg1 $8 Qd8 36. Qxf7+ Kh8 37. Qf6+ Qxf6 38. exf6 e5 39. Rg2 Rf8 40. Rf2 Kg8 41. Rf5 Kf7 42. Rxe5 Kxf6 43. Bd4 { ... y la partida termin\u00f3 en tablas en la jugada 58}) 29... Kh7 (29... Qe8 $5 { Personalmente consider\u00e9 \u00e9sta la mejor defensa en ese momento, en cualquier caso las blancas tienen ataque y es inc\u00f3modo para las negras. Lo bueno de esta jugada y de Db8 es que se opone directamente al plan blanco con g5, ya que la dama defiende el pe\u00f3n g5 desde d8 oe7} 30. Rg1 (30. Qf4 Kh7 31. Rg1 { \/\\ g5, Txe5}) (30. g5 hxg5 31. Rg1 Qe7 32. Qe3 exf5 33. Rxg5 Ra6 34. Rxf5 Qh4+) (30. Rf2 Kh7 31. Kg3 Qb5 32. Rd1 Qb8 33. g5) (30. f6 Qf8 31. Be3 Kh7 32. fxg7 Qxg7 33. Qf4 a3 34. bxa3 Ra4 35. Rf2) 30... Qe7 31. g5 hxg5 32. Rf2 (32. Rg3 $5 {\/\\ Tdg2 o h6}) 32... Kh7 33. Rfg2 f6 34. Re1 Raf8 35. h6 $1 fxe5 36. hxg7 Rxg7 37. Bxe5 {a\u00fan es complicado pero las blancas mantienen ventaja}) (29... Qb8 $5) 30. g5 hxg5 $8 31. Rg1 a3 32. bxa3 Rxa3 33. Rxg5 Qb1 (33... Qe8 34. Rdg2 Ra2 35. Bf2 Bf1 36. Rg1 Qb5 37. f6 Qe2 38. Rxg7+ (38. Qxe2) 38... Rxg7 39. Rxg7+ Kh8 40. Qxe2) 34. f6 Ra2 $2 { Conduce a un final ganado, que los programas a\u00fan no valoraban correctamente} ( 34... Qe1 $5 {\u00fanica posibilidad de resistir. Las blancas mantienen chances de ganar pero est\u00e1 lejos de ser claro.} 35. Rf2 $8 Raa8 $8 (35... Ra1 36. Qg2 $18) 36. Rxg7+ Rxg7 $8 37. fxg7 $8 Qe4 (37... Rg8 $5) 38. Qg3 Rg8 39. h6 Qe1 40. Be3 Qxc3 41. Rxf7 Bd3 (41... d4) 42. Kh3 d4 43. Bf4 Bf5+ 44. Kh4 Qc6 45. Kg5 d3 { es s\u00f3lo un ejemplo de como pod\u00eda haber continuado la partida}) 35. Rdg2 Qe4 $8 36. Qxe4+ dxe4 $8 37. Bf2 g6 38. hxg6+ Rxg6 $8 (38... fxg6 39. R5g3 Rf8 40. Rxg6) 39. Rxg6 fxg6 $8 40. Bc5 Kg8 41. Rxa2 Bxa2 42. Be3 {El alfil debe controlar esta diagonal y el camino correcto del Rey es v\u00eda f2-e3-d4} g5 (42... Kf8 43. Bg5 {Inmoviliza al rey negro que si va a las casillas d8 o d7 sigue f7 ganando. Impide adem\u00e1s al negro sacrificar el pe\u00f3n \"g\" para abrir la diagonal h5-e8 para la defensa del alfil} Bb3 44. Kg3 Bc2 45. Kf2 Bb1 46. Ke3 Bd3 47. Kd4 Bf1 48. c4 Bd3 (48... e3 49. Bxe3 {el rey no pierde tiempos} g5 50. Bxg5) 49. c5 Bb5 50. Kc3 $1 Kf7 51. Kb4 Be8 52. Ka5 $18) 43. Bxg5 Kf7 44. Kg3 Bd5 45. Kf2 Kg6 46. Ke3 Bc6 47. Kd4 Be8 48. Bd2 Kf5 49. c4 Kg6 50. Kxe4 Kf7 51. Kd4 ( 51. Kd4 Ba4 52. Kc5 Bc2 53. Kd6 Bd3 54. c5) 1-0   &nbsp;   <\/textarea><iframe src='https:\/\/kszgk.com\/iccf\/wp-content\/plugins\/embed-chessboard\/pgn4web\/board.html?am=n&amp;d=3000&amp;ig=f&amp;iv=0&amp;ih=s&amp;ss=26&amp;ps=d&amp;pf=d&amp;lch=E6CC98&amp;dch=AD826A&amp;bbch=E0E0E0&amp;hm=b&amp;hch=ABABAB&amp;bd=c&amp;cbch=F0F0F0&amp;ctch=696969&amp;hd=j&amp;md=f&amp;tm=13&amp;fhch=000000&amp;fhs=14&amp;fmch=190CCC&amp;fcch=595959&amp;hmch=E0E0E0&amp;fms=14&amp;fcs=m&amp;cd=i&amp;bch=FFFFFF&amp;fp=13&amp;hl=t&amp;fh=b&amp;fw=p&amp;pi=pgn4web_313f6e69' frameborder='0' width='100%' height='302' scrolling='no' marginheight='0' marginwidth='0'>your web browser and\/or your host do not support iframes as required to display the chessboard; alternatively your wordpress theme might suppress the html iframe tag from articles or excerpts<\/iframe><\/div>\n<p>&nbsp;<\/p>\n<p>&nbsp;<\/p>\n<p>&nbsp;<\/p>\n<p>&nbsp;<\/p>\n","protected":false},"excerpt":{"rendered":"<p>Name of Federation: Asociaci\u00f3n Espa\u00f1ola de Ajedrez por Correspondencia (AEAC)<\/p>\n<p>Year of Foundation: 1941\/ from 2002 as AEAC<\/p>\n<p>ICCF Delegate &amp; E-Mail contact: Carlos Flores Guti\u00e9rrez (florescar@matepostal.com)<\/p>\n<p>Website: http:\/\/www.matepostal.com\/<\/p>\n<p>Article provided by: \u201cMate Postal\u201d Group<\/p>\n<p>&nbsp;<\/p>\n<p> Short History <\/p>\n<p>Until now the oldest game played by correspondence in Spain of which we preserved full development and [&#8230;]<\/p>\n","protected":false},"author":1,"featured_media":0,"parent":704,"menu_order":32,"comment_status":"closed","ping_status":"open","template":"","meta":{"ngg_post_thumbnail":0},"_links":{"self":[{"href":"https:\/\/kszgk.com\/iccf\/index.php?rest_route=\/wp\/v2\/pages\/3204"}],"collection":[{"href":"https:\/\/kszgk.com\/iccf\/index.php?rest_route=\/wp\/v2\/pages"}],"about":[{"href":"https:\/\/kszgk.com\/iccf\/index.php?rest_route=\/wp\/v2\/types\/page"}],"author":[{"embeddable":true,"href":"https:\/\/kszgk.com\/iccf\/index.php?rest_route=\/wp\/v2\/users\/1"}],"replies":[{"embeddable":true,"href":"https:\/\/kszgk.com\/iccf\/index.php?rest_route=%2Fwp%2Fv2%2Fcomments&post=3204"}],"version-history":[{"count":16,"href":"https:\/\/kszgk.com\/iccf\/index.php?rest_route=\/wp\/v2\/pages\/3204\/revisions"}],"predecessor-version":[{"id":3206,"href":"https:\/\/kszgk.com\/iccf\/index.php?rest_route=\/wp\/v2\/pages\/3204\/revisions\/3206"}],"up":[{"embeddable":true,"href":"https:\/\/kszgk.com\/iccf\/index.php?rest_route=\/wp\/v2\/pages\/704"}],"wp:attachment":[{"href":"https:\/\/kszgk.com\/iccf\/index.php?rest_route=%2Fwp%2Fv2%2Fmedia&parent=3204"}],"curies":[{"name":"wp","href":"https:\/\/api.w.org\/{rel}","templated":true}]}}