{"id":3046,"date":"2011-12-27T17:51:05","date_gmt":"2011-12-27T16:51:05","guid":{"rendered":"http:\/\/kszgk.com\/iccf\/?page_id=3046"},"modified":"2011-12-27T21:16:43","modified_gmt":"2011-12-27T20:16:43","slug":"zone-4-championships","status":"publish","type":"page","link":"https:\/\/kszgk.com\/iccf\/?page_id=3046","title":{"rendered":"Zone 4 &#8211; Afro-Asian Championships"},"content":{"rendered":"<p>==<\/p>\n<table border=\"3\">\n<tbody>\n<tr>\n<th colspan=\"4\" width=\"508\" height=\"33\">Afro-Asian\u00a0Championships &#8211; finals<\/th>\n<\/tr>\n<tr>\n<th width=\"26\" height=\"25\">#<\/th>\n<th width=\"54\">Cat<\/th>\n<th width=\"88\">Period<\/th>\n<th width=\"340\">Champion<\/th>\n<\/tr>\n<tr>\n<td width=\"26\" height=\"25\"><a href=\"http:\/\/www.iccf-europa.com\/aa\/tables\/1AAch.htm\">1<\/a><\/td>\n<td><\/td>\n<td>1999-2000<\/td>\n<td width=\"340\">Samraoui, Mekki (ALG)<\/td>\n<\/tr>\n<tr>\n<td width=\"26\" height=\"25\"><a href=\"http:\/\/www.iccf-europa.com\/aa\/tables\/2AAch.htm\">2<\/a><\/td>\n<td><\/td>\n<td>2000-2001<\/td>\n<td width=\"340\">Anil Kumar, N.R. (IND)<\/td>\n<\/tr>\n<tr>\n<td width=\"26\" height=\"25\"><a href=\"http:\/\/www.iccf-europa.com\/aa\/tables\/3AAfin.htm\">3<\/a><\/td>\n<td width=\"54\"><\/td>\n<td width=\"88\">2001-2002<\/td>\n<td width=\"340\">K\u00fc\u00e7\u00fckalioglu, Arif (TUR)<\/td>\n<\/tr>\n<tr>\n<td width=\"26\" height=\"25\"><a href=\"http:\/\/www.iccf-europa.com\/aa\/tables\/4AAfin.htm\">4<\/a><\/td>\n<td width=\"54\"><\/td>\n<td width=\"88\">2002-2004<\/td>\n<td width=\"340\">Dikmen, Ali (TUR)<\/td>\n<\/tr>\n<tr>\n<td width=\"26\" height=\"25\"><a href=\"http:\/\/www.iccf-europa.com\/aa\/tables\/5AAch.htm\">5<\/a><\/td>\n<td width=\"54\"><\/td>\n<td width=\"88\">2003-2005<\/td>\n<td width=\"340\">Sakai, Kiyotaka (JPN)<\/td>\n<\/tr>\n<tr>\n<td width=\"26\" height=\"25\"><a href=\"http:\/\/www.iccf-webchess.com\/EventCrossTable.aspx?id=6051\">6<\/a><\/td>\n<td width=\"54\">0<\/td>\n<td width=\"88\">2004-2011<\/td>\n<td width=\"340\">Hayakawa, Satoru (JPN)<\/td>\n<\/tr>\n<tr>\n<td width=\"26\" height=\"25\"><a href=\"http:\/\/www.iccf-webchess.com\/EventCrossTable.aspx?id=501\">7<\/a><\/td>\n<td width=\"54\"><\/td>\n<td width=\"88\">2005-2007<\/td>\n<td width=\"340\">Balabaev, Farit (KAZ)<\/td>\n<\/tr>\n<tr>\n<td width=\"26\" height=\"25\"><a href=\"http:\/\/www.iccf-webchess.com\/EventCrossTable.aspx?id=10393\">8<\/a><\/td>\n<td width=\"54\">0<\/td>\n<td width=\"88\">2006-2009<\/td>\n<td width=\"340\">Esen, Nejdet (TUR)<\/td>\n<\/tr>\n<tr>\n<td width=\"26\" height=\"25\"><a href=\"http:\/\/www.iccf-webchess.com\/EventCrossTable.aspx?id=13704\">9<\/a><\/td>\n<td width=\"54\">4<\/td>\n<td width=\"88\">2008-2009<\/td>\n<td>Noble, Mark F. (NZL)<\/td>\n<\/tr>\n<tr>\n<td width=\"26\" height=\"25\"><a href=\"http:\/\/www.iccf-webchess.com\/EventCrossTable.aspx?id=17600\">10<\/a><\/td>\n<td width=\"54\">3<\/td>\n<td width=\"88\">2008-2011<\/td>\n<td width=\"340\">Gurmen, Attila (TUR)<\/td>\n<\/tr>\n<tr>\n<td width=\"26\" height=\"25\"><a href=\"http:\/\/www.iccf-webchess.com\/EventCrossTable.aspx?id=27731\">11<\/a><\/td>\n<td width=\"54\">1<\/td>\n<td width=\"88\">2011-?<\/td>\n<td width=\"340\"><\/td>\n<\/tr>\n<tr>\n<td width=\"26\" height=\"25\">12<\/td>\n<td width=\"54\"><\/td>\n<td width=\"88\"><\/td>\n<td width=\"340\"><\/td>\n<\/tr>\n<\/tbody>\n<\/table>\n<p>==<\/p>\n","protected":false},"excerpt":{"rendered":"<p>==<\/p>\n<p> Afro-Asian Championships &#8211; finals # Cat Period Champion 1 1999-2000 Samraoui, Mekki (ALG) 2 2000-2001 Anil Kumar, N.R. (IND) 3 2001-2002 K\u00fc\u00e7\u00fckalioglu, Arif (TUR) 4 2002-2004 Dikmen, Ali (TUR) 5 2003-2005 Sakai, Kiyotaka (JPN) 6 0 2004-2011 Hayakawa, Satoru (JPN) 7 2005-2007 Balabaev, Farit (KAZ) 8 0 2006-2009 Esen, Nejdet (TUR) 9 4 2008-2009 [&#8230;]<\/p>\n","protected":false},"author":1,"featured_media":0,"parent":582,"menu_order":4,"comment_status":"closed","ping_status":"open","template":"","meta":{"ngg_post_thumbnail":0},"_links":{"self":[{"href":"https:\/\/kszgk.com\/iccf\/index.php?rest_route=\/wp\/v2\/pages\/3046"}],"collection":[{"href":"https:\/\/kszgk.com\/iccf\/index.php?rest_route=\/wp\/v2\/pages"}],"about":[{"href":"https:\/\/kszgk.com\/iccf\/index.php?rest_route=\/wp\/v2\/types\/page"}],"author":[{"embeddable":true,"href":"https:\/\/kszgk.com\/iccf\/index.php?rest_route=\/wp\/v2\/users\/1"}],"replies":[{"embeddable":true,"href":"https:\/\/kszgk.com\/iccf\/index.php?rest_route=%2Fwp%2Fv2%2Fcomments&post=3046"}],"version-history":[{"count":5,"href":"https:\/\/kszgk.com\/iccf\/index.php?rest_route=\/wp\/v2\/pages\/3046\/revisions"}],"predecessor-version":[{"id":3063,"href":"https:\/\/kszgk.com\/iccf\/index.php?rest_route=\/wp\/v2\/pages\/3046\/revisions\/3063"}],"up":[{"embeddable":true,"href":"https:\/\/kszgk.com\/iccf\/index.php?rest_route=\/wp\/v2\/pages\/582"}],"wp:attachment":[{"href":"https:\/\/kszgk.com\/iccf\/index.php?rest_route=%2Fwp%2Fv2%2Fmedia&parent=3046"}],"curies":[{"name":"wp","href":"https:\/\/api.w.org\/{rel}","templated":true}]}}