{"id":2946,"date":"2011-12-21T19:34:00","date_gmt":"2011-12-21T18:34:00","guid":{"rendered":"http:\/\/kszgk.com\/iccf\/?page_id=2946"},"modified":"2012-01-08T11:12:36","modified_gmt":"2012-01-08T10:12:36","slug":"turkey","status":"publish","type":"page","link":"https:\/\/kszgk.com\/iccf\/?page_id=2946","title":{"rendered":"Turkey"},"content":{"rendered":"<p><strong>Name of Federation<\/strong>: Turkish Correspondence Chess Organization<\/p>\n<p><strong>Year of Foundation<\/strong>: 1962<\/p>\n<p><strong>ICCF Delegate<\/strong>: Ali Dikmen (<a href=\"mailto:asdikmen@hotmail.com\">asdikmen@hotmail.com<\/a>)<\/p>\n<p><strong>E-Mail contact<\/strong>: Aydin Satici (<a href=\"mailto:asatici@sisecam.com.tr\">asatici@sisecam.com.tr<\/a>)<\/p>\n<p><strong>Website<\/strong>: none<\/p>\n<p><strong>Article provided by<\/strong>: Aydin Satici, updated by Ali Dikmen<\/p>\n<p><!--nextpage--><\/p>\n<p><strong>Correspondence Chess in Turkey<\/strong><\/p>\n<p>The interest of correspondence chess in Turkey is started with the efforts of Jirayr \u00c7ak\u0131r (president of Turkish Chess Federation at that time) in 1965. The most active period in Turkish Correspondence Chess was between the years 1969-1978. Turkish CC started to be active again as from 1993 onwards, when Aydin Satici became ICCF delegate in 1990. During the 1970s, strong Turkish OTB players joined international events and obtained fairly good results. In the 1960s and 1970s, mainly with Vili Kornfilt&#8217;s encouragement (who was a believer of CC by heart) and the first Turkish OTB-IM Nevzat Suer and his Chess Magazine, Turkish National CC tournaments started and continued until 1980 in five different levels. The Istanbul Chess Association was the meeting point for the strongest OTB chess players, where teams for CC Olympiads and friendly matches between Turkey and other countries were established.<\/p>\n<p>Fazil Atabek gained the 1st CC-IM title for Turkey and he was also the ICCF delegate for Turkey. Here is a game from Atabek in the 8th Olympiad.<\/p>\n<p>Following successful results in the 7th and 8th CC Olympiads, Orhan Gunsav gained a 2nd IM title for Turkey, in 1975.<\/p>\n<p>Jirayr Cakir, who was the president of the Turkish OTB Chess Federation in 1970s, was one of the biggest supporters of CC in Turkey. Turkish CC Teams have been established in 1975 for the 2nd Ladies Olympiads, and for the Turkey-Belgium friendly match on 22 boards. Among the 22 players, Hayri Ozbilen, Tunc Hamarat, Bulent Pekand and Fatih Atakisi still play CC. Tunc Hamarat started his CC achievements as one of the strongest Turkish CC players in the 1970s and now lives in Austria. He is on the way to becoming a future CC World Champion!<\/p>\n<p>In the National tournaments held in the 1970s, Fatih Atakisi, Halil Ozmen, Aydin Umur were playing and they are still active as today&#8217;s CC players except Suat Soylu who became OTB Turkish Champion afterwards.<\/p>\n<p>In the 8th Olympiads Turkey won 6-0 against Brazil, 5\u00bd-\u00bd against Chile and drew 3-3 against Denmark.<\/p>\n<p>Another encounter has been between Turkey and Finland in a friendly match from 1978 to 1981. The Turkish CC Team lost 16-34 due to many withdrawals. One of the successes of the Turkish CC players is Turkey&#8217;s win against a Belgian team 25-21 in a friendly match finished in 1976.<\/p>\n<p>During the years 1995-1997 a friendly team match was organised with England. The result was even: 5-5.<\/p>\n<p>After OTB Turkish Champion Nevzat Suer&#8217;s untimely death in 1980, Turkish National CC activities almost stopped. A few CC players, though, continued their achievements in the international arena individually. Among them, Fatih Atakisi won his IM title (Turkey&#8217;s 3rd) in 1997 and SIM title (Turkey&#8217;s 1st) in 2001. He became 53rd European CC Champion with 11\/14. Fatih Atakisi also obtained the FIDE Master title in 2001. He has won 1st CC-GM norm in the 1st Asia-Europe Team Interzonal with 6\/8 on board 4.<\/p>\n<p>Aydin Satici became the 4th Turkish CC-IM after his 3rd place in the 60th European CC Championship.<\/p>\n<p>Osman Kosebay became the 5th Turkish CC-IM after his remarkable achievement in the 1st ICCF Email Championship with 9\u00bd out of 10.<\/p>\n<p>Both Aydin Satici and Osman Kosebay gained their SIM titles in 2002. They&#8217;ll be awarded in the ICCF Congress in Portugal. There are some other potential players as Halil Ozmen, Arif Kucukali and Turgut Tansel, who will soon bring more titles to Turkey. With the help of E-mail tournaments, the number of CC players in Turkey seem to be increasing very quickly.<\/p>\n<p>Since 1993, Turkey joins all international events and Turkish teams are now sharpened and organised with its three SIMs and the coming IM forces.<\/p>\n<p>&nbsp;<\/p>\n<p><!--nextpage--><\/p>\n<p>=========<\/p>\n<p>In 1999, Ali Dikmen took over ICCF delegate responsibilities from Aydin Satici.<\/p>\n<p>Turkey participates regularly in Olympiads starting\u00a0from 1998 (from 13th\u00a0edition, except of 16th &amp; 19th)\u00a0and European Team Championships from 2005\u00a0(from 7th edition).<\/p>\n<p>Results of the\u00a01st School Correspondence Chess Championship in Turkey, organized in 2003 on <a href=\"http:\/\/www.satrancokulu.com\">www.satrancokulu.com<\/a> with the efforts of Ali Dikmen and Selim Gurcan, are presented below.<\/p>\n<p>2005 School Correspondence Chess Championship Final:<\/p>\n<ul>\n<li>1- Cihan Gurbuz Karaca 11,5; 2- Tolga Goze 11; 3- Atilla Gurmen 10,5 &amp; Zafer Ilken 10,5; 5- Cahit Sadi Kayis 9 &amp; Mehmet Zirek 9; 7- Nejdet Esen 8,5 &amp; Vedat Ali Aksu 8,5; 9- Coskun Duman 6,5; 10- Ismail Caliskan 6<\/li>\n<\/ul>\n<p>After that the second Chess School Championship Finals started on ICCF webserver in 2007 (see results below).<\/p>\n<p>2007 School Correspondence Chess Championship Final:<\/p>\n<ul>\n<li>1- Coskun Duman 7,5 &amp; Cahit Sadi Kayis; 3- Tuncay Sen 6,5 &amp; Enver Tatl\u0131c\u0131oglu<\/li>\n<\/ul>\n<p>Unfortunately this was the last school chess championships final. It was time to organize Turkish Championship with the efficient number of players in this new period. School chess was also going to support the championship.<\/p>\n<p>Many strong players played in the 1st Turkish Championship started in 2007. It was sad for me not to play there but we needed an arbiter in this tournament.<\/p>\n<p>You can find the final standing of this championship below:<\/p>\n<ul>\n<li><a href=\"http:\/\/www.iccf-webchess.com\/EventCrossTable.aspx?id=10671\">2007 Turkish Championships Final<\/a><\/li>\n<\/ul>\n<p>In 2009, correspondence chess became a constitution of Turkish Chess Federation. This made us to improve ourselves. For the first time, 2009 and 2010 Turkish Championships were awarded with good prizes. The number of players seriously increased in a short time. We hosted 2010 ICCF Congress in Kemer. Turkish Chess Federation will also organize Mare Nostrum -4 (Mediterranean Games) in Turkey. The prize fund of this tournament will be 1500 USD. Turkish Chess Federation supports Turkish Correspondence Chess Championships with promotions and prizes.<\/p>\n<p>2009 and 2010 championships are still being played . You can see\u00a0details at the ICCF webserver among national events.<\/p>\n<ul>\n<li><a href=\"http:\/\/www.iccf-webchess.com\/EventCrossTable.aspx?id=17558\">2009 Turkish Correspondence Chess Championship<\/a>;<\/li>\n<li><a href=\"http:\/\/www.iccf-webchess.com\/EventCrossTable.aspx?id=21830\">2010 Turkish Correspondence Chess Championship<\/a><\/li>\n<\/ul>\n<p>When we think about our international achievements, the first success came in 2006. Arif K\u00fc\u00e7\u00fckalioglu became the first Turkish player who gaine qualification\u00a0for the world championship final, but unfortunately\u00a0he stopped playing.<\/p>\n<p>Tansel Turgut got GM title in 2008 and took part in World Championship 24\u00a0final. He is still playing in this tournament fighting for the second place (silver medal). A draw will bring him &#8220;only&#8221; bronze medal.<\/p>\n<p>In 2010, Fatih Ataki\u015fi became the second Grandmaster of Turkey. He still represents his country with successful results. I\u2019m sure that we are going to see him in the world championship final soon. SIM Murat Akdag is looking forward to get his GM norm. We hope he will get the title soon.<\/p>\n<p>Turkish players are also playing in the Asia-Africa Zonal Championships with good results. You can see list of our players who won these championships till today:<\/p>\n<ul>\n<li>3.AA Championship Arif Kucukali<\/li>\n<li>4.AA Championship Ali Dikmen<\/li>\n<li>8.AA Championship Nejdet Esen<\/li>\n<li>10.AA Championship Atilla Gurmen<\/li>\n<\/ul>\n<p>We have played friendship matches with Argentina, Germany, Hong Kong, Romania, Russia, Sweden, Australia. We will continue to play more friendship matches in the future.<\/p>\n<p><!--nextpage--><\/p>\n<p>===<\/p>\n<p>Games<\/p>\n<div class='chessboard-wrapper'><textarea id='pgn4web_f000da69' style='display:none;' cols='40' rows='8'>   [Event \"WCCC35PR10\"]   [Site \"ICCF\"]   [Date \"2011.03.10\"]   [Round \"?\"]   [White \"Esen, Nejdet\"]   [Black \"Kazoks, Aivars\"]   [Result \"1-0\"]   [ECO \"D76\"]   [WhiteElo \"2417\"]   [BlackElo \"2361\"]   {Comments by Nejdet Esen}   {D76: Fianchetto Gr\u00fcnfeld} 1. c4 Nf6 2. Nf3 g6 3. Nc3 Bg7 4. g3 O-O 5. Bg2 d5 6. cxd5 Nxd5 7. d4 Nb6 8. O-O Nc6 9. e3 Re8 10. a3 (10. Ne1 a5 11. Nd3 Nb4 12.Nc5 c6 13. a3 Na6 14. Nd3 Be6 15. Re1 Bc4 16. Rb1 a4 17. Ne4 Nd7 18. Qc2 Ba2 19. Ra1 Bb3 20. Qe2 Bc4 21. Qc2 Bb3 22. Qe2 e5 23. Nd6 Re6 24. Nxb7 Qc7 {Foisor,O (2495)-Ehlvest,J (2585)\/Saint John 1988\/0-1}) 10... e5 11. d5 Na5 12.Qc2 {Another alternative is e4,but I think,I need to e4 square for placed a knight to c5. Because I pressure to Queen-side on the c file.} (12. e4 c6 13.Be3 Nbc4 14. Bc1 cxd5 15. Nxd5 Be6 16. Rb1 Rc8 17. Ng5 h6 18. Nxe6 fxe6 19. Ne3 Qxd1 20. Rxd1 Red8 21. Bf3 Bf8 22. Ng4 Rxd1+ 23. Bxd1 h5 24. b3 Rd8 25. Bg5 Nxa3 26. Bxd8 Nxb1 27. Bxa5 hxg4 28. Bc2 Na3 29. Bd3 b6 30. Bc3 Bd6 31. Be2 Nc2 32. Bxg4 Kf7 33. Kf1 a5 34. Bd1 Nd4 35. Ke1 Ke7 36. Kd2 Nc6 37. Kc2 b5 38. Bd2 a4 39. Bg5+ {1-0 Mathieu Louis (FRA)-Robiolle Jean Marie (1977)}) 12... c6 13.b4 Nac4 14. dxc6 bxc6 {now, Black have some problems on the Queen-side (weak a and c pawns)} 15. Ne4 Be6 16. Nfd2 Nxd2 17. Bxd2 Bd5 18. Rfd1 Qe7 19. Nc5 Bxg2 {Black exchanged important guard of Queen-side!} (19... e4 20. Bc3 h5 21. Bxg7 Kxg7 22. Rd4 f5 23. Rad1 Rad8 24. h4 ) 20. Kxg2 e4 21. Rac1 Nd5 22. Be1 Rac8 23. Nb3 Red8 ({Black's position is very difficult to produce a solution by playing passive, more active options may be preferred.} 23... h5 24. Nd4 Bxd4 ({or} 24... Qb7 25. h4 Bh6 ) 25. Rxd4 h4) 24. Na5 Qe8 25.Kg1 Rd7 26. b5 c5 27. Nc6 {Besieged the Queen-side} a6 28. a4 Bf8 29. Ba5 Qe6 30. Qb3 axb5 31. axb5 Qf5 32. Rd2 Nf6 33. Rxd7 Nxd7 34. Bc3 {and bad Bishop placed to important diagonal} Rc7 (34... Nb8 $5 35. Na5 Rd8 ) 35. Bb2 Qe6 36. Qc3 f6 37. Qa5 Rc8 38. Qa7 Qd6 39. Ra1 c4 (39... Rc7 40. Qa2+ Kg7 41. Qa6 c4 42. Ba3 $18) 40. Ba3 Qe6 41. Rd1 (41. Rd1 Ne5 42. Nxe5 Bxa3 43. b6 (43. Qxa3 $6 fxe5 44. b6 Qf7 (44... Qxb6 $4 45. Qe7 Qc5 46. Qe6+ Kh8 47. Qf6+ Kg8 48. Rd7 $18))) 1-0   [Event \"WCCC35PR10\"]   [Site \"ICCF\"]   [Date \"2011.03.10\"]   [Round \"?\"]   [White \"Esen, Nejdet\"]   [Black \"Antonenko, Vladimir Georgievic\"]   [Result \"1-0\"]   [ECO \"D43\"]   [WhiteElo \"2417\"]   [BlackElo \"2347\"]   {Annotator Nejdet Esen}   {D43: Semi-Slav} 1. d4 d5 2. c4 c6 3. Nf3 Nf6 4. Nc3 e6 5. Bg5 h6 6. Bh4 dxc4 7. e4 g5 8. Bg3 b5 9. Be2 Bg7 {I think this move is not enough for counterplay. At this point,Black needs to continue the development of pieces carefully.} (9... Bb7 10. h4 g4 11. Ne5 h5 12. O-O Nbd7 13. Qc2 Nxe5 14. Bxe5 Bg7 ) (9...Bb4 10. Qc2 Bb7 11. Rd1 Nbd7 $14) 10. e5 Nh5 11. a4 {Now, Black has some trouble on the kingside and big diagonal.} ({RR} 11. Ne4 O-O 12. Qc2 Na6 13.Rd1 Nb4 14. Qb1 f5 15. exf6 Nxf6 16. O-O Nxe4 17. Qxe4 Qd5 18. Qe3 Bb7 19. Be5 Qd7 20. Bxg7 Nd5 21. Qa3 Qxg7 22. Ne5 c5 23. Qxc5 Nf4 24. Bf3 Bxf3 25. Nxf3 g4 {Jakovenko,D (2725)-Motylev,A (2705)\/Dagomys 2010\/0-1}) 11... O-O {This is a mistake. Black's development is not enough and Kingside is weak.} ({   RR} 11... Nd7 12. axb5 Nxg3 13. hxg3 c5 14. Ne4 g4 15. dxc5 gxf3 16. Nd6+ Kf8 17. Bxf3 Rb8 18. Rxa7 Nxc5 19. O-O Nd3 20. Nxf7 Qd4 21. Rc7 Nxe5 22. Nxh8 Bxh8 23. Qc2 Nxf3+ 24. gxf3 Bb7 25. Rd1 Qf6 26. Qh7 Bd5 27. Rd4 {Maletin,P (2617) -Najer,E (2672)\/Irkutsk 2010\/1-0}) ( 11... Qb6 12. Ne4 Nxg3 ({RR} 12... O-O 13. Nfxg5 Nxg3 14. hxg3 Nd7 15. a5 Qc7 16. Qc2 Rd8 17. Nh7 c5 18. Nef6+ Nxf6 19. exf6 cxd4 20. Qe4 {1-0 Henrichs, T (2428)-Van der Vliet,F (2356)\/ Netherlands 2000}) 13. hxg3 Nd7 14. Nd6+ Kf8 15. Kf1 Rb8 16. Qd2 bxa4 17. Rxa4 c5 18. Nxc4 Qc7 19. Nd6 Qb6 20. Kg1 cxd4 21. Nc4 Qc7 22. Qxd4 Bb7 23. Rxa7 g4 24. Nh4 Ra8 25. Rxa8+ Bxa8 26. Qd6+ {DeeJay-Simplicissimus (2308)\/playchess.com INT 2007\/1\/2-1\/2}) (11... a6 12. axb5 cxb5 13. Nxb5 axb5 14. Rxa8 Bb7 15.Ra3 ) 12. axb5 cxb5 13. Nxg5 Nxg3 (13... Qxg5 $2 14. Bxh5 Nc6 15. Nxb5) 14. hxg3 Nc6 (14... hxg5 15. Bf3 b4 16. Ne4 (16. Bxa8 $6 bxc3 17. bxc3 Re8 )) 15. Bf3 Bb7 16. Bxc6 Bxc6 17. Nge4 b4 18. Qg4 Kh7 19. Ng5+ Kh8 20. Rh5 Qd7 (20... bxc3 $142 21. Qh4 Qxg5 (21... Bxg2 $4 22. Rxh6+ Kg8 23. Rh8+ Bxh8 24. Qh7#) 22. Qxg5 cxb2 ) 21. Nce4 Qxd4 22. Rd1 Qxb2 23.f3 Qxg2 (23... Qxe5 24. Nxf7+ $1 Rxf7 25. Rxe5 Bxe5) 24. Qh4 (24. Qh4 Kg8 25. Rxh6 Bxe4 26. Qxe4 (26. Nxe4 $2 Qxf3 27. Nf6+ Bxf6 28. exf6 Qe3+ 29. Kf1 Qf3+ 30. Kg1 Qxd1+ 31. Kg2 Qe2+ ) 26... Qxg3+ 27. Kf1 ) 1-0   [Event \"CC WC 24 final\"]   [Site \"ICCF\"]   [Date \"2009\"]   [Round \"?\"]   [White \"Turgut, Tansel\u00a0(2610)\"]   [Black \"Tiemann, Hagen (2480)\"]   [Result \"1-0\"]   [ECO \"D43\"]   1.d4 d5 2.c4 c6 3.Nf3 Nf6 4.Nc3 e6 5.Bg5 h6 6.Bh4 Be7 7.e3 0-0 8.Bd3 dxc4 9.Bxc4 b5 10.Bd3 Bb7 11.0-0 Nbd7 12.Rc1 Rc8 13.Qe2 b4 14.Na4 Qa5   {All this has been seen fairly often. The root game is Moehring-Schindler, Zittau 1955, which continued with the most common reply for White of 15. b3 with Black doing fairly well against it.}   15.Bxf6!?   ({This is a new idea. Tiemann gained a draw against the 13th World Champion Mikhail Umansky after} 18. Nc5 Bxc5 16. dxc5 Nxc5 17. Bxf6 Nxd3 18. Qxd3 gxf6 19. Qd4 c5 20. Qxf6 Bxf3 21. Qxf3 Qxa2 {with rough equality after} 22. Qf6)   15...Bxf6 16.Nc5 Nxc5   ({There are even chances after} 17. dxc5 Rfd8 18. Rfd1 Qxa2)   17.Rxc5 Qb6   ({The Queen has problems after} 17...Qxb2 18. Bc4 b3 19. Nd2 Qxb2 20. Rb1 Qa3 21. Nxb3)   18.Rfc1 Be7 19.Ne5!?   {It takes about 2600+ rating points to make a move like this. As Turgut noted, White gets little for the exchange -- but he keeps what he's got, mainly he does not have to retreat with R5c2 or c4. After 19. R5c4 Rfd8, Black stands slightly better.}   19...Bxc5 20.Rxc5 Rcd8 21.Bc4   {White may be behind in material off the board, but on the board all his pieces are working better than their Black counterparts -- and the Knight on e5 is a match for the Rook on f8.}   21...Rd6 22.f4 Qd8 23.Qf2 Qc8 24.Qg3 Qd8 25.h3   {One of the \"little moves\" Turgut refers to, but with the Black Queen wandering aimlessly about the move is not without a sharp edge, preparing the possibility of a kingside Pawn assault and a safe haven for the White King on h2.}   25...a6   {Shredder 10 evaluates this as slightly better for Black, but recommends 25...a5. As that happens next, it apparently makes little difference.}   26.b3 a5 27.Kh2 Ba8   {Shredder now finds the position equal, even playing the recommended 27...Ba8.}   28.Ng4 Kh7   {And now Shredder likes 29. f5!? exf5 30. Rxf5 which it evaluates as equal, but Tansel has his own idea.}   29.Bd3+ f5 30.Ne5 Rf6 31.Bc4 Bb7 32.Qh4   {And finally Shredder begins to change its evaluation of the position to favor White. What is Black to do ? After 32...Kg8 33. Qh5 Kf8 34. g4! Black will be squeezed to death on the kingside.}   32...Rf8 33.Qxd8 Rdxd8 34.Bxe6 Rd6 35.Bc4 Ra8 36.g4 1-0   {The ending is lost as the White Pawn mass from d4 to g4 will soon overwhelm Black's passive pieces. A mysterious game ? a new anti-computer strategy? a positional masterpiece ?}   <\/textarea><iframe src='https:\/\/kszgk.com\/iccf\/wp-content\/plugins\/embed-chessboard\/pgn4web\/board.html?am=n&amp;d=3000&amp;ig=f&amp;iv=0&amp;ih=s&amp;ss=26&amp;ps=d&amp;pf=d&amp;lch=E6CC98&amp;dch=AD826A&amp;bbch=E0E0E0&amp;hm=b&amp;hch=ABABAB&amp;bd=c&amp;cbch=F0F0F0&amp;ctch=696969&amp;hd=j&amp;md=f&amp;tm=13&amp;fhch=000000&amp;fhs=14&amp;fmch=190CCC&amp;fcch=595959&amp;hmch=E0E0E0&amp;fms=14&amp;fcs=m&amp;cd=i&amp;bch=FFFFFF&amp;fp=13&amp;hl=f&amp;fh=677&amp;fw=p&amp;pi=pgn4web_f000da69' frameborder='0' width='100%' height='677' scrolling='no' marginheight='0' marginwidth='0'>your web browser and\/or your host do not support iframes as required to display the chessboard; alternatively your wordpress theme might suppress the html iframe tag from articles or excerpts<\/iframe><\/div>\n","protected":false},"excerpt":{"rendered":"\n<p>Name of Federation: Turkish Correspondence Chess Organization<\/p>\n<p>Year of Foundation: 1962<\/p>\n<p>ICCF Delegate: Ali Dikmen (asdikmen@hotmail.com)<\/p>\n<p>E-Mail contact: Aydin Satici (asatici@sisecam.com.tr)<\/p>\n<p>Website: none<\/p>\n<p>Article provided by: Aydin Satici, updated by Ali Dikmen<\/p>\n<p>Correspondence Chess in Turkey<\/p>\n<p>The interest of correspondence chess in Turkey is started with the efforts of Jirayr \u00c7ak\u0131r (president of Turkish [&#8230;]<\/p>\n","protected":false},"author":1,"featured_media":0,"parent":704,"menu_order":35,"comment_status":"closed","ping_status":"open","template":"","meta":{"ngg_post_thumbnail":0},"_links":{"self":[{"href":"https:\/\/kszgk.com\/iccf\/index.php?rest_route=\/wp\/v2\/pages\/2946"}],"collection":[{"href":"https:\/\/kszgk.com\/iccf\/index.php?rest_route=\/wp\/v2\/pages"}],"about":[{"href":"https:\/\/kszgk.com\/iccf\/index.php?rest_route=\/wp\/v2\/types\/page"}],"author":[{"embeddable":true,"href":"https:\/\/kszgk.com\/iccf\/index.php?rest_route=\/wp\/v2\/users\/1"}],"replies":[{"embeddable":true,"href":"https:\/\/kszgk.com\/iccf\/index.php?rest_route=%2Fwp%2Fv2%2Fcomments&post=2946"}],"version-history":[{"count":12,"href":"https:\/\/kszgk.com\/iccf\/index.php?rest_route=\/wp\/v2\/pages\/2946\/revisions"}],"predecessor-version":[{"id":2948,"href":"https:\/\/kszgk.com\/iccf\/index.php?rest_route=\/wp\/v2\/pages\/2946\/revisions\/2948"}],"up":[{"embeddable":true,"href":"https:\/\/kszgk.com\/iccf\/index.php?rest_route=\/wp\/v2\/pages\/704"}],"wp:attachment":[{"href":"https:\/\/kszgk.com\/iccf\/index.php?rest_route=%2Fwp%2Fv2%2Fmedia&parent=2946"}],"curies":[{"name":"wp","href":"https:\/\/api.w.org\/{rel}","templated":true}]}}