{"id":2853,"date":"2011-12-18T14:54:45","date_gmt":"2011-12-18T13:54:45","guid":{"rendered":"http:\/\/kszgk.com\/iccf\/?page_id=2853"},"modified":"2011-12-18T15:33:00","modified_gmt":"2011-12-18T14:33:00","slug":"denmark","status":"publish","type":"page","link":"https:\/\/kszgk.com\/iccf\/?page_id=2853","title":{"rendered":"Denmark"},"content":{"rendered":"<p><strong>Name of Federation<\/strong>: Dansk Skak Union (DSU)<\/p>\n<p><strong>Year of Foundation<\/strong>: 1903<\/p>\n<p><strong>ICCF Delegate &amp; E-Mail contact<\/strong>: S\u00f8ren Peschardt (<a href=\"mailto:speschardt@mail.dk\">speschardt@mail.dk<\/a>)<\/p>\n<p><strong>Website<\/strong>: <a href=\"http:\/\/www.dsu.dk\/\">http:\/\/www.dsu.dk\/<\/a><\/p>\n<p><strong>Article provided by<\/strong>: S\u00f8ren Peschardt &#8211; with assistance from J\u00f8rgen Axel Nielsen<\/p>\n<p><!--nextpage--><\/p>\n<p>&nbsp;<\/p>\n<p>Compared to size and number of people, Denmark must be one of the strongest correspondence chess countries in the World! There is no particular reason for this, as Danes are not especially known as patient and careful people, &#8211; but nevertheless, we have been able to compete at the highest level for several years in a sport that requires both!<\/p>\n<p>Perhaps it&#8217;s in our genes &#8211; since the game of chess was very popular 1200 years ago in the Viking age. At that time the Danes (and Norwegians &#8211; but they were also Danes in that age!) terrorised the rest of Europe, making raids into almost every country available and when the Dragon ships returned home -loaded to the brim with gold, beer and other valuable stuff- the brave Vikings sat down by the fireside telling stories about their conquests &#8211; and when their women went to bed, it was time for beer and a game of chess! At least this is what&#8217;s been told in the Sagas, especially from Iceland. Of course the game was OTB-chess &#8211; although moves forwarded by Viking ships might have returned faster than some countries\u2019 postal services can manage today!<\/p>\n<p>The first real CC-game in Denmark was played in 1836 between the two brothers M\u00f8ller with white against the entire chess club &#8220;L\u00e6seforeningen&#8221;, Copenhagen. The 31 moves in the game were exchanged between August 29th and October 18th. The brothers won easily.<\/p>\n<p>In the 1870s and then into the 20th century, many Danes played CC in tournaments run by the famous magazine &#8220;Nordisk Skaktidende&#8221; (Nordic Chess magazine) or challenged strong German players on a private basis.<\/p>\n<p>In 1903 some chess clubs in Jutland formed a chess federation, which in 1905, when also clubs from the rest of the country joined, especially from Copenhagen, was renamed Dansk Skak Union (Danish Chess Union). Right from the beginning (in 1903!), correspondence tournaments have been organised in Denmark. Since 1926 there have been annual National Championships, 24 times won by Nielsen! Actually, Nielsen is a very common name in Denmark, so the 24 titles have been won by 10 different Nielsens &#8211; Axel Nielsen being the record holder with 13!<\/p>\n<p>Only one Danish Correspondence Champion has won the OTB-championship as well &#8211; Bj\u00f8rn Nielsen in 41, 42, 44 and 46. Axel Nielsen managed 3 second-places in 46, 54 and 55 \u2013 these last 2 being won by our most famous chess player Bent Larsen.<\/p>\n<p>The most remarkable record holder in Danish correspondence chess by far, is Peter Korning. Beginning way back in 1926, he played 49 times (over a period of 62 years!) in the supreme class of the Danish Championships &#8211; 6 times winning the title. In 1998-2001 the 6th strongest tournament in ICCF-history was held in Korning\u2019s memory.<\/p>\n<p>Internationally, Denmark also has achieved some great victories &#8211; mostly in individual tournaments.<\/p>\n<p>European Champions: J\u00f8rn Sloth (8), Ove Ekebj\u00e6rg (10), Henrik S\u00f8rensen (13), Arne S\u00f8rensen (19), Bent S\u00f8rensen (20) and Sven Pedersen (21). In those days we almost had a monopoly!<\/p>\n<p>In the World Championship arena, Julius Nielsen was the first Dane to be considered a real contender for the crown &#8211; though his best achievement &#8211; in 2 tries &#8211; was an 8th place in the 5th final with the score of 9\/16. But the best was still to come&#8230;<\/p>\n<p>After having won the 8th European Championship, J\u00f8rn Sloth used his &#8220;momentum&#8221; to go on and win the 8th World CC Championship as well! It was a very close race, Sloth winning by the smallest margin in history: \u00bd SB-point!<\/p>\n<p>A very decisive game was this, annotated by J\u00f8rn Sloth [<em>game to be provided<\/em>].<\/p>\n<p>It was not until the 13th World Championship Final for Denmark to win a new medal, this time silver. Erik Bang scored 11\u00bd\/16, but Umansky from Russia made 13! A little bit closer (but still not enough!) came Ove Ekebj\u00e6rg in the 14th World Championship Final. The score of 10\u00bd\/14 was only enough for the silver medal in a tournament that saw \u00d5im from Estonia being the first player ever to win the title twice.<\/p>\n<p>In the 15th World CC Championship Final, we have Allan Poulsen as a medal-contender &#8211; and in the 16th Final you will find the \u201cthree Danish musketeers\u201d Ekebj\u00e6rg, Bang and Sloth. Unfortunately it seems like they completely forgot to sharpen their weapons and brought along shields with holes!<\/p>\n<p>We have qualified for the Olympic Final 3 times in 11 tries (we skipped the 7th Olympiad) but never won any medals! Also the European Team Championships have been without any Danish medals. So far!<\/p>\n<p>Denmark also participates in other team tournaments (Baltic Sea, Scandinavian Team and North Sea Team Tournament), but unfortunately also here without any significant success.<\/p>\n<p>The main reason for this lack of achievement is that we have never forced any of our strongest players to take part in our teams. Perhaps this is also the reason why you see so many Danish medals in individual tournaments!?<\/p>\n<p>Denmark has 6 Grandmasters, 8 Senior International Masters, about 40 International Masters and 2 IAs Poul Rasmussen and J\u00f8rgen Axel Nielsen (Honourable Member of ICCF in 1998) to guarantee that the Danish players behave properly! Not so bad for a small country!!<\/p>\n<p><!--nextpage--><\/p>\n<p><strong>DSU has organized 2 major international events<\/strong>:<\/p>\n<p>&nbsp;<\/p>\n<p>Julius Nielsen Memorial 1985-1991<\/p>\n<p>1. J. Penrose ENG 11\u00bd, 2. O. Ekebj\u00e6rg DEN 9\u00bd, 3. C. Shephard ENG 8, 4. D. Mohrlok GER 7\u00bd, 5. D. Stern GER 7\u00bd, 6. G. Danner AUT 7, 7. J. Helsloot NLD 7, 8. L. Hyldkrog DEN 7, 9. D. Smit NLD 6, 10. A. Ingerslev DEN 5\u00bd, 11. A. S\u00f8rensen DEN 5\u00bd, 12.M. Breazu ROM, 13. O. Koskinen FIN 4, 14. T. Strand NOR \u00bd.<\/p>\n<p>&nbsp;<\/p>\n<p>Peter Korning Memorial 1998-2001<\/p>\n<p>1. J. van Oosterom NLD 11\u00bd, 2. C. Hansen DEN 11\u00bd, 3.H-M. Elwert GER 10, 4. J. Hector SVE 9, 5. M. Plomp NLD 8\u00bd, 6. J. Trapl CZE 7\u00bd, 7. R. Knobel SWZ 6, 8. H. Tanggaard DEN 6, 9. M. R\u00fcfenacht SWZ 5\u00bd, 10. R. Maliangkay NLD 5\u00bd, 11. J. Hartung Nielsen DEN 5\u00bd, 12. N. Borge DEN 5\u00bd, 13. M. Read ENG 5, 14. S. Jardorf DEN 5, 15. L. Hyldkrog DEN 3.<\/p>\n<p>&nbsp;<\/p>\n<div id=\"attachment_2856\" style=\"width: 248px\" class=\"wp-caption alignnone\"><a href=\"http:\/\/kszgk.com\/iccf\/wp-content\/uploads\/2011\/12\/Peter-Korning.jpg\"><img aria-describedby=\"caption-attachment-2856\" loading=\"lazy\" class=\"size-medium wp-image-2856\" title=\"Peter Korning\" src=\"http:\/\/kszgk.com\/iccf\/wp-content\/uploads\/2011\/12\/Peter-Korning-238x300.jpg\" alt=\"\" width=\"238\" height=\"300\" srcset=\"https:\/\/kszgk.com\/iccf\/wp-content\/uploads\/2011\/12\/Peter-Korning-238x300.jpg 238w, https:\/\/kszgk.com\/iccf\/wp-content\/uploads\/2011\/12\/Peter-Korning-119x150.jpg 119w, https:\/\/kszgk.com\/iccf\/wp-content\/uploads\/2011\/12\/Peter-Korning-400x502.jpg 400w, https:\/\/kszgk.com\/iccf\/wp-content\/uploads\/2011\/12\/Peter-Korning.jpg 595w\" sizes=\"(max-width: 238px) 100vw, 238px\" \/><\/a><p id=\"caption-attachment-2856\" class=\"wp-caption-text\">Peter Korning<\/p><\/div>\n<p>&nbsp;<\/p>\n<p>&nbsp;<\/p>\n<div id=\"attachment_2857\" style=\"width: 310px\" class=\"wp-caption alignnone\"><a href=\"http:\/\/kszgk.com\/iccf\/wp-content\/uploads\/2011\/12\/Soren-Ottesen-Soren-Peschardt.jpg\"><img aria-describedby=\"caption-attachment-2857\" loading=\"lazy\" class=\"size-medium wp-image-2857\" title=\"Soren Ottesen &amp; Soren Peschardt\" src=\"http:\/\/kszgk.com\/iccf\/wp-content\/uploads\/2011\/12\/Soren-Ottesen-Soren-Peschardt-300x209.jpg\" alt=\"\" width=\"300\" height=\"209\" srcset=\"https:\/\/kszgk.com\/iccf\/wp-content\/uploads\/2011\/12\/Soren-Ottesen-Soren-Peschardt-300x209.jpg 300w, https:\/\/kszgk.com\/iccf\/wp-content\/uploads\/2011\/12\/Soren-Ottesen-Soren-Peschardt-150x104.jpg 150w, https:\/\/kszgk.com\/iccf\/wp-content\/uploads\/2011\/12\/Soren-Ottesen-Soren-Peschardt-400x279.jpg 400w, https:\/\/kszgk.com\/iccf\/wp-content\/uploads\/2011\/12\/Soren-Ottesen-Soren-Peschardt.jpg 659w\" sizes=\"(max-width: 300px) 100vw, 300px\" \/><\/a><p id=\"caption-attachment-2857\" class=\"wp-caption-text\">S\u00f8ren Ottesen &amp; S\u00f8ren Peschardt<\/p><\/div>\n<p>&nbsp;<\/p>\n<p><!--nextpage--><\/p>\n<p>Games [<em>to be provided<\/em>]<\/p>\n<p>&nbsp;<\/p>\n<p>&nbsp;<\/p>\n","protected":false},"excerpt":{"rendered":"\n<p>Name of Federation: Dansk Skak Union (DSU)<\/p>\n<p>Year of Foundation: 1903<\/p>\n<p>ICCF Delegate &amp; E-Mail contact: S\u00f8ren Peschardt (speschardt@mail.dk)<\/p>\n<p>Website: http:\/\/www.dsu.dk\/<\/p>\n<p>Article provided by: S\u00f8ren Peschardt &#8211; with assistance from J\u00f8rgen Axel Nielsen<\/p>\n<p>&nbsp;<\/p>\n<p>Compared to size and number of people, Denmark must be one of the strongest correspondence chess countries in the World! [&#8230;]<\/p>\n","protected":false},"author":1,"featured_media":0,"parent":704,"menu_order":7,"comment_status":"closed","ping_status":"open","template":"","meta":{"ngg_post_thumbnail":0},"_links":{"self":[{"href":"https:\/\/kszgk.com\/iccf\/index.php?rest_route=\/wp\/v2\/pages\/2853"}],"collection":[{"href":"https:\/\/kszgk.com\/iccf\/index.php?rest_route=\/wp\/v2\/pages"}],"about":[{"href":"https:\/\/kszgk.com\/iccf\/index.php?rest_route=\/wp\/v2\/types\/page"}],"author":[{"embeddable":true,"href":"https:\/\/kszgk.com\/iccf\/index.php?rest_route=\/wp\/v2\/users\/1"}],"replies":[{"embeddable":true,"href":"https:\/\/kszgk.com\/iccf\/index.php?rest_route=%2Fwp%2Fv2%2Fcomments&post=2853"}],"version-history":[{"count":4,"href":"https:\/\/kszgk.com\/iccf\/index.php?rest_route=\/wp\/v2\/pages\/2853\/revisions"}],"predecessor-version":[{"id":2855,"href":"https:\/\/kszgk.com\/iccf\/index.php?rest_route=\/wp\/v2\/pages\/2853\/revisions\/2855"}],"up":[{"embeddable":true,"href":"https:\/\/kszgk.com\/iccf\/index.php?rest_route=\/wp\/v2\/pages\/704"}],"wp:attachment":[{"href":"https:\/\/kszgk.com\/iccf\/index.php?rest_route=%2Fwp%2Fv2%2Fmedia&parent=2853"}],"curies":[{"name":"wp","href":"https:\/\/api.w.org\/{rel}","templated":true}]}}