{"id":2819,"date":"2011-12-17T07:03:26","date_gmt":"2011-12-17T06:03:26","guid":{"rendered":"http:\/\/kszgk.com\/iccf\/?page_id=2819"},"modified":"2011-12-17T07:16:06","modified_gmt":"2011-12-17T06:16:06","slug":"netherlands","status":"publish","type":"page","link":"https:\/\/kszgk.com\/iccf\/?page_id=2819","title":{"rendered":"Netherlands"},"content":{"rendered":"<p><strong>Name of Federation<\/strong>: Nederlandse Bond van Correspondentieschakers (NBC)<\/p>\n<p><strong>Year of Foundation<\/strong>: 1966<\/p>\n<p><strong>ICCF Delegate<\/strong>: Arjen Oudheusden (<a href=\"mailto:wa.oudheusden@gmail.com\">wa.oudheusden@gmail.com<\/a>)<\/p>\n<p><strong>E-Mail contact<\/strong>: Joop Jansen (<a href=\"mailto:jannesnelleke@home.nl\">jannesnelleke@home.nl<\/a>)<\/p>\n<p><strong>Website<\/strong>: <a href=\"http:\/\/www.correspondentieschaken.nl\/\">http:\/\/www.correspondentieschaken.nl\/<\/a><\/p>\n<p><strong>Article provided by<\/strong>: Nol van \u2018t Riet<\/p>\n<p><!--nextpage--><\/p>\n<p><strong>History<\/strong><\/p>\n<p>There are some writings from the second part of the 18th century in which you can find that Dutch persons were playing correspondence chess. For instance in the S\u00e4mtliche Werke of Jean Paul Richter (1783). Much more detail can be found in the book \u201cTweehonderdvijftig jaar correspondentieschaak in Nederland\u201d, written by Leo C. M. Diepstraten (in 1991), who at that time was the President of the NBC. In the book he states that the oldest correspondence chess game in the world of which the moves are known is the one which was played in the Netherlands between Friedrich Wilhelm von Mauvillon, lieutenant-colonel in the Dutch army in The Hague, and one of his (unknown) brother-officers in Breda. This game was played in 1804. For this article I have thankfully drawn on this book.<\/p>\n<div class='chessboard-wrapper'><textarea id='pgn4web_404c91e7' style='display:none;' cols='40' rows='8'>   [Event \"colours unknown\"]  [Date \"1804\"]  [White \"von Mauvillon,F\"]  [Black \"one of his brother officers\"]  [Result \"1-0\"]  [ECO \"C21\"]  1.e4 e5 2.d4\u00a0{... to be supplemented}\u00a0 1\u20130   <\/textarea><iframe src='https:\/\/kszgk.com\/iccf\/wp-content\/plugins\/embed-chessboard\/pgn4web\/board.html?am=n&amp;d=3000&amp;ig=f&amp;iv=0&amp;ih=s&amp;ss=26&amp;ps=d&amp;pf=d&amp;lch=E6CC98&amp;dch=AD826A&amp;bbch=E0E0E0&amp;hm=b&amp;hch=ABABAB&amp;bd=c&amp;cbch=F0F0F0&amp;ctch=696969&amp;hd=j&amp;md=f&amp;tm=13&amp;fhch=000000&amp;fhs=14&amp;fmch=190CCC&amp;fcch=595959&amp;hmch=E0E0E0&amp;fms=14&amp;fcs=m&amp;cd=i&amp;bch=FFFFFF&amp;fp=13&amp;hl=t&amp;fh=b&amp;fw=p&amp;pi=pgn4web_404c91e7' frameborder='0' width='100%' height='268' scrolling='no' marginheight='0' marginwidth='0'>your web browser and\/or your host do not support iframes as required to display the chessboard; alternatively your wordpress theme might suppress the html iframe tag from articles or excerpts<\/iframe><\/div>\n<p>In an over-the-board tournament in Arnhem in 1858, which took 2 days, there was a very special ruling: unfinished games had to be ended afterwards by correspondence chess. In his book Leo Diepstraten records many CC games played in the second half of the 19th century between cities (also international games) and between individual players. After the foundation of the Nederlandsche Schaakbond in 1873 it took until 1899 before a first official correspondence chess tournament was organised by its magazine \u201cHet Tijdschrift\u201d with 20 participants. Other tournaments followed in 1910, 1916, 1920 and 1924. From 1927 on, groups were started on a continuous basis. The moves of the White players had to be posted not later than the 1st and the 16th day of the month, the Black moves at the latest on the 8th and the 23rd. Strong Dutch over-the-board players like the brothers Jonkheer Arnold and Dr. Dirk van Foreest, Jan te Kolst\u00e9, Max Marchand, Dr. Adolf Olland and Mr. Gerard Oskam were regular participants of these tournaments.<\/p>\n<p>In the international scene at that time a Dutchman played an important role in the foundation of the IFSB (Internationale FernschachBund). This association was founded in Berlin on December 2, 1928 by John W. Keemink from Hilversum and his two German fellows Dr. Rudolf D\u00fchrssen and Hans-Werner von Massow.<\/p>\n<p>The first Dutch championship was organised in 1934 and Dr. T. ten Kate won it. Until 1999 he has had 51 successors. Among them there is only one player who won the Dutch championship three times: the first Dutch grandmaster Kor Mulder van Leens Dijkstra, who won the title in 1946, 1947 and 1948. Kor was a very remarkable player: he was a potato millionaire, who had the phobia that he would die at the moment he would leave his own property. So he was condemned to play correspondence chess. He also had a big collection of all kind of cards, sent to him, with nice stamp-sized coloured pieces of pictures from brochures and so on, which were regularly stamped by the postal services and for which he has not been surcharged.<\/p>\n<p>I have developed a measuring-staff with which it would be possible to find out which player could be crowned as \u201cMister XYZ tournament\u201d (fill in the name of a special kind of correspondence chess tournament which is organised once and again). With this measuring-staff (defined as: the sum of the number of scored points, the number of played games and the percentage score in these games) it can be calculated that Mister Dutch Championship is Maarten Etmans. The top five players of this eternal list are:<\/p>\n<p>1. Maarten Etmans (103\u00bd points; 231 games; 45%; Total 379\u00bd)<\/p>\n<p>2. H. G. J. H\u00f6lscher (84\u00bd points, 153 games, 55%; Total 292\u00bd)<\/p>\n<p>3. Dr. J. W. A. van Kol (67\u00bd points; 121 games; 56%; Total 244\u00bd)<\/p>\n<p>4. Richard Hendriks (63\u00bd points; 111 games; 57%; Total 231\u00bd)<\/p>\n<p>5. Ronald Weijerstrass (53\u00bd points; 84 games; 64%; Total 201\u00bd)<\/p>\n<p>&nbsp;<\/p>\n<p>In the 1960s the stronger Dutch correspondence chess players were not satisfied with the way their international interests were treated by the organisers of the national tournaments. And so they founded the Nederlandse Bond van Correspondentieschakers, on November 19, 1966 in Arnhem. The first board was formed by internationally well-known players and officials: H. J. Mostert, Berthold Perfors, Henk Sarink, Dick Smit and J. Zaagman.<\/p>\n<p>NBC not only organises the Dutch championship, but also a lot of tournaments: promotional tournaments, cup tournaments, senior and veteran championships, team championships, balance and thematic tournaments. And moreover many team matches with all kind of interesting opponents. Schaakschakeringen is the name of the magazine of the NBC. It is now published six times a year.<\/p>\n<p>&nbsp;<\/p>\n<p><strong>Achievements<\/strong><\/p>\n<p>Dutch officials have always played an important role in the history of the organisation of international CC. As already stated, John W. Keemink was one of the founders of the IFSB. After the Second World War J. Zaagman was one of the founders of the ICCA, the successor of IFSB and also the predecessor of ICCF. The first Tournament Director of ICCF was H. ter Braak. He was Director from 1952 until 1967. From 1964 until 1995 Dick Smit was a member of the Telechess commission, being the President of that commission from 1980 until 1995. From 1967 until 1996 H. J. Mostert was one of the most prominent members of the ICCF Presidium. After he had been Vice-President and General-Secretary he was elected as ICCF President at the ICCF Congress in 1987 in Bloemendaal, near to his residence Haarlem. Finally Nol van \u2018t Riet, in his role of European Tournament Office Director (1983\u201391), started the computerisation of ICCF. Moreover he also constructed the ICCF Rating system (1980\u201387).<\/p>\n<div id=\"attachment_2820\" style=\"width: 232px\" class=\"wp-caption alignleft\"><a href=\"http:\/\/kszgk.com\/iccf\/wp-content\/uploads\/2011\/12\/Mostert.jpg\"><img aria-describedby=\"caption-attachment-2820\" loading=\"lazy\" class=\"size-medium wp-image-2820\" title=\"Mostert\" src=\"http:\/\/kszgk.com\/iccf\/wp-content\/uploads\/2011\/12\/Mostert-222x300.jpg\" alt=\"\" width=\"222\" height=\"300\" srcset=\"https:\/\/kszgk.com\/iccf\/wp-content\/uploads\/2011\/12\/Mostert-222x300.jpg 222w, https:\/\/kszgk.com\/iccf\/wp-content\/uploads\/2011\/12\/Mostert-111x150.jpg 111w, https:\/\/kszgk.com\/iccf\/wp-content\/uploads\/2011\/12\/Mostert-400x540.jpg 400w, https:\/\/kszgk.com\/iccf\/wp-content\/uploads\/2011\/12\/Mostert.jpg 511w\" sizes=\"(max-width: 222px) 100vw, 222px\" \/><\/a><p id=\"caption-attachment-2820\" class=\"wp-caption-text\">Henk J. Mostert<\/p><\/div>\n<p>&nbsp;<\/p>\n<p>&nbsp;<\/p>\n<p>Henk J. Mostert (pictured above), not only contributed extensively to the organisation of the ICCF, but also to the NBC. Under his guidance as Tournament Director the number of members grew from 200 to 1,500 in the mid-1980s. Quite a number of these Dutch players have got possibilities to score master and grandmaster norms in all kind of international tournaments. Although it is mainly the individual merit of titled players themselves, it is through the contribution of H.J. Mostert that the Netherlands has so many titled players and so many participants in ICCF events. At the ICCF Congresses he excelled for many years, and also in two other ways: as translator (from any language into any other desired language) and in using his own sense of humour to solve all kind of problems (or better: in preventing all kind of possible problems!). Sadly, he died this year and an appreciation appears elsewhere in this book.<\/p>\n<p>Of course there have been many Dutch players who achieved remarkable results. In the finals of a World Championship the following Dutch players have been playing: Theo van Scheltinga and P. van \u2018t Veer (1st Final), Cor Jansen (6th), And Peter Boll (14th). Gert Timmerman was the first Dutch World Champion (15th) and Joop van Oosterom won the World Championship title twice (18th and 21st ). In the nineties Walter Mooij has won the 44th European Championship. In 1995, one of these players, Gert Timmerman, took the first place of the ICCF rating list with a rating of 2725, and has kept it until the latest list. Asked for his best game ever he gave his game against Ove Ekebjaerg (DEN) in the jubilee tournament NBC 25 years. \u201cA fantastic game\u201d, as he wrote in the tournament book.<\/p>\n<p><!--nextpage--><\/p>\n<p><strong>International tournaments<\/strong><\/p>\n<p>NBC organised several international invitational tournaments in which ICCF titles could be achieved. Below you\u2019ll find the final results of these tournaments.<\/p>\n<p>&nbsp;<\/p>\n<p>NBC Mastertournament (1969\u20131971)<\/p>\n<p>1\u00b0. Ir. A. den Ouden (NLD) 8; 2\u00b0. Sandor Brilla Banfalvi (HUN), Cor Groeneveld (NLD) 7; 4\u00b0. Dr. F. Bohartirchuk (CAN) 6\u00bd; 5\u00b0. Ing. M. Trajkovic (YUG) 5\u00bd; 6\u00b0. Paul Heilemann (FRG), E. Svensson (SVE) 5: 8\u00b0. Ing. F. Batik (CSR) 4\u00bd; 9\u00b0. Dr. Mario Napolitano (ITA), U. Slump (NLD) 2\u00bd; 11\u00b0. H. J. Mostert (NLD) 1\u00bd<\/p>\n<p>&nbsp;<\/p>\n<p>Perfors Memorial tournament (1976-80)<\/p>\n<p>1\u00b0. Keith Richardson (ENG) 9\u00bd; 2\u00b0. Dick Smit (NLD), P. H. Clarke (ENG) 8\u00bd; 4\u00b0. Henk Sarink (NLD), Horst Rittner (GDR) 8; 6\u00b0. Felix Grzeskowiak (FRG) 6\u00bd; 7\u00b0. Manfred M\u00e4dler (FRG), Jef Boey (BEL), Hans Bouwmeester (NLD) 5\u00bd; 10\u00b0. Jaap Staal (NLD) 5; 11\u00b0. M. Berta (YUG) 3\u00bd; 12\u00b0. G\u00f6ran L\u00e4gland (FIN), Lucius Endzelins (AUS) 2<\/p>\n<p>&nbsp;<\/p>\n<p>NBC-15 Volmac Grandmaster tournament (1982\u20131987)<\/p>\n<p>1\u00b0. Horst Rittner (GDR) 11; 2\u00b0. Tjalling Wiersma (NLD), Gert Timmerman (NLD) 10; 4\u00b0. Hans Bouwmeester (NLD) 9\u00bd; 5\u00b0. Bartolom\u00e9 Marcussi (ARG) 8\u00bd; 6\u00b0. Ger van Perlo (NLD), Juhani Sorri (FIN) 8; 8\u00b0. Prof. J. Planta (NLD), Keith Richardson (ENG), Joop van Oosterom (NLD) 6\u00bd; 11\u00b0. Dr. Vitor Bergraser (FRA), Viggo Quist (DEN) 5; 13\u00b0. F. Boyd (ENG), M. Berta (YUG) 4; 1\u00b05. A. Backlund (FIN) 2\u00bd<\/p>\n<p>&nbsp;<\/p>\n<p>NBC-15 Volmac Master tournament (1982\u20131987)<\/p>\n<p>1\u00b0. Dr. Dick van Geet (NLD) 9\u00bd; 2\u00b0. Dag Orseth (NOR) 8\u00bd; 3\u00b0. Bram van der Tak (NLD), Anders Berggreen (DEN) 7\u00bd; 5\u00b0. Hans Brugman (NLD) 7; 6\u00b0. Henk Sarink (NLD) 6\u00bd; 7\u00b0. Paul Diaconescu (ROM), John Toothill (ENG) 6; 9\u00b0. Walter Mooij (NLD) 5\u00bd; 10\u00b0. \u00d8ystein Sande (NOR) 5; 11\u00b0. J. Yrj\u00f6l\u00e4\u00e4 (FIN) 4\u00bd; 12\u00b0. Vidar Taksrud (NOR) 3; 13\u00b0. Carlos Germ\u00e1n Pappier (ARG) 1\u00bd.<\/p>\n<p>&nbsp;<\/p>\n<p>NBC-25 Jubilee tournament (1991\u201394)<\/p>\n<p>1\u00b0. Gert Timmerman (NLD) 17\u00bd; 2\u00b0. Joop van Oosterom (NLD) 16; 3\u00b0. Achim Soltau (GER) 14\u00bd; 4\u00b0. Ove Ekebjaerg (DEN) 14; 5\u00b0. Terje Wibe (NOR), Frank Hovde (NOR) 13\u00bd; 7\u00b0. Peter Boll (NLD), Horst Rittner (GER) 12\u00bd; 9\u00b0. Henk Sarink (NLD) 11; 10\u00b0. Dick Smit (NLD), Haije Kramer (NLD), Henk Temmink (NLD) 10\u00bd; 13\u00b0. Viggo Quist (DEN) 8\u00bd; 14\u00b0. Ronald Overveld (NLD) 8; 15\u00b0. Tjalling Wiersma (NLD), Piet Seewald (NLD) 7; 17\u00b0. Ronald Weijerstrass (NLD) 6\u00bd; 18\u00b0. Olavi Neuvonen (FIN) 6; 19\u00b0. Jaap Staal (NLD) 5\u00bd; 20 .Joop Kolenbrander (NLD) 5; 21 Hans Bouwmeister (NLD) 0<\/p>\n<p>&nbsp;<\/p>\n<p>NBC-30 Jubilee tournament (1997)<\/p>\n<p>1 Kahn,Manfred (GER) 9.5; 2 Soltau,Achim (GER) 9.5; Plomp,Michiel Pieter (NED) 9.0; 4 Prokopp,Heinz (GER) 8.5; 5 Fries Nielsen,Jens Ove (DEN) 8.0; 6 Stuart,A.J.(Toon) (NED) 7.5; 7 Jacot,Laurent (SUI) 7.5; 8 Walker,Georg (SUI) 7.5; 9 Compagnie,Luc G. (NED) 6.5; 10 Boom,Wim H. (NED) 6.5; 11 Hebels,Albert (NED) 6.0; 12 Oksanen,Yrjo (FIN) 5.5; 13 Backlund,Ake (FIN) 5.0; 14 Pyrich,George D 4.5; 15 Sorensen,Bent (DEN) 4.0.<\/p>\n<p>&nbsp;<\/p>\n<p>Millennium E-Mail Chess Tournament (2000-2002)<\/p>\n<p>Participants: Ulf Andersson (SVE), Erik Bang (DEN), Hans-Marcus Elwert (GER), Joop van Oosterom (NLD), Harald Tarnowiercki (AUT), and Gert-Jan Timmermann (NLD).<\/p>\n<p>&nbsp;<\/p>\n<p>Dick Smit Memorial (2000-2002)<\/p>\n<p>Participants: M. Schroeder (NLD), M. Zavanelli (USA), E. Sprenger (NLD), R. Wikman (FIN), K. Nienhuis (NLD), T. Remmel (NLD), B. Idema (NLD), H. Rittner (GER), G. van Perlo (NLD), H. Sarink (NLD), C. van Wieringen (NLD).<\/p>\n<p>&nbsp;<\/p>\n<p>Joel Adler Memorial (2005-2008)<\/p>\n<p>1 Jo\u00e3o, N\u00e9vio (BRA) 9; 2 Williams, Christopher C. (ENG) 9; 3 GM Olofson, Dan (SWE) 9; 4 Men\u00e9ndez, Daniel (ARG) 9; 5 Beaumont, David (ARG) 9; 6 IM Jansen, Joop H. E. (NED) 8.5; 7 N\u00fdvlt, Zden\u011bk (CZE) 8; 8 Pheby, Ian M. (ENG) 7; 9 Hotting, Arend (NED) 6.5; 10 GM Mercadal Benejam, Josep (ESP) 6; 11 Mukherjee, Ajoy K. (ENG) 5.5; 12 Gonz\u00e1lez, Juan Bautista (ARG) 5.5 13 Bos, Henk J. van den (NED) 4.5; 14 IM Z\u00e1rate, Juan Carlos (ARG) 4.5; 15 Ritsema, Ronald J. E. (NED) 4.<\/p>\n<p>&nbsp;<\/p>\n<p>H J Mostert Memorial Team Match (2006-2009)<\/p>\n<p>The Netherlands 33.5 &#8211; 30.5 International friends<\/p>\n<p>GM Oosterom, Joop J. van (NED) 6; GM Langeveld, Ron A. H. (NED) 6.5; GM Plomp, Michiel P. (NED) 5; GMGeet, Dr. Dick Dani\u00ebl van (NED) 4; SIM Kuiper, Jacques (NED) 3.5; GM Bouwmeester, Hans (NED) 3; SIM Knol, Everdinand (RSA) 1.5; Verleur, Jan H. (NED) 4; GM Umansky, Mikhail Markovich (RUS) 5; GM Bang, Erik (DEN) 2.5; GM Baumbach, Dr. Fritz (GER) 5; GM Soltau, Achim (GER) 5; IM Liebert, Ervin (EST) 4; SIM Flores Guti\u00e9rrez, Carlos (ESP); 3 SIM Samraoui, Mohamed (ALG) 4; SIM Binder, Gerhard (GER) 2.<\/p>\n<p>&nbsp;<\/p>\n<p>Ger van Perlo Memorial A (2010 &#8211; \u2026)<\/p>\n<p>&nbsp;<\/p>\n<p>Ger van Perlo Memorial B (2010 &#8211; \u2026)<\/p>\n<p><!--nextpage--><\/p>\n<p>game<\/p>\n<div class='chessboard-wrapper'><textarea id='pgn4web_19a129b6' style='display:none;' cols='40' rows='8'>   [Event \"cr NBC 25 years\"]  [Date \"1994\"]  [White \"Ekebjaerg, O\"]  [Black \"Timmermann, GJ\"]  [Result \"0-1\"]  [ECO \"C27\"]   {Timmermann}   1.Nc3 e5 2.e4 {... to be supplemented}\u00a0 0-1   <\/textarea><iframe src='https:\/\/kszgk.com\/iccf\/wp-content\/plugins\/embed-chessboard\/pgn4web\/board.html?am=n&amp;d=3000&amp;ig=f&amp;iv=0&amp;ih=s&amp;ss=26&amp;ps=d&amp;pf=d&amp;lch=E6CC98&amp;dch=AD826A&amp;bbch=E0E0E0&amp;hm=b&amp;hch=ABABAB&amp;bd=c&amp;cbch=F0F0F0&amp;ctch=696969&amp;hd=j&amp;md=f&amp;tm=13&amp;fhch=000000&amp;fhs=14&amp;fmch=190CCC&amp;fcch=595959&amp;hmch=E0E0E0&amp;fms=14&amp;fcs=m&amp;cd=i&amp;bch=FFFFFF&amp;fp=13&amp;hl=f&amp;fh=643&amp;fw=p&amp;pi=pgn4web_19a129b6' frameborder='0' width='100%' height='643' scrolling='no' marginheight='0' marginwidth='0'>your web browser and\/or your host do not support iframes as required to display the chessboard; alternatively your wordpress theme might suppress the html iframe tag from articles or excerpts<\/iframe><\/div>\n<p>&nbsp;<\/p>\n","protected":false},"excerpt":{"rendered":"\n<p>Name of Federation: Nederlandse Bond van Correspondentieschakers (NBC)<\/p>\n<p>Year of Foundation: 1966<\/p>\n<p>ICCF Delegate: Arjen Oudheusden (wa.oudheusden@gmail.com)<\/p>\n<p>E-Mail contact: Joop Jansen (jannesnelleke@home.nl)<\/p>\n<p>Website: http:\/\/www.correspondentieschaken.nl\/<\/p>\n<p>Article provided by: Nol van \u2018t Riet<\/p>\n<p>History<\/p>\n<p>There are some writings from the second part of the 18th century in which you can find that Dutch persons were playing [&#8230;]<\/p>\n","protected":false},"author":1,"featured_media":0,"parent":704,"menu_order":23,"comment_status":"closed","ping_status":"open","template":"","meta":{"ngg_post_thumbnail":0},"_links":{"self":[{"href":"https:\/\/kszgk.com\/iccf\/index.php?rest_route=\/wp\/v2\/pages\/2819"}],"collection":[{"href":"https:\/\/kszgk.com\/iccf\/index.php?rest_route=\/wp\/v2\/pages"}],"about":[{"href":"https:\/\/kszgk.com\/iccf\/index.php?rest_route=\/wp\/v2\/types\/page"}],"author":[{"embeddable":true,"href":"https:\/\/kszgk.com\/iccf\/index.php?rest_route=\/wp\/v2\/users\/1"}],"replies":[{"embeddable":true,"href":"https:\/\/kszgk.com\/iccf\/index.php?rest_route=%2Fwp%2Fv2%2Fcomments&post=2819"}],"version-history":[{"count":4,"href":"https:\/\/kszgk.com\/iccf\/index.php?rest_route=\/wp\/v2\/pages\/2819\/revisions"}],"predecessor-version":[{"id":2822,"href":"https:\/\/kszgk.com\/iccf\/index.php?rest_route=\/wp\/v2\/pages\/2819\/revisions\/2822"}],"up":[{"embeddable":true,"href":"https:\/\/kszgk.com\/iccf\/index.php?rest_route=\/wp\/v2\/pages\/704"}],"wp:attachment":[{"href":"https:\/\/kszgk.com\/iccf\/index.php?rest_route=%2Fwp%2Fv2%2Fmedia&parent=2819"}],"curies":[{"name":"wp","href":"https:\/\/api.w.org\/{rel}","templated":true}]}}