{"id":2808,"date":"2011-12-15T11:05:05","date_gmt":"2011-12-15T10:05:05","guid":{"rendered":"http:\/\/kszgk.com\/iccf\/?page_id=2808"},"modified":"2011-12-15T11:39:52","modified_gmt":"2011-12-15T10:39:52","slug":"lithuania","status":"publish","type":"page","link":"https:\/\/kszgk.com\/iccf\/?page_id=2808","title":{"rendered":"Lithuania"},"content":{"rendered":"<p><strong>Name of Federation<\/strong>: Lietuvos Korespondencini\u0173 \u0160achmat\u0173 Federacija (Lithuanian Correspondence Chess Federation)<\/p>\n<p><strong>Year of Foundation<\/strong>: 1959<\/p>\n<p><strong>ICCF Delegate<\/strong>:\u00a0Marijonas Ro\u010dius (<a href=\"mailto:marius@ipv.lt\">marius@ipv.lt<\/a>)<\/p>\n<p><strong>E-Mail contact<\/strong>: Dmitrijus Chocenka (<a href=\"mailto:dchocenka@gmail.com\">dchocenka@gmail.com<\/a>)<\/p>\n<p><strong>Website<\/strong>: <a href=\"http:\/\/lksf.lt\/lt\/\">http:\/\/lksf.lt\/lt\/<\/a><\/p>\n<p><strong>Article provided by<\/strong>: \u00a0Dmitrijus Chocenka<\/p>\n<p><!--nextpage--><\/p>\n<p><strong>CC history in Lithuania<\/strong><\/p>\n<p>In 1866, the first match was organised between the cities of Klaipeda (a Lithuanian seaport) and Hannover (Germany). It was played to the best of four games. The second correspondence chess competition took place in 1888, and it was a commercial match between Vilnius and Voronezh (Russia). There were four players per team: J. Levis, S. Matedzis, M. Prozorovas and O. Rukas representing Lithuania, and A. Veber, D. Gravirovskij, I. Kalinskij and G. Karenovskij representing Russia. The two games were played in consultation, with the final result of 1.5\u20130.5, Voronezh was the winner. Vilnius had to pay 25 roubles -a lot of money at that time!<\/p>\n<p>In 1959-1960 the first Baltic countries championship was organised for Lithuania-Latvia-Estonia (30 boards).<\/p>\n<p>The Lithuanian CCF became a member of ICCF in 1992 at the Congress held in Graz (Austria). On 1st February, 1996, the Lithuanian CCF was registered in the Ministry of Justice. Before that time, LCCF was part of the Lithuanian Chess Federation (OTB).<\/p>\n<p>&nbsp;<\/p>\n<p><strong>Achievements<\/strong><\/p>\n<p>Lithuania had two remarkable results in team events: it won the European Cup (1966-1971) with 65.5 points, ahead of Moscow (61.5), Estonia (53.5), West Germany (52.5), East Germany (47), Hungary (54), Russia (44.5), Latvia (33.5) and Belgium (28.5). The Lithuanian team was: V. Mikenas, I. Vistaneckis, J. Krimeris, D. Lapienis, A Uogele, G. Plunge, G. Lakiunas, M. Kozlovas, J. Butkus, L. Kalvelis, V. Milvydas, and A. Vladimirovas.<\/p>\n<p>Lithuania also won the Soviet Union team championship (1982-1984) with 131 points, ahead of Russia (130.5), Azerbaijan (129.5), Estonia (123.5), Latvia (118.5), Ukraine (116), Moscow (114), Leningrad (107.5), Byelorussia (103), Kazakhstan (93.5), Uzbekistan (89), Armenia (80), Tadjikistan (70), Moldova (69), Kirghizia (63), Turkmenia (50.5) and Georgia (42). The team members were A. Uogele, V. Gefenas, V. Nomantas, R. Sutkus, E. Slekys, R. Klimavicius, J. Butkus, A. Mikenas, V. Sutkus, A. Kup\u0161ys, F. Dobrovolskyte, and J. Blinkeviciut\u00e9.<\/p>\n<p>In individual CC events, many Lithuanians have won European CC Championship: Anicetas Uogele, Vladas Gefenas, Gediminas Rastenis, Ricardas Zitkus, Valentinas Normantas, and Alius Mikenas.<\/p>\n<p>Donatas Lapienis was the highest rated player in the World during the period 1989-1991, and he won the tournament \u201c100 Years of the Polish Chess Union\u201d. He was the first Lithuanian CC Grandmaster.<\/p>\n<p>Borisas Rumiancevas won the \u201cVilnius-100\u201d international Tournament (1988-1993) gaining the GM title. Second was Piet Seewald (NLD) and third was Robertas Sutkus (LIT).<\/p>\n<p>V. Andriulaitis became a GM in the Reg Gillman Memorial B tournament.<\/p>\n<p>Anicetas Uogele was winner of the first three Lithuanian CC championships.<\/p>\n<p>Finally, Lithuania is also known for its famous emigrant representatives. Romanas Arlauskas was an ICCF Grandmaster, born in Kaunas in 1917. In the year 1944 he migrated to Germany, and later (1948) to Australia. Vytas Palciauskas was the winner of the 10th World Championship Final and is also an ICCF Grandmaster. He was born in 1941 in Kaunas, but in 1945 his family emigrated to Germany and in 1949 to USA, where he now resides with his wife Aurelia.<\/p>\n<p><!--nextpage--><\/p>\n<p>Lithuanian achievements in modern times were mostly reached in team competitions. Lithuanian ladies won the 6th Ladies Olympiad. The team members were Dambrauskait\u0117 Vilma, Kveinys Vineta, Myla\u0161i\u016bt\u0117 Vygant\u0117 and Potapova Jelizaveta. In the 7th LOLY Lithuania was second behind Slovenia the team members were Dambrauskait\u0117 Jurgita, Potapova Jelizaveta, Kveinys Vineta and Dambrauskait\u0117 Vilma. Lithuania was also second in the 14th Olympiad the team members were Andriulaitis Vytautas, Kup\u0161ys Alfonsas, Ro\u010dius Marijonas, Zagorskis Darius, Novikovas Vitalijus and Grabliauskas Virginijus. Lithuania was also second in the 6th European team championship. The team members were Andriulaitis Vytautas, Grabliauskas Virginijus, Kup\u0161ys Alfonsas, Rubinas Pavel, Ro\u010dius Marijonas, Zagorskis Darius, Bandza Algirdas, Novikovas Vitalijus, Petraitis Gintautas (he was substituted by Minelga Dainius), Dambrauskas Virginijus, Rup\u0161ys Rimantas and Rauduv\u0117 Algirdas (he was substituted by Godlauskas Kazys).<\/p>\n<p>Lithuania lately organized two strong invitaniotal tournaments: <a href=\"http:\/\/www.iccf-webchess.com\/EventCrossTable.aspx?id=16615\">1000 years to Lithuania<\/a>\u00a0(the winner was Rubinas Pavel gaining GM title) and <a href=\"http:\/\/www.iccf-webchess.com\/EventCrossTable.aspx?id=16617\">Robertas Sutkus Memorial<\/a> (the second place winner was Sutkus Vytautas, the brother of the Robertas).<\/p>\n<p>Many Lithuanian players gained GM and IM titles in the past few years. GM title was gained by Rubinas Pavel, Petraitis Gintautas, Grabliauskas Virginijus, Kup\u0161ys Alfonsas. IM title was gained by Minelga Dainius, Chocenka Dmitrijus, Pak\u0117nas Povilas, Sutkus Vytautas.<\/p>\n<p>&nbsp;<\/p>\n<p>&nbsp;<\/p>\n<div id=\"attachment_2811\" style=\"width: 310px\" class=\"wp-caption alignleft\"><a href=\"http:\/\/kszgk.com\/iccf\/wp-content\/uploads\/2011\/12\/Virginijus-Braziulis-27th-Lithuanian-CC-Champion2.jpg\"><img aria-describedby=\"caption-attachment-2811\" loading=\"lazy\" class=\"size-medium wp-image-2811\" title=\"Virginijus Braziulis - 27th Lithuanian CC Champion2\" src=\"http:\/\/kszgk.com\/iccf\/wp-content\/uploads\/2011\/12\/Virginijus-Braziulis-27th-Lithuanian-CC-Champion2-300x243.jpg\" alt=\"\" width=\"300\" height=\"243\" srcset=\"https:\/\/kszgk.com\/iccf\/wp-content\/uploads\/2011\/12\/Virginijus-Braziulis-27th-Lithuanian-CC-Champion2-300x243.jpg 300w, https:\/\/kszgk.com\/iccf\/wp-content\/uploads\/2011\/12\/Virginijus-Braziulis-27th-Lithuanian-CC-Champion2-150x121.jpg 150w, https:\/\/kszgk.com\/iccf\/wp-content\/uploads\/2011\/12\/Virginijus-Braziulis-27th-Lithuanian-CC-Champion2-400x325.jpg 400w, https:\/\/kszgk.com\/iccf\/wp-content\/uploads\/2011\/12\/Virginijus-Braziulis-27th-Lithuanian-CC-Champion2.jpg 658w\" sizes=\"(max-width: 300px) 100vw, 300px\" \/><\/a><p id=\"caption-attachment-2811\" class=\"wp-caption-text\">Virginijus Braziulis - 27th Lithuanian CC Champion<\/p><\/div>\n<p>&nbsp;<\/p>\n<p>&nbsp;<\/p>\n<p>&nbsp;<\/p>\n<p>&nbsp;<\/p>\n<p>&nbsp;<\/p>\n<p>&nbsp;<\/p>\n<p>&nbsp;<\/p>\n<p>&nbsp;<\/p>\n<p>&nbsp;<\/p>\n<p><!--nextpage--><\/p>\n<p>games<\/p>\n<div class='chessboard-wrapper'><textarea id='pgn4web_b1b45464' style='display:none;' cols='40' rows='8'>   [Event \"CC Olympiad 14\u00a0Final\"]  [Site \"ICCF\"]  [Date \"2002-\"]  [Round \"?\"]  [White \"Grabliauskas, Virginijus\"]  [Black \"Haugen, Arild\"]  [Result \"1-0\"]  [ECO \"E20\"]  [EventDate \"2002.??.??\"]  [PlyCount \"49\"]   1. d4 Nf6 2. c4 e6 3. Nc3 Bb4 4. f3 O-O $5 {a fashionable line}\u00a0 5. e4 (5. a3  Bxc3+ 6. bxc3 Ne8) 5... d5 6. e5 Nfd7 7. a3 $5 {white is ready to sacrifice  pawn}\u00a0 7... Bxc3+ 8. bxc3 dxc4 9. f4 (9. Bxc4 $2\u00a0 9... Nxe5 10. dxe5 Qh4+)  9... Nb6 ({Position after}\u00a0 9... b5 10. a4 c6 {isn't for every player's taste}  ) 10. a4 {Strange, but this antural move is a novelty}\u00a0 10... a5 11. Ba3 Re8  12. Nf3 Na6 ({after}\u00a0 12... Bd7 13. Bc5 {was planned with the idea to take on  b6 and win the pawn back. But is seems that black had to select this line}  13... Nd5 14. Bxc4 Ne3 15. Qe2 Nxc4 16. Qxc4 Bc6 $13 ) 13. Ng5 $1 {white has  to play actively because after Bd7 and Bc6 it would be hard to attack}\u00a0 13...  f6 (13... h6 14. h4 $1\u00a0 14... hxg5 $2\u00a0 15. hxg5 g6 16. Qg4 Kg7 17. Be7 $3 $18  {and if black take the bishop, then 18. Qh4 and the mate is inevitable.} ) 14.  Ne4 (14. exf6 {strangely, this move leads to nothing special}\u00a0 14... gxf6 15.  Ne4 e5 $5\u00a0 (15... Kh8 $5\u00a0 16. Qh5 Rg8)16. dxe5 (16. fxe5 fxe5 17. Qf3 exd4 18.  O-O-O Rxe4 $1\u00a0 19. Qxe4 Qg5+ 20. Kb2 (20. Rd2 Nc5 21. Bxc5 Qxc5 22. Qe8+ Kg7  23. Rxd4 Bf5)20... Nb4 $1 {with a complicated game in all lines where  perpetual check seems to be a likely end to the game} )16... fxe5 17. Qxd8  Rxd8 18. fxe5 Bf5)(14. Nxh7 Kxh7 15. Qh5+ Kg8 16. exf6 gxf6 17. Qg6+ Kh8 18.  Qh6+) 14... fxe5 $4 {A decising mistake which loses the game}\u00a0 (14... f5 15.  Ng5 h6 (15... Nd5 16. Qh5 h6 17. Qf7+ Kh8 18. h4 Nxf4 19. Bxc4 (19. g3))16.  Qh5 hxg5 (16... Nd5 17. Qf7+ Kh8 18. h4 Nxf4 19. Bxc4)17. fxg5 c5 18.  g6)({better was}\u00a0 14... Qd5 15. Qe2 (15. Nxf6+ gxf6 16. Qg4+ Kh8 17. exf6 Rg8  18. f7 Rxg4 19. f8=Q+ Rg8 20. Qf6+ Rg7 21. Bf8 Qe4+ 22. Kd2 Qg6 23. Bxg7+ Qxg7  24. Qd8+ Qg8 25. Qf6+)15... Bd7 (15... f5 16. Ng5 h6 17. Qh5 $1\u00a0 17... Qd7 18.  h4 $36 )16. g4 $1\u00a0 (16. exf6 Bc6 17. f7+ (17. g3)17... Kxf7 18. Ng5+ Kg8 19.  Qh5 h6 20. Qf7+ Kh8 21. h4 Qf5)(16. g3 Bc6 (16... fxe5 17. fxe5 Bxa4 18. Bg2  Qd7 19. O-O Nd5 20. Qg4 Kh8 21. Ng5)(16... f5 17. Nf6+ gxf6 18. Bg2 Qxg2 19.  Qxg2 Bc6 20. Qh3 Bxh1 21. exf6 Rf8 22. Bxf8 Rxf8 23. Qh4 Rf7 24. g4)17. Bg2  Qd8 18. exf6 gxf6 19. Qg4+ Kh8 20. Qh4 Nd5)16... fxe5 (16... Bc6 17. Bg2)17.  fxe5 Bc6 18. Bg2 Qd8 19. O-O Bd5 20. g5 $36 ) 15. Qh5 $1 {Diagram #}\u00a0 (15.  fxe5 Qh4+ 16. Nf2 Bd7 {with a perfect position for Black} ) 15... exd4 (15...  Nd5 16. fxe5 $40\u00a0 (16. Ng5 h6 17. Qf7+ Kh8 18. h4 $40 )) (15... Bd7 16. fxe5  $40 ) (15... exf4 16. Ng5 h6 17. Qf7+ Kh8 18. h4 $1\u00a0 18... Nb4 19. Qg6 hxg5  20. hxg5+ Kg8 21. Rh7 Qd7 22. Qh5 Kf8 23. cxb4 $18 )(15... h6 16. fxe5 Kh7 17.  g4 $40 ) 16. Ng5 h6 17. Qf7+ Kh8 18. h4 $1 {creates the threat of Qg6}\u00a0 18...  c5 (18... e5 19. Qg6 exf4+ 20. Kf2 $18 ) (18... Nb4 19. Qg6 hxg5 20. hxg5+ Kg8  21. Rh7 Qd7 22. Qh5 Kf8 23. cxb4 $18 )(18... dxc3 19. Rd1 $18 ) 19. Qg6 hxg5  (19... Kg8 20. Qh7+ Kf8 21. Qh8+ Ke7 22. Qxg7+ $18 ) 20. hxg5+ Kg8 21. Rh7 Qd7  (21... Qc7 22. Qh5 Kf8 23. Rh8+ Ke7 24. Rxe8+ $18 ) 22. O-O-O $1 {with a  threat of Rxd4 and after cxd4 comesi Qh5 and black King has no escape through  f8}\u00a0 (22. Qh5 {wasn't good because of}\u00a0 22... Kf8 23. g6 Nd5 24. Bxc4 Nf6)  22... Nb4 (22... Nd5 23. Rxd4 $1 $18\u00a0 23... cxd4 24. Qh5)(22... d3 23. Rxd3 $1  23... Nd5 (23... cxd3 24. Bxd3 {with the threat of Rh8+ Kxh8 Qh7#} )24. f5 $1  24... cxd3 25. Qh5 d2+ 26. Kb2 $1\u00a0 26... d1=N+ 27. Ka1 Kf8 28. f6 Nxf6 29.  gxf6 Qf7 30. Rh8+ Qg8 31. Rxg8+ Kxg8 32. f7+ Kf8 33. fxe8=Q#) 23. cxb4 axb4  (23... cxb4 24. Bb2 e5 (24... c3 25. Bb5 $18\u00a0 (25. Bd3 $18 ))25. f5 (25. fxe5  $18 )25... Qf7 26. Rh8+ Kxh8 27. Qxf7 $18 )(23... Nd5 24. Rxd4 $1\u00a0 24... axb4  (24... cxb4 25. Bb2 c3 26. Bd3 cxb2+ 27. Kxb2 Kf8 28. Bb5 $18 )(24... cxd4 25.  Qh5 Kf8 26. bxa5+ $18 )25. Bb2 c3 26. Bd3 cxb2+ 27. Kxb2 Kf8 28. Bb5 $18 ) 24.  Bb2 Nd5 {There is no help from other moves also}\u00a0 (24... c3 25. Bd3 cxb2+ 26.  Kb1 Kf8 27. Bb5 Ke7 28. Qf6+ Kd6 29. Qe5+ Ke7 30. Qxc5+ Qd6 31. Rxg7+ Kf8 32.  Qxd6+) (24... Ra5 25. f5 exf5 26. Qh5 Kf8 27. Rh8+ Ke7 28. Rxe8+ Kd6 29. Rde1  $18 ) (24... Kf8 25. f5 $18 ) (24... e5 25. f5 Qf7 26. Rh8+ Kxh8 27. Qxf7 $18  ) (24... Nxa4 25. Bxc4 Nc3 26. Rdh1 Kf8 27. Rh8+ Ke7 28. Bxe6 $18 ) (24...  Rxa4 25. f5 exf5 26. Qh5 Kf8 27. Rh8+ Ke7 28. Rxe8+ Qxe8 29. Re1+ $18 ) (24...  Rd8 25. f5 exf5 26. Qh5 $18 )(24... c3 25. Bd3 $18 ) 25. Rxd4 $1 $18 {Black  resigned due to following lines:}\u00a0 (25. Rxd4 cxd4 (25... Qf7 26. Rh8+ Kxh8 27.  Qxf7) (25... c3 26. Bd3 Kf8 27. Bb5 cxd4 28. Bxd7 Ke7 29. Qxe6+ Kd8 30. Qxe8+  Kc7 31. Rxg7) (25... Ra6 26. Rxd5 exd5 27. Rxg7+ Kf8 28. Rg8+ Ke7 29. Bf6+ Kd6  30. Rxe8 Kc7 31. Be5+ Rd6) (25... e5 26. Rxd5 Ra6 27. Qh5 Kf8 28. Rxd7 Bxd7  29. Bxc4)(25... Nxf4 26. Rxd7 Nxg6 27. Rhxg7+ Kh8 28. Rge7+ Kg8 29. Rxe8+)26.  Bxd4 e5 27. Qh5 Kf8 28. Bc5+) 1-0   [Event \"CC Olympiad 14 Final\"]  [Site \"ICCF Email\"]  [Date \"2002.12.27\"]  [Round \"?\"]  [White \"Jardorf, Sven (DEN)\"]  [Black \"Novikovas, Vitalijus\"]  [Result \"0-1\"]  [ECO \"E05\"]  [EventDate \"2002.??.??\"]  [PlyCount \"52\"]   1. d4 Nf6 2. c4 e6 3. g3 d5 4. Bg2 Be7 5. Nf3 O-O 6. O-O dxc4 7. Ne5 (7. Qc2  {is a more common move} ) 7... Nc6 {I went for this popular Catalan line}\u00a0 8.  Bxc6 bxc6 9. Nxc6 Qe8 10. Nxe7+ Qxe7 11. Qa4 c5 {alternatives are 11...a5 and  e5}\u00a0 12. Qxc4 {Other moves give White no advantage}\u00a0 (12. Qa3 Bb7 13. Bg5  Rfc8)(12. Qc6 Bb7 13. Qxc5 Qxc5 14. dxc5 Rfc8) 12... cxd4 13. Qxd4 {White is a  pawn up, but Black have counterplay due to strong white square bishop. The  position is with chances for both sides}\u00a0 13... e5 14. Qh4 Rb8 15. b3 Qe6 16.  Bg5 Nd5 17. Rd1 $6\u00a0 (17. e4 $5 {was worth considering}\u00a0 17... Nb4 18. Be7 Re8  19. Bxb4 Rxb4 20. Nc3 Bb7 $44 ) 17... e4 $1\u00a0 (17... Rb4 18. e4) 18. Bf4 (18.  Rd4 {was an alternative} ) 18... e3 $3 {Diagram #}\u00a0 19. f3 $2\u00a0 ({White had to  take the rook}\u00a0 19. Bxb8 exf2+ 20. Kxf2 Ba6 21. Qh5 {The only move that allows  white to make a draw}\u00a0 (21. Re1 Qe3+ 22. Kg2 Rxb8 23. Na3 g5 24. Qg4 Bb7 25.  Kf1 Bc8 $19 )(21. Qd4 Qxe2+ 22. Kg1 Ne3 23. Qd2 Qf3 24. Re1 Bb7 25. Rxe3 Qh1+  26. Kf2 Qg2+ 27. Ke1 Qg1+ 28. Ke2 Ba6+ 29. Kf3 Qf1+ 30. Ke4 Rxb8 $19 )21...  Qb6+ 22. Ke1 Re8 (22... Qg1+ 23. Kd2 Qe3+ (23... Qd4+ 24. Ke1 Qg1+)24. Kc2  Bd3+ 25. Rxd3 Rc8+ 26. Nc3 Rxc3+ 27. Kb2 Rxd3 28. exd3 Qd2+ 29. Ka3 Qa5+)23.  Rxd5 Qg1+ (23... Rxe2+ $2\u00a0 24. Qxe2 Bxe2 25. Kxe2 Qxb8 26. Nc3 $18 )24. Kd2  Qe3+ 25. Ke1 Qg1+) 19... Rb4 20. Qg5 (20. Na3 Ba6 21. Nc2 Rxf4 22. gxf4 Bxe2  23. Rd4 Qc6 24. Rc1 Re8 {with advantage for Black} ) 20... f5 21. Rxd5  {otherwise Black would play h6 and take on f4}\u00a0 21... Qxd5 22. Na3 (22. Nc3  Qc5 $17 ) 22... Qe6 23. Nc2 h6 24. Qh4 (24. Qh5 Rxf4 25. gxf4 Qd6 $19 ) 24...  g5 25. Qh5 Rb6 26. Bc7 Rb7 {White resigned. They are an exchange down and has  hopeless position.}\u00a0 0-1   <\/textarea><iframe src='https:\/\/kszgk.com\/iccf\/wp-content\/plugins\/embed-chessboard\/pgn4web\/board.html?am=n&amp;d=3000&amp;ig=f&amp;iv=0&amp;ih=s&amp;ss=26&amp;ps=d&amp;pf=d&amp;lch=E6CC98&amp;dch=AD826A&amp;bbch=E0E0E0&amp;hm=b&amp;hch=ABABAB&amp;bd=c&amp;cbch=F0F0F0&amp;ctch=696969&amp;hd=j&amp;md=f&amp;tm=13&amp;fhch=000000&amp;fhs=14&amp;fmch=190CCC&amp;fcch=595959&amp;hmch=E0E0E0&amp;fms=14&amp;fcs=m&amp;cd=i&amp;bch=FFFFFF&amp;fp=13&amp;hl=f&amp;fh=677&amp;fw=p&amp;pi=pgn4web_b1b45464' frameborder='0' width='100%' height='677' scrolling='no' marginheight='0' marginwidth='0'>your web browser and\/or your host do not support iframes as required to display the chessboard; alternatively your wordpress theme might suppress the html iframe tag from articles or excerpts<\/iframe><\/div>\n<p>&nbsp;<\/p>\n<p>&nbsp;<\/p>\n","protected":false},"excerpt":{"rendered":"\n<p>Name of Federation: Lietuvos Korespondencini\u0173 \u0160achmat\u0173 Federacija (Lithuanian Correspondence Chess Federation)<\/p>\n<p>Year of Foundation: 1959<\/p>\n<p>ICCF Delegate: Marijonas Ro\u010dius (marius@ipv.lt)<\/p>\n<p>E-Mail contact: Dmitrijus Chocenka (dchocenka@gmail.com)<\/p>\n<p>Website: http:\/\/lksf.lt\/lt\/<\/p>\n<p>Article provided by: Dmitrijus Chocenka<\/p>\n<p>CC history in Lithuania<\/p>\n<p>In 1866, the first match was organised between the cities of Klaipeda (a Lithuanian seaport) and Hannover (Germany). [&#8230;]<\/p>\n","protected":false},"author":1,"featured_media":0,"parent":704,"menu_order":20,"comment_status":"closed","ping_status":"open","template":"","meta":{"ngg_post_thumbnail":0},"_links":{"self":[{"href":"https:\/\/kszgk.com\/iccf\/index.php?rest_route=\/wp\/v2\/pages\/2808"}],"collection":[{"href":"https:\/\/kszgk.com\/iccf\/index.php?rest_route=\/wp\/v2\/pages"}],"about":[{"href":"https:\/\/kszgk.com\/iccf\/index.php?rest_route=\/wp\/v2\/types\/page"}],"author":[{"embeddable":true,"href":"https:\/\/kszgk.com\/iccf\/index.php?rest_route=\/wp\/v2\/users\/1"}],"replies":[{"embeddable":true,"href":"https:\/\/kszgk.com\/iccf\/index.php?rest_route=%2Fwp%2Fv2%2Fcomments&post=2808"}],"version-history":[{"count":6,"href":"https:\/\/kszgk.com\/iccf\/index.php?rest_route=\/wp\/v2\/pages\/2808\/revisions"}],"predecessor-version":[{"id":2810,"href":"https:\/\/kszgk.com\/iccf\/index.php?rest_route=\/wp\/v2\/pages\/2808\/revisions\/2810"}],"up":[{"embeddable":true,"href":"https:\/\/kszgk.com\/iccf\/index.php?rest_route=\/wp\/v2\/pages\/704"}],"wp:attachment":[{"href":"https:\/\/kszgk.com\/iccf\/index.php?rest_route=%2Fwp%2Fv2%2Fmedia&parent=2808"}],"curies":[{"name":"wp","href":"https:\/\/api.w.org\/{rel}","templated":true}]}}