{"id":2679,"date":"2011-12-09T08:35:15","date_gmt":"2011-12-09T07:35:15","guid":{"rendered":"http:\/\/kszgk.com\/iccf\/?page_id=2679"},"modified":"2011-12-09T16:46:56","modified_gmt":"2011-12-09T15:46:56","slug":"germany","status":"publish","type":"page","link":"https:\/\/kszgk.com\/iccf\/?page_id=2679","title":{"rendered":"Germany"},"content":{"rendered":"<p><strong>Name of Federation<\/strong>: Deutscher Fernschachbund (BdF)<\/p>\n<p><strong>Year of Foundation<\/strong>: 1946<\/p>\n<p><strong>ICCF Delegate<\/strong>: Dr. Uwe Staroske (<a href=\"mailto:Praesident@fernschachbund.com\">praesident@fernschachbund.com<\/a>)<\/p>\n<p><strong>E-Mail contact<\/strong>: Hans-J\u00fcrgen Isigkeit (<a href=\"mailto:Geschaeftsfuehrer@fernschachbund.com\">geschaeftsfuehrer@fernschachbund.com<\/a>), Tom Mirbach (<a href=\"mailto:tom@millcreek-cottage.de\">tom@millcreek-cottage.de<\/a>)<\/p>\n<p><strong>Website<\/strong>: <a href=\"http:\/\/www.fernschachbund.de\/\">http:\/\/www.fernschachbund.de\/<\/a><\/p>\n<p><strong>Article provided by<\/strong>: Eberhard Gromotka \/ Uwe Staroske<\/p>\n<p>&nbsp;<\/p>\n<p><!--nextpage--><\/p>\n<p><strong>History<\/strong><\/p>\n<p>On August 25th, 1946, a working group called &#8220;Arbeitsgemeinschaft deutscher Fernschachfreunde (BdF)&#8221; was instituted at Frankfurt\/Main, with its presidency taken by Dr. E. Adam.<\/p>\n<p>In 1947, BdF was admitted to ICCA. Hans-Werner von Massow (Hamburg) was appointed secretary and E. Wilhelm appointed tournament director.<\/p>\n<p>In 1951, following a 12-year break, the Fernschach magazine was re-issued with H.-W. von Massow as its editor.<\/p>\n<p>In 1956, Hermann Heemsoth became BdF president, and he held that office until 1988. BdF board elections result was as follows: Hermann Heemsoth (president), H.-W. von Massow (secretary), E. Wilhelm (chief tournament director), and H.-J. Heitmann (treasurer).<\/p>\n<p>The BdF board members decided to hold future CC congresses on a regular basis, so as to promote personal relations between the CC friends.<\/p>\n<p>Their first meeting, which was organized by Dr. Hermann Meyer, took place at Stadtprozelten from December 27 to 31, 1956. Since then, 45 CC congresses have been held altogether, in various states of the Federal Republic of Germany.<\/p>\n<p>In 1959, BdF secretary Hans-Werner von Massow was elected president of the International Correspondence Chess Federation (ICCF).<\/p>\n<p>In the course of the political process, as with other sport organisations, German correspondence chess was split into East-West divisions in the year 1961. CC-players in the GDR became affiliated to the GDR chess federation, and over a period of 30 years it held separate championships (Wolf Dannberg of Jena was their first champion), and sent their own teams to international events. GDR representatives also took an active role at administration levels (e.g. as tournament directors). In 1990, an ICCF Congress was held at the Thuringian spa town Blankenburg.<\/p>\n<p>Correspondence chess remained very popular in the GDR. The number of correspondence chess players rose to nearly four thousand, and quotas for GDR players (as well as for FRG players) were always filled. Many players in the GDR viewed international correspondence chess as a gateway to a world where they could get in touch particularly with Western partners, something that would have been impossible otherwise.<\/p>\n<p>Based on such groundwork, international success was also considerable.<\/p>\n<p>A silver medal (1964) and two bronze medals were gained at CC Olympiads. In 1966, Dr. Werner Stern (Greifswald) became the first European CC champion, and by winning two World champion titles (H. Rittner 1975, Dr. F. Baumbach 1988), the GDR proved to be the most successful World-class country after the USSR. Great media response was created by the presentation ceremony of the 10th CC Olympiad when, five years after German reunification, the GDR team obtained a bronze medal.<\/p>\n<p>During the 1971 ICCF congress, honorary membership was awarded to Mrs. Bertl von Massow, leader of the Tournament Office Europe, for her meritorious contribution to international correspondence chess.<\/p>\n<p>During the 1987 ICCF congress, Hermann Heemsoth was awarded the title of CC Grandmaster. At the age of 78, he was the oldest player ever to receive that title.<\/p>\n<p>Hans-Werner von Massow died on August 14, 1988. In 1929, at the age of 17, he had finished classical secondary school in his native town of Dresden, later studying journalism, economics, and history at Dresden and Leipzig universities. As early as December 1928 he became a co-founder of the Internationaler Fernschachbund (IFSB), serving as the organisation\u2019s Vice-president and Secretary General until 1939 when World War II brought its work to an end. After the war, as initiator and secretary of the Bund deutscher Fernschachfreunde (BdF), which was called into being in 1946, Hans-Werner von Massow could fully develop his organisational skills. Since 1951 he had been editing the Fernschach magazine. Between 1959 and 1987, Hans-Werner von Massow guided the ICCF as its president. To mark his meritorious work, he was awarded the title Honorary President by the 1987 ICCF Congress. His name is forever linked with the history of correspondence chess.<\/p>\n<p>On September 29, 1990, the all-German chess federation DSB held its &#8220;Wiedervereinigungskongress&#8221; (Congress of Reunification) in Leipzig. The BdF president attended the congress as a guest of honour. The Deutscher Schachverband (DSV) decided unanimously to liquidate itself with effect from 31st December 1990. Members of the East German CC committee formed a temporary working group, which started negotiations with BdF in order to re-unify all German correspondence chess players.<\/p>\n<p>At their meeting of January 13, 1991, the BdF board decided to rename &#8220;Bund deutscher Fernschachfreunde (BdF)&#8221; as &#8220;Deutscher Fernschachbund (BdF)&#8221;.<\/p>\n<p>In 1993, Dr. Fritz Baumbach became president of BdF.<\/p>\n<p>By December 31, 1993, with effect from 1994, the first official rating list was produced. This list contained about 7,700 correspondence chess players and showed their up-to-date ratings.<\/p>\n<p>After a series of preliminary rounds, the first national CC team championship (Bundesliga) was started in 1995, with more than 200 teams participating. This worldwide unique team event is run in four classes.<\/p>\n<p>From 25th through 31st August 1996, an ICCF Congress took place at Bad Neuenahr. The congress was held by BdF and supervised by BdF secretary Eberhard Gromotka, and it started on the very day of the year when BdF was founded 50 years earlier. In the opinion of most of its guests, this congress was exceptionally well organised, setting new standards in many ways.<\/p>\n<p>In 1996, BdF began to offer tournaments played via fax or e-mail.<\/p>\n<p>In 1997, BdF first appeared on the Web, and is now located at a new site www.fernschachbund.de. There, besides the Tournament Rules and the Rules of Play, one may find the entire range of tournaments, including up-to-date tables of top competitions, as well as plenty of general information on correspondence chess.<\/p>\n<p>In 2005 Mohammed Samraoui became ICCF President and held this position until 2009.<\/p>\n<p>The year 2006 turned out to be an important year for BdF. On January 20th, 2006 BdF Honorary President Hermann Heemsoth (1909 \u2013 2006) passed away. In order to honour his achievements \u2013 Heemsoth was BdF President from 1956 \u2013 1988 &#8211; the strongest international invitational tournament in the history of correspondence chess was organized.<\/p>\n<p>The ICCF-Congress 2006 was held in Dresden from 14. \u2013 20. 10. 2006. More than 100 delegates, accompanying persons and guests took part in the event. The Congress was part of the celebrations on the occasion of 60th BdF anniversary.<\/p>\n<p>In the same year Hans-J\u00fcrgen Isigkeit became ICCF Finance Director<\/p>\n<p>&nbsp;<\/p>\n<p><strong>Achievements<\/strong><\/p>\n<p>In 1948, two BdF teams participated in the ICC Olympiad II, and Dr. Adams took part in the 1st CC World Championship final.<\/p>\n<p>International matches against England and Finland began.<\/p>\n<p>In 1949, the 1st German CC Championship and the 1st German CC Youth Championship were started.<\/p>\n<p>In 1951, the 1st German CC Cup (563 participants in 57 sections) and the 1st German CC Women\u2019s Championship were started.<\/p>\n<p>The year 1952 saw Lothar Schmid as the 1st German CC Champion.<\/p>\n<p>In 1954, Hermann Heemsoth became the 2nd German CC Champion.<\/p>\n<p>In 1956, Horst Rittner was the 3rd German CC Champion.<\/p>\n<p>Lothar Schmid won a bronze medal at the 2nd CC World Championship.<\/p>\n<p>In 1962, ICCF paid its respect to the memory of Eberhardt Wilhelm by donating the EBERHARDT WILHELM cup as a trophy for the winner of a European team tournament.<\/p>\n<p>In 1975, Horst Rittner (DDR) became the 5th CC World Champion.<\/p>\n<p>In 1976, Karl Heinz Maeder won the 1st ICCF World Cup Final.<\/p>\n<p>In the 9th CC World Championship, Dr. Fritz Baumbach (DDR) was unbeaten and tied for second place with A. Y. Mikhailov (USSR) and, as a result of a tie-breaking calculation, became runner-up.<\/p>\n<p>In 1979, German women won the 2nd Women&#8217;s Olympiad.<\/p>\n<p>In 1987, the FRG team gained the silver medal at the 9th CC Olympiad final by finishing in second place behind the team from Great Britain and ahead of the USSR.<\/p>\n<p>In 1988, Dr. Fritz Baumbach (DDR) became CC World Champion. The FRG team achieved a silver medal in the 1988 European Team Championship final.<\/p>\n<p>German players achieved excellent results in the following World Championships<\/p>\n<p>In 2002, Wolfgang Rohde achieved a Silver Medal and Joachim Neumann a bronze medal in Final no. 17. Both of the tied the first place with the World Champion Ivar Bern (Norway)<\/p>\n<p>In 2004 in Final no. 16 Achim Soltau achieved place no. 4 and tied to Igor Samarin (Russia) half a point ahead of Roland Pfretzschner.<\/p>\n<p>In 2005 (Final no. 18) Hans-Marcus Elwert gained the silver medal (winner: Joop van Oosterom (Netherlands)) ahead of Wolfram Sch\u00f6n.<\/p>\n<p>In 2008 (Final no. 21) Dr. Stephan Busemann achieved a bronze medal<\/p>\n<p>In 2007 (Final no. 19) Frank Gerhardt gained the silver medal (winner: Christophe L\u00e9otard (France) ahead of Aleksey Lepikhov (Ukraine) and Maximilian Voss.<\/p>\n<p>In 2010 (Final no. 20) Horst Bro\u00df achieved a fourth place and tied with the bronze medalist Milos Kratochvil (Czech Republic) ahead of Dr. Andreas Brenke.<\/p>\n<p>In 2010, Ulrich Stephan became CC World Champion, ahead of Thomas Winckelmann who became Vice-World Champion in Final no. 23.<\/p>\n<p>In 2010, J\u00fcrgen B\u00fccker achieved the silver medal (2nd place) in final no. 22 (gold medal: Aleksandr Dronov, bronze medal: Joop van Oosterom)<\/p>\n<p>In 1995, five years after the reunification, the GDR won their last bronze medal.<\/p>\n<p>In 1999, the now re-unified players won the CC Olympiad, and the first gold medal ever to go to a German team.<\/p>\n<p>This first gold medal was the beginning of a unique success story.<\/p>\n<p>Germany won the 1st place in the CC Olympiad no. 12-14! The German team therefore achieved the gold medal in four consecutive Olympic Finals!<\/p>\n<p>Moverover, in 2009, Germany gained the silver medal in the CC Olympiad no. 15 (gold medal: Norway, silver medal: Netherlands).<\/p>\n<p>The German ladies achieved several outstanding results in the CC Ladies Olympiad Finals.<\/p>\n<p>In 2003, Germany won the silver medal in the Olympic final no. 5.<\/p>\n<p>In 2006, Germany again won the silver medal in the Olympic final no. 6.<\/p>\n<p>In 2009, the German Ladies Team won the bronze medal in the CC ladies Olympiad Final no. 7.<\/p>\n<p>In 2010, Germany achieved the forth place.<\/p>\n<p>During the last 10 years German players won tue ICCF World Cup several times.<\/p>\n<p>In 2001 Edgar Prang won the first prize in World Cup no. 9. Helmut Geist and Wilfried Kurth shared the 3rd place.<\/p>\n<p>In 2002 Horst Staudler achieved the gold medal in World Cup no 8 ahead of Werner Fademrecht and Frank Gerhardt.<\/p>\n<p>In 2005 Frank Schr\u00f6der was the winner of World Cup no. 10 ahead of Hans-Paul Ollmann and Christian Sender.<\/p>\n<p>World Cups no. 11, 12 (E-Mail), 13 and 14 were won by Reinhard Moll.<\/p>\n<p>In World Cup no 11 Hubert Zautzig achieved the second place.<\/p>\n<p>Heinrich Lohmann achieved a third place in World Cup no. 12 (E-Mail)<\/p>\n<p>World Cup no. 12 (postal) was won by Matthias Gleichmann, ahead of Wolfgang Beykirch and Edgar Achilles.<\/p>\n<p>In World Cup no.13 Rainer Zajontz won the bronze medal.<\/p>\n<p>Andreas Brenke achieved the third place in World Cup no. 14.<\/p>\n<p><!--nextpage--><\/p>\n<p><strong>International tournaments organised<\/strong><\/p>\n<p>In 1948, two international invitational tournaments were started. First: the &#8220;Bl\u00fcmich-Gedenkturnier&#8221;, later won by Lothar Schmid (international assessment) and Hermann Heemsoth (national assessment), who scored 16.5\/18 and 14.5\/17 respectively. Second: the &#8220;Edwin-Weiss-Gedenk-turnier&#8221;, later won by R. Elstner (A group), B. Koch and G. Kolb (B group), and G. Friedrich (C group).<\/p>\n<p>In 1950, BdF started its third international invitational tournament, the &#8220;Dr.-D\u00fchrsen-Gedenkturnier&#8221;. The two final rounds A and B were won in 1954 by K. Kaliwoda (AUT), who scored 7\/8, and F. Baumbach (DDR) respectively.<\/p>\n<p>On 15th February 1954 the international &#8220;Dr. Dyckhoff-Gedenk-turnier&#8221; began, lasting until 1957. With 1,860 participants from 33 nations from all continents, it is still the biggest international chess event ever. More than 8,500 correspondence chess games were played. Given an average number of 30 moves per game, the total number of moves exceeds one quarter of a million. This means that more than half a million correspondence chess cards were underway, most of them posted across state borders or continents. Not only in terms of quantity, this event was also special in terms of quality. The leading correspondence chess masters of the world (apart from a few who could not partake due to business or health reasons) took part in the games. The tournament was finally won by Lothar Schmid of Bamberg, who scored an impressive 14 points from 16 games, ahead of A. O\u2019 Kelly (BEL) 12 pts., and J. Nielsen (DEN) 10.5 pts.<\/p>\n<p>In 1957, a 100-board competition began between an all-German team and the USSR. The USSR won the match in 1961 by 107.5 to 92.5.<\/p>\n<p>In 1970, an international invitational tournament &#8220;25 Jahre BdF&#8221; started with an exciting final outcome in 1974 when Swedish E. Arnlind won as a result of a tie-breaking calculation, ahead of Dr. D\u00fcnhaupt.<\/p>\n<p>On 2nd October 1982, the very day of Kurt Klar\u00b4s 78th birthday, the &#8220;Kurt-Klar-Gedenkturnier&#8221; began. Participants were: H. Heemsoth (FRG), D. Smit (NLD), A. P. Borwell (GBS), R. Mallee (FRG), Dr. H.-W. D\u00fcnhaupt (FRG), M.M. Yudovich (USSR), L. Barczay (HUN), G. Stertenbrink (FRG), J. Sorri (FIN), W. Sauermann (FRG), B. Vukcevic (YUG), D. Stern (FRG), and E. Omelchenko (USSR), who won the event in 1987.<\/p>\n<p>On 25th August 1986, marking BdF\u2019s 40th anniversary, an international invitational tournament started in memory of Mrs. Bertl von Massow (&#8220;Jubil\u00e4umsturniere 40 Jahre BdF&#8221;), with 8 CC grandmasters, 4 CC international masters, and 3 CC national masters. Lots were drawn as follows: P. Diaconescu (ROM), F. Brglez (YUG), Dr. H.-W. D\u00fcnhaupt (FRG), S. Webb (GBE), I. Kano (FIN), K. C. Messere (GBE), J.O. Pedersen (DEN), R. Oechslein (FRG), A. Soltau (FRG), A. Anton (ROM), G.J. Timmermann (NLD), D.D. van Geet (NLD), Prof. Dr. M. Sch\u00e4fer (FRG), G. Stertenbrink (FRG), D. Stern (FRG). In 1992 the winner was decided: by gaining 13 pts., Dick van Geet (NLD) shakes off Webb and Timmermann, who each scored 10.5 pts.<\/p>\n<p>On 27th February 1988, being the 5th anniversary of Bertl von Massow\u2019s death, BdF starts the &#8220;Bertl-von-Massow-Gedenkturnier&#8221; with 15 participants, of which 12 were titleholders (9 CC-GMs, 2 CC-IMs, and one FIDE-master). Lots were drawn as follows: Chr. Herbrechtsmeier (FRG), G.E. Nesis (USSR), W. Metz (FRG), M. Kreuzer (FRG), T. Wiersma (NLD), T. Yim (USSR), C. Pare (CAN), J. Berry (CAN), Dr. K. Engel (FRG), E. Bang (DEN), M. Gudjev (BLG), J.S. Morgado (ARG), L.E. Omelchenko (USSR), K.B. Richardson (GBE), P. Hertel (FRG). The tournament was finished in 1995, with G.J. Nesis (RUS) winning with 10 pts., ahead of K.B. Richardson (ENG) with 9.5 pts., and L. Omelchenko (RUS) with 9 pts.<\/p>\n<p>On 30th June 1990, the international memorial &#8220;Hans-Joachim Heitmann-Gedenkturnier&#8221; was started, participants being M. R\u00fcfenacht (SWZ), D. Smit (NLD), O. Koskinen (FIN), W. Rosen (GER), H. Cording (GER), B. R\u00e4deker (GER), S.I. Korolev (RUS), A.Y. Khasin (RUS), J. Staal (NLD), F. Brglez (YUG), D. Stern (GER), Dr. M. Nimtz (GER), H. Handel (GER), K. Tikkanen (FIN), and R. Lekander (SWE). A. Y. Khasin (RUS) was the winner.<\/p>\n<p>In November 1996, for BdF\u2019s 50th anniversary, the &#8220;Hans-Werner-von-Massow-Gedenkturnier&#8221; began. In respect of the players\u00b4 rankings and average ratings, this correspondence chess tournament became the strongest ever to be held, thus conferring a worthy honour on Hans-Werner von Massow, the great organiser of both German and international correspondence chess. Participants were: GM E. Bang (DEN), GM G. Sanakoev (RUS), GM H. Rittner (GER), GM Dr. J. Franzen (SLK), GM V.-M. Anton (GER), GM J.S. Morgado (ARG), GM Dr. F. Baumbach (GER), GM Dr. D.D. van Geet (NLD), GM Prof. V. Palciauskas (USA), IM H. Burger (GER), GM T. \u00d6im (EST), GM J. Sloth (DEN), GM G. J. Timmerman (NLD), GM M. Umansky (RUS), GM S. Webb (ENG).<\/p>\n<p>This tournament was finished in 2001. Volker-Michael Anton (Germany) achieved the first prize ahead of Gert Timmermann (Netherlands) and Grigory Sanakoev (Russia).<\/p>\n<p>In December 1996 the international invitational tournament &#8220;BdF\u201350&#8221; started as BdF\u2019s second jubilee competition. Participants are: IM G. Binder (GER), GM A. Gipslis (LAT), IM E.Gromotka (GER), IM W.Haufe (GER), IM Prof. Dr. K. Herschel (GER), IM P. Hertel (GER), GM A. Lanc (SLK), IM E. L\u00fcers (GER), IM D. Mohr-lok (GER), IM K. Podzielny (GER), GM G.S. Rotariu (ROM), GM M. R\u00fcfenacht (SWZ), GM B. Rumiancevas (LIT), GM H.B. Sarink (NLD), IM I. Sch\u00fctt (GER), GM B.S. Sliwa (POL), GM R. Sutkus (LIT).<\/p>\n<p>This tournament ended with a threefold win of German players: Knut Herschel achieved the first place ahead of Peter Hertel and Dieter Mohrlok.<\/p>\n<p>In the subsequent years BdF organized several outstanding tournaments.<\/p>\n<p>In the year 2006 the preliminary groups of \u201c60 years BdF\u201d started. The preliminary groups were played by email, on the ICCF-Webserver and postal groups were also available. At present, the final groups are still ongoing.<\/p>\n<p>In the same year \u201c60 Years Anniversary BdF \u2013 ladies invitational tournament started. Sandra Seidel (GER) won this outstanding tournament (category 16) ahead of Jacqueline Roos (FRA) and Luz Marina Tinjaca Ramirez (ITA).<\/p>\n<p>In several years BdF organized the international invitationals BdF-Gold, BdF-Silber and BdF Bronze as well as BdF Smaragd and BdF Diamant (ladies invitational tournaments). These high level tournaments were a great success and many players achieved norms and titles.<\/p>\n<p>The winners were:<\/p>\n<p>BdF Diamant 01 (Cat 11): 1. Anja Schmidt (GER), Victoria Schweer (GER), 3. Svetla Yordanova (BUL).<\/p>\n<p>BdF Diamant 02 (Cat. 10): still ongoing<\/p>\n<p>BdF Smaragd 01: 1. Hana Kubikova (CZE), 2. Maria Magdalena Ribelles Sala (ESP), 3. Kremena Rosenova Marinova (BUL).<\/p>\n<p>BdF Gold 2007 (Cat. 11): 1. Wolfgang Standke (GER), 2. Wolfgang Brodda (GER), 3. Jan Zidu (CZE)<\/p>\n<p>BdF Gold 2008 (Cat. 12): 1. Reinhard Moll (GER), 2. Mark F. Noble (NZE), 3. Laurent Jacot (SUI)<\/p>\n<p>BdF Silber 2007 (Cat. 9): 1. Aleksandr Anatolievich Ponomarev (RUS), 2. Rudi Hirr (GER), 3. Helge Verhoef (GER).<\/p>\n<p>BdF Silber 2008 (Cat. 9): 1. Stephen E. Ham (USA), 2. Boris Mikhailovich Zhak (RUS), 3. Valentin Dimitrov Iotov (RUS).<\/p>\n<p>BdF Bronze 2007 (Cat. 6): 1. Mathias Schwenck (GER), 2. R\u00fcdiger L\u00f6schnauer (AUT), 3. Rickard Dahlstr\u00f6m (SWE)<\/p>\n<p>BdF Bronze 2008 (Cat. 6): 1. Uwe Nogga (GER), 2. Ben Bester (RSA), 3. Pierangelo Turati (ITA)<\/p>\n<p>BdF Bronze 2009 (Cat. 5): 1. Uwe Peschke (GER), 2. Martti Kaupinen (FIN), 3. Andrey Stanislavovich Ermolaev (RUS).<\/p>\n<p>In 2005 Dr. Heinz-Wilhlem D\u00fcnhaupt Memorial started (Cat. 12.): 1. Angel Acevedo Villalba (PER), 2. Lennart Rydholm (SWE), 3. Ralf Sch\u00fcppel (GER). Other participants were: Thomas Winckelmann (GER), Wolfgang Bauer (GER), Dr. Sven Teichmeister (AUT), Willi Looschelders (GER), Milan Mraz (CZE), Josef Mrkvicka (CZE), Ingo Firnhaber (GER), Aleksandr Arkadyevich Makarov (RUS), Jan Csjernyik (SVK), Ing. David E. Hernandez Molina (CUB), Ingo Sch\u00fctt (GER) and Wilhelm Schmidt (GER).<\/p>\n<p>In the year 2008 the strongest tournament in the history of correspondence chess took place to honour the former president of BdF: the Hermann-Heemsoth Memorial achieved category 16! The results were very close: The winner of this tournament played by email was Roman Chytilek (CZE) (10 points\/16 games, SB 75,5), the runner-up was Ron Langeveld (NED) (10 points; 72,25 SB) ahead of Richard Hall (ENG) (10 points; 71,25 SB). The best German participant was Dr. Matthias Kribben (GER) (9,5 points). Further participants were: Maximilian Voss (GER), Ivar Bern (NOR), Raymond Boger (NOR), Peter Hertel (GER), Joachim Neumann (GER), Achim Soltau (GER), Annemarie Burghoff (GER), Dr. Stephan Busemann (GER), Joaquim Pedro Soberano (POR), Michail Markovich Umansky (RUS), Tunc Hamarat (AUT), Guillermo F. Toro Solis de Ovando (CHI), Vytas Victor Palciauskas (USA).<\/p>\n<p>In 2010 the G\u00fcnter-Henrich-Gedenkturnier started. All participants were close friends of the former Managing Director of BdF: 1. Adrian de Blois Figueredo (ESP), 2. Laurent Tinture (FRA), 3. Ing. Pablo Salcedo Mederos ( CUB). Othere participants were: Andreas Bartsch (GER), Hans-J\u00fcrgen Isigkeit (GER), Marcio Barbosa de Oliveira, (BRA), Josef Lubas (POL), Uwe Bekemann (GER), Alan P. Borwell (SCO), Christoph Ludwig (GER), Andreas Jankowiak (GER), J\u00fcrgen Krebs (GER), Andrew Dearnley (ENG), Klaus Kmiecik (GER), Thomas Mirbach (GER).<\/p>\n<p>The benefit tournament \u201cSupport for Africa\u201dstarted in 2008.<\/p>\n<div id=\"attachment_2701\" style=\"width: 310px\" class=\"wp-caption alignleft\"><a href=\"http:\/\/kszgk.com\/iccf\/wp-content\/uploads\/2011\/12\/ICCF-Congress-2006-Dresden.jpg\"><img aria-describedby=\"caption-attachment-2701\" loading=\"lazy\" class=\"size-medium wp-image-2701\" title=\"ICCF Congress 2006 Dresden\" src=\"http:\/\/kszgk.com\/iccf\/wp-content\/uploads\/2011\/12\/ICCF-Congress-2006-Dresden-300x225.jpg\" alt=\"\" width=\"300\" height=\"225\" srcset=\"https:\/\/kszgk.com\/iccf\/wp-content\/uploads\/2011\/12\/ICCF-Congress-2006-Dresden-300x225.jpg 300w, https:\/\/kszgk.com\/iccf\/wp-content\/uploads\/2011\/12\/ICCF-Congress-2006-Dresden-150x112.jpg 150w, https:\/\/kszgk.com\/iccf\/wp-content\/uploads\/2011\/12\/ICCF-Congress-2006-Dresden-400x300.jpg 400w, https:\/\/kszgk.com\/iccf\/wp-content\/uploads\/2011\/12\/ICCF-Congress-2006-Dresden.jpg 1024w\" sizes=\"(max-width: 300px) 100vw, 300px\" \/><\/a><p id=\"caption-attachment-2701\" class=\"wp-caption-text\">ICCF Congress 2006 Dresden: Dr.Matthias Kribben, Prof.Dr.Robert von Weizs\u00e4cker, Horst Rittner, Alan Borwell<\/p><\/div>\n<p>&nbsp;<\/p>\n<p>&nbsp;<\/p>\n<p>&nbsp;<\/p>\n<p>&nbsp;<\/p>\n<p><!--nextpage--><\/p>\n<p>game<\/p>\n<div class='chessboard-wrapper'><textarea id='pgn4web_a311ca92' style='display:none;' cols='40' rows='8'>   [Event \"Heemsoth Memorial (email)\"]  [Date \"2008-2010\"]  [White \"Chytilek, Roman (2663)\"]  [Black \"Langeveld, Ron A. H (2692)\"]  [Result \"1-0\"]  [ECO \"D27\"]  {This game achieved the first beauty prize. Comments by Roman Chytilek.}  1.d4  d5 2.c4 dxc4  {to be supplemented}   <\/textarea><iframe src='https:\/\/kszgk.com\/iccf\/wp-content\/plugins\/embed-chessboard\/pgn4web\/board.html?am=n&amp;d=3000&amp;ig=f&amp;iv=0&amp;ih=s&amp;ss=26&amp;ps=d&amp;pf=d&amp;lch=E6CC98&amp;dch=AD826A&amp;bbch=E0E0E0&amp;hm=b&amp;hch=ABABAB&amp;bd=c&amp;cbch=F0F0F0&amp;ctch=696969&amp;hd=j&amp;md=f&amp;tm=13&amp;fhch=000000&amp;fhs=14&amp;fmch=190CCC&amp;fcch=595959&amp;hmch=E0E0E0&amp;fms=14&amp;fcs=m&amp;cd=i&amp;bch=FFFFFF&amp;fp=13&amp;hl=f&amp;fh=643&amp;fw=p&amp;pi=pgn4web_a311ca92' frameborder='0' width='100%' height='643' scrolling='no' marginheight='0' marginwidth='0'>your web browser and\/or your host do not support iframes as required to display the chessboard; alternatively your wordpress theme might suppress the html iframe tag from articles or excerpts<\/iframe><\/div>\n<p>&nbsp;<\/p>\n","protected":false},"excerpt":{"rendered":"\n<p>Name of Federation: Deutscher Fernschachbund (BdF)<\/p>\n<p>Year of Foundation: 1946<\/p>\n<p>ICCF Delegate: Dr. Uwe Staroske (praesident@fernschachbund.com)<\/p>\n<p>E-Mail contact: Hans-J\u00fcrgen Isigkeit (geschaeftsfuehrer@fernschachbund.com), Tom Mirbach (tom@millcreek-cottage.de)<\/p>\n<p>Website: http:\/\/www.fernschachbund.de\/<\/p>\n<p>Article provided by: Eberhard Gromotka \/ Uwe Staroske<\/p>\n<p>&nbsp;<\/p>\n<p>History<\/p>\n<p>On August 25th, 1946, a working group called &#8220;Arbeitsgemeinschaft deutscher Fernschachfreunde (BdF)&#8221; was instituted at Frankfurt\/Main, with its [&#8230;]<\/p>\n","protected":false},"author":1,"featured_media":0,"parent":704,"menu_order":12,"comment_status":"closed","ping_status":"open","template":"","meta":{"ngg_post_thumbnail":0},"_links":{"self":[{"href":"https:\/\/kszgk.com\/iccf\/index.php?rest_route=\/wp\/v2\/pages\/2679"}],"collection":[{"href":"https:\/\/kszgk.com\/iccf\/index.php?rest_route=\/wp\/v2\/pages"}],"about":[{"href":"https:\/\/kszgk.com\/iccf\/index.php?rest_route=\/wp\/v2\/types\/page"}],"author":[{"embeddable":true,"href":"https:\/\/kszgk.com\/iccf\/index.php?rest_route=\/wp\/v2\/users\/1"}],"replies":[{"embeddable":true,"href":"https:\/\/kszgk.com\/iccf\/index.php?rest_route=%2Fwp%2Fv2%2Fcomments&post=2679"}],"version-history":[{"count":14,"href":"https:\/\/kszgk.com\/iccf\/index.php?rest_route=\/wp\/v2\/pages\/2679\/revisions"}],"predecessor-version":[{"id":2681,"href":"https:\/\/kszgk.com\/iccf\/index.php?rest_route=\/wp\/v2\/pages\/2679\/revisions\/2681"}],"up":[{"embeddable":true,"href":"https:\/\/kszgk.com\/iccf\/index.php?rest_route=\/wp\/v2\/pages\/704"}],"wp:attachment":[{"href":"https:\/\/kszgk.com\/iccf\/index.php?rest_route=%2Fwp%2Fv2%2Fmedia&parent=2679"}],"curies":[{"name":"wp","href":"https:\/\/api.w.org\/{rel}","templated":true}]}}