{"id":2380,"date":"2011-11-23T23:13:47","date_gmt":"2011-11-23T22:13:47","guid":{"rendered":"http:\/\/kszgk.com\/iccf\/?page_id=2380"},"modified":"2011-12-11T20:34:53","modified_gmt":"2011-12-11T19:34:53","slug":"iceland","status":"publish","type":"page","link":"https:\/\/kszgk.com\/iccf\/?page_id=2380","title":{"rendered":"Iceland"},"content":{"rendered":"<p><strong>Name of Federation:<\/strong> Icelandic Correspondence Chess Association (ICCA)<\/p>\n<p><strong>Year of Foundation:<\/strong> 1974<\/p>\n<p><strong>ICCF Delegate and E-Mail contact:<\/strong> Mr. J\u00f3n A. P\u00e1lsson (<a href=\"mailto:jap@simnet.is\">jap@simnet.is<\/a>)<\/p>\n<p><strong>Website:<\/strong> <a href=\"http:\/\/www.simnet.is\/chess\/\">http:\/\/www.simnet.is\/chess\/<\/a><\/p>\n<p><strong>Article Provided by<\/strong><strong>:\u00a0 <\/strong>\u00a0J\u00f3n A. P\u00e1lsson<\/p>\n<p>=========<\/p>\n<p><!--nextpage--><\/p>\n<p>Although chess has been quite popular in Iceland for centuries, the history of correspondence chess is short. In 1964 the chess magazine <em>Sk\u00e1k<\/em> organised a cup-like tournament, which was never quite finished. Both before and after that tournament a few chess players were known to participate in foreign CC tournaments.<\/p>\n<p>In 1974, the Icelandic Chess Federation formed a commission of correspondence chess and became a member of the international organisation, ICCF. The aim of this commission was to provide those chess players, who for some reasons preferred to play CC, with opportunities to play, whether it was at national or international level. At first the emphasis was on the home front, together with a series of team matches. As time went on, the interest of the players shifted more to individual tournaments arranged by ICCF and to invitation tournaments. Interest in team matches waned, and it became increasingly difficult to bring together teams for the Olympic and other regular team tournaments. The reason for this difficulty is that active CC players have always been very few, e.g. 22 today.<\/p>\n<p>In 1992 active CC players formed a special association, the Icelandic Correspondence Chess Association, ICCA, with only a loose connection with the Icelandic Chess Federation. In fact there was very little change in CC activities. Instead of three members of the commission, there were now five members of the board of the new association.<\/p>\n<p>For some years, we published newsletters, <em>Br\u00e9fsk\u00e1kt\u00ed\u00f0indi<\/em>, with a modest ambition to develop to a chess magazine. Meagre means have made the realisation of this ambition very difficult.<\/p>\n<p>Our position in ICCF is very neutral, i.e. we have no members in the administrative bodies of the Federation. Since Bad Mitterndorf we have only sent delegates to four Congresses: J\u00e4rvenpa\u00e4, London twice and Perth in Scotland. As always this is a matter of low budget.<\/p>\n<p>Our first duty of ICCA is to conduct Correspondence Chess Championships of Iceland. Now 22 CC tournaments have been held. The following, is a list of the National champions:<\/p>\n<ul>\n<li>1. 1974 &#8211; 1976 J\u00f3n A. P\u00e1lsson og Kristj\u00e1n Gu\u00f0mundsson<\/li>\n<li>2. 1978 &#8211; 1980 Frank Herlufsen<\/li>\n<li>3. 1979 &#8211; 1981 Hannes \u00d3lafsson<\/li>\n<li>4. 1980 &#8211; 1982 \u00c1rni Stef\u00e1nsson \u2020<\/li>\n<li>5. 1981 &#8211; 1983 J\u00f3n A. P\u00e1lsson<\/li>\n<li>6. 1982 &#8211; 1984 Haukur Kristj\u00e1nsson \u2020<\/li>\n<li>7. 1983 &#8211; 1985 J\u00f3n \u00de. \u00de\u00f3r<\/li>\n<li>8. 1984 &#8211; 1986 Ingimar Halld\u00f3rsson<\/li>\n<li>9. 1985 &#8211; 1987 J\u00f3n Kristinsson<\/li>\n<li>10. 1986 &#8211; 1988 J\u00f3n Kristinsson<\/li>\n<li>11. 1987 &#8211; 1989 \u00c1rni Stef\u00e1nsson \u2020<\/li>\n<li>12. 1988 &#8211; 1990 \u00c1skell \u00d6rn K\u00e1rason<\/li>\n<li>13. 1989 &#8211; 1991 Bjarni Magn\u00fasson \u2020 og J\u00f3n Kristinsson<\/li>\n<li>14. 1990 &#8211; 1992 Kristj\u00e1n Gu\u00f0mundsson<\/li>\n<li>15. 1991 &#8211; 1993 K\u00e1ri S\u00f3lmundarson<\/li>\n<li>16. 1993 &#8211; 1995 Magn\u00fas Gunnarsson og Baldur Fj\u00f6lnisson<\/li>\n<li>17. 1994 &#8211; 1996 J\u00f3n Kristinsson<\/li>\n<li>18. 1997 &#8211; 1999 Vigf\u00fas \u00d3\u00f0inn Vigf\u00fasson<\/li>\n<li>19. 1998 &#8211; 2000 G\u00edsli S. Gunnlaugsson og H\u00f6r\u00f0ur \u00de. Gar\u00f0arsson<\/li>\n<li>20. 2002 &#8211; 2004 J\u00f3nas J\u00f3nasson<\/li>\n<li>21. 2006 &#8211; 2008 J\u00f3nas J\u00f3nasson<\/li>\n<li>22. 2010 &#8211; 2012<\/li>\n<\/ul>\n<p><!--nextpage--><\/p>\n<p>In the international arena, a number of our players have earned merits.<\/p>\n<p><strong>International master (IM)<\/strong><\/p>\n<ul>\n<li>J\u00f3n Ad\u00f3lf P\u00e1lsson 1981<\/li>\n<li>Bragi Kristj\u00e1nsson 1984<\/li>\n<li>Frank Herlufsen 1989<\/li>\n<li>Hannes \u00d3lafsson 1991<\/li>\n<li>Bragi \u00deorbergsson 1992<\/li>\n<li>\u00c1skell \u00d6rn K\u00e1rason 1993<\/li>\n<li>J\u00f3n Kristinsson 1994<\/li>\n<li>J\u00f3n \u00c1rni Halld\u00f3rsson 1997<\/li>\n<li>G\u00edsli S. Gunnlaugsson 1999<\/li>\n<li>Haraldur Haraldsson 2007<\/li>\n<\/ul>\n<p><strong>Senior International Master (SIM)<\/strong><\/p>\n<ul>\n<li>J\u00f3n Ad\u00f3lf P\u00e1lsson 1999<\/li>\n<li>J\u00f3n \u00c1rni Halld\u00f3rsson 1999<\/li>\n<li>\u00c1kell \u00d6rn K\u00e1rason 2001<\/li>\n<\/ul>\n<p><strong>Grandmasters (GM)<\/strong><\/p>\n<ul>\n<li>Hannes \u00d3lafsson 1995<\/li>\n<li>Bragi \u00deorbergsson 1998<\/li>\n<\/ul>\n<p>&nbsp;<\/p>\n<div id=\"attachment_2758\" style=\"width: 197px\" class=\"wp-caption alignleft\"><a href=\"http:\/\/kszgk.com\/iccf\/wp-content\/uploads\/2011\/11\/Palsson-Jon-Adolf2.png\"><img aria-describedby=\"caption-attachment-2758\" loading=\"lazy\" class=\"size-full wp-image-2758\" title=\"Palsson, Jon Adolf2\" src=\"http:\/\/kszgk.com\/iccf\/wp-content\/uploads\/2011\/11\/Palsson-Jon-Adolf2.png\" alt=\"\" width=\"187\" height=\"249\" srcset=\"https:\/\/kszgk.com\/iccf\/wp-content\/uploads\/2011\/11\/Palsson-Jon-Adolf2.png 187w, https:\/\/kszgk.com\/iccf\/wp-content\/uploads\/2011\/11\/Palsson-Jon-Adolf2-112x150.png 112w\" sizes=\"(max-width: 187px) 100vw, 187px\" \/><\/a><p id=\"caption-attachment-2758\" class=\"wp-caption-text\">J\u00f3n Ad\u00f3lf P\u00e1lsson<\/p><\/div>\n<p>&nbsp;<\/p>\n<p>&nbsp;<\/p>\n<p>&nbsp;<\/p>\n<p>&nbsp;<\/p>\n<p>&nbsp;<\/p>\n<p>&nbsp;<\/p>\n","protected":false},"excerpt":{"rendered":"\n<p>Name of Federation: Icelandic Correspondence Chess Association (ICCA)<\/p>\n<p>Year of Foundation: 1974<\/p>\n<p>ICCF Delegate and E-Mail contact: Mr. J\u00f3n A. P\u00e1lsson (jap@simnet.is)<\/p>\n<p>Website: http:\/\/www.simnet.is\/chess\/<\/p>\n<p>Article Provided by: J\u00f3n A. P\u00e1lsson<\/p>\n<p>=========<\/p>\n<p>Although chess has been quite popular in Iceland for centuries, the history of correspondence chess is short. In 1964 the chess magazine Sk\u00e1k [&#8230;]<\/p>\n","protected":false},"author":1,"featured_media":0,"parent":704,"menu_order":15,"comment_status":"closed","ping_status":"open","template":"","meta":{"ngg_post_thumbnail":0},"_links":{"self":[{"href":"https:\/\/kszgk.com\/iccf\/index.php?rest_route=\/wp\/v2\/pages\/2380"}],"collection":[{"href":"https:\/\/kszgk.com\/iccf\/index.php?rest_route=\/wp\/v2\/pages"}],"about":[{"href":"https:\/\/kszgk.com\/iccf\/index.php?rest_route=\/wp\/v2\/types\/page"}],"author":[{"embeddable":true,"href":"https:\/\/kszgk.com\/iccf\/index.php?rest_route=\/wp\/v2\/users\/1"}],"replies":[{"embeddable":true,"href":"https:\/\/kszgk.com\/iccf\/index.php?rest_route=%2Fwp%2Fv2%2Fcomments&post=2380"}],"version-history":[{"count":10,"href":"https:\/\/kszgk.com\/iccf\/index.php?rest_route=\/wp\/v2\/pages\/2380\/revisions"}],"predecessor-version":[{"id":2384,"href":"https:\/\/kszgk.com\/iccf\/index.php?rest_route=\/wp\/v2\/pages\/2380\/revisions\/2384"}],"up":[{"embeddable":true,"href":"https:\/\/kszgk.com\/iccf\/index.php?rest_route=\/wp\/v2\/pages\/704"}],"wp:attachment":[{"href":"https:\/\/kszgk.com\/iccf\/index.php?rest_route=%2Fwp%2Fv2%2Fmedia&parent=2380"}],"curies":[{"name":"wp","href":"https:\/\/api.w.org\/{rel}","templated":true}]}}