{"id":207,"date":"2010-08-08T11:55:44","date_gmt":"2010-08-08T10:55:44","guid":{"rendered":"http:\/\/szachykorespondencyjne.org.pl\/WordPress\/?page_id=207"},"modified":"2012-09-29T10:33:29","modified_gmt":"2012-09-29T08:33:29","slug":"statut-iccf","status":"publish","type":"page","link":"https:\/\/kszgk.com\/iccf\/?page_id=207","title":{"rendered":"ICCF Statutes"},"content":{"rendered":"<p>The new statutes have been adopted by the 2011 Congress in J\u00e4rvenp\u00e4\u00e4 (Finland) and repeal the former statutes in their version modified for the last time at the 2010 Congress in Antalya (Turkey).<\/p>\n<p><a href=\"http:\/\/kszgk.com\/iccf\/wp-content\/uploads\/2010\/08\/ICCF-Statuts-French-version-01.01.2012.pdf\">ICCF Statuts &#8211; French version, 01.01.2012<\/a><\/p>\n<p><a href=\"http:\/\/kszgk.com\/iccf\/wp-content\/uploads\/2010\/08\/ICCF-Statuts-English-version-01.01.2012.pdf\">ICCF Statuts &#8211; English version, 01.01.2012<\/a><\/p>\n","protected":false},"excerpt":{"rendered":"<p>The new statutes have been adopted by the 2011 Congress in J\u00e4rvenp\u00e4\u00e4 (Finland) and repeal the former statutes in their version modified for the last time at the 2010 Congress in Antalya (Turkey).<\/p>\n<p>ICCF Statuts &#8211; French version, 01.01.2012<\/p>\n<p>ICCF Statuts &#8211; English version, 01.01.2012<\/p>\n","protected":false},"author":2,"featured_media":0,"parent":199,"menu_order":1,"comment_status":"closed","ping_status":"open","template":"","meta":{"ngg_post_thumbnail":0},"_links":{"self":[{"href":"https:\/\/kszgk.com\/iccf\/index.php?rest_route=\/wp\/v2\/pages\/207"}],"collection":[{"href":"https:\/\/kszgk.com\/iccf\/index.php?rest_route=\/wp\/v2\/pages"}],"about":[{"href":"https:\/\/kszgk.com\/iccf\/index.php?rest_route=\/wp\/v2\/types\/page"}],"author":[{"embeddable":true,"href":"https:\/\/kszgk.com\/iccf\/index.php?rest_route=\/wp\/v2\/users\/2"}],"replies":[{"embeddable":true,"href":"https:\/\/kszgk.com\/iccf\/index.php?rest_route=%2Fwp%2Fv2%2Fcomments&post=207"}],"version-history":[{"count":5,"href":"https:\/\/kszgk.com\/iccf\/index.php?rest_route=\/wp\/v2\/pages\/207\/revisions"}],"predecessor-version":[{"id":1693,"href":"https:\/\/kszgk.com\/iccf\/index.php?rest_route=\/wp\/v2\/pages\/207\/revisions\/1693"}],"up":[{"embeddable":true,"href":"https:\/\/kszgk.com\/iccf\/index.php?rest_route=\/wp\/v2\/pages\/199"}],"wp:attachment":[{"href":"https:\/\/kszgk.com\/iccf\/index.php?rest_route=%2Fwp%2Fv2%2Fmedia&parent=207"}],"curies":[{"name":"wp","href":"https:\/\/api.w.org\/{rel}","templated":true}]}}