{"id":1477,"date":"2011-10-31T11:29:27","date_gmt":"2011-10-31T10:29:27","guid":{"rendered":"http:\/\/kszgk.com\/iccf\/?page_id=1477"},"modified":"2011-12-11T20:24:40","modified_gmt":"2011-12-11T19:24:40","slug":"czech-republic","status":"publish","type":"page","link":"https:\/\/kszgk.com\/iccf\/?page_id=1477","title":{"rendered":"Czech Republic"},"content":{"rendered":"<p><strong>Name of Federation:<\/strong> Association of Correspondence Chess in the Czech Republic<\/p>\n<p><strong>Year of Foundation:<\/strong> 1993<\/p>\n<p><strong>ICCF Delegate:<\/strong> Josef Mrkvi\u010dka (<a href=\"mailto:josef.mrkvicka@volny.cz\">josef.mrkvicka@volny.cz<\/a>)<\/p>\n<p><strong>ICCF E-Mail contact:<\/strong> Michal Volf (<a href=\"mailto:chess.volf@centrum.cz\">chess.volf@centrum.cz<\/a>)<\/p>\n<p><strong>Website:<\/strong> <a href=\"http:\/\/www.skscr.cz\/\">http:\/\/www.skscr.cz\/<\/a><\/p>\n<p><strong>Article provided by:<\/strong> Rudolf \u0160eve\u010dek, Josef Mrkvi\u010dka<\/p>\n<p><!--nextpage--><\/p>\n<p><strong>Short History<\/strong><\/p>\n<p>The first written report of a game played by correspondence between two players in the Czech territory dates back to 1870-71, but the official date is the year 1886, when Karel Traxler published invitations through the chess column in the \u201cT\u00e1bor\u201d magazine for the first CC tournament. The games started on December 15, 1886 and the final results were known in early February 1888. There was no direct contact between the nine participants, but moves were sent to the Tournament Director and he distributed them to the players.<\/p>\n<p>Karel Traxler became famous, not only as the Great Father of Czech CC players, but also as author of the clever Traxler Counter-attack in the Two Knights Defense: 1.e4 e5 2.Nf3 Nc6 3.Bc4 Nf6 4.Ng5 Bc5!? (see the game Estrin \u2013 Je\u017eek).<\/p>\n<p>Until 1918, Czech territory was part of the Austrian-Hungarian Monarchy. By the end of October 1918 an independent state of Czechs and Slovaks was founded with the name Czechoslovakia. Since then, many CC tournaments were organised by newspapers and chess magazines and many Czechoslovak players took part in foreign tournaments. In 1949, a CC Section of the Czechoslovak Chess Federation was established and their members took over all national and international CC activities.<\/p>\n<p>After political changes in 1989, an independent Czechoslovak CC Federation was founded. And finally on January 1, 1993 &#8211; when Czechoslovakia was divided into two states &#8211; two associations, the Czech and the Slovak, became legal successors of all previous CC organisations.<\/p>\n<p>&nbsp;<\/p>\n<p><strong>Achievements<\/strong><\/p>\n<p>Many excellent results by Czechoslovak correspondence chess players can be reported but we shall mention only the most remarkable.<\/p>\n<p>In the pre-war time 1919-1938 one of the worlds\u2019 strongest players was Frantisek Bat\u00edk (1887-1985). After the war he entered the World Championship Final II and was the only player to defeat the winner Ragozin (see game Bat\u00edk \u2013 Ragozin).<\/p>\n<p>A great success was achieved by Jaroslav H\u00fdbl and Karel Hus\u00e1k in the World Championship Final V (1965-1968) when they placed second and third behind Hans Berliner of the USA. A similar success was repeated by Jozef Franzen (now from Slovakia) who was runner-up in World Championship Final XII (1984-1990). Then, after a longer interruption, Milo\u0161 Kratochv\u00edl placed third in the World Championship XX (2004-2011).<\/p>\n<p>Other Czech players who qualified for World Championship Finals were Valt Borsony and Jaroslav Je\u017eek (Final II), Jaroslav H\u00fdbl and Rudolf \u0160eve\u010dek (Final VI), Jind\u0159ich Zapletal and Zden\u0115k Ne\u010desan\u00fd (Final VII), Josef Nun (Final VIII), Rudolf \u0160eve\u010dek (Final XVI), Libor Dan\u0115k (Final XVII), V\u00e1clav Lexa (Final XIX), David Vrko\u010d and Lubom\u00edr Mach\u00fd\u010dek (Final XXII), Pavel Sv\u00e1\u010dek and Ladislav \u017dleb\u010d\u00edk (Final XXIII). For the forthcoming Final XXVIII to be started in 2012, Czech players Zden\u011bk Straka and Petr Boukal qualified recently.<\/p>\n<p>Czechoslovak players twice gained the title of European Champion. The Second European Championship (1964-1967) was won by Jind\u0159ich Zapletal, and the Thirty-Seventh Championship (1991-1994) was won by Libor Dan\u0115k. Other players who played in the European Championship Finals were Ji\u0159\u00ed Mou\u010dka (Sixty-Fourth Final) and Lubom\u00edr Mach\u00fd\u010dek (Sixty-Sixth Final).<\/p>\n<p>The Czechoslovak teams were very successful in CC Olympiads. They were placed second in the First Olympiad (1949-1952) and were winners in the Second Olympiad (1952-1955). The players were Paroulek, Hukel, Kausek, Borsony, Olexa, and Skrovina, with Karel Pr\u016fcha as Team Captain. Another first place was obtained in the Fifth Olympiad (1965-1968), which the Czechoslovak team (\u0160najdr, Smr\u010dka, Urbanec, H\u00fdbl, Weiner, Nun, and Stanislav Folgar as Team Captain) won ahead of the USSR and West Germany. In the Sixth Olympiad (1968-1972) the Czechoslovak team was second and gained silver medals (won by the Soviet Union).<\/p>\n<p>Another success came 30 years later in the Eleventh Olympiad (1992-1999) when the Czechoslovak Team consisting of four Czech players (Zapletal, Trapl, Mr\u00e1z, \u0160eve\u010dek, also team captain) and two Slovak players (Lan\u010d, Pr\u00edvara) shared the first place with the German team gaining the same number of game-points but having more match points. However, both teams were awarded Gold Medals according to the ICCF motto \u201cAmici Sumus\u201d. A second place for the Czech team \u2013 behind Germany \u2013 then followed in the Thirteenth Olympiad (2004-2009): Chytilek, Mr\u00e1z, Kratochv\u00edl, Trapl, N\u00fdvlt, Sv\u00e1\u010dek (also team captain) were part of this successful team. The Czech teams also participated in the Final of Fourteenth Olympiad played by email, and in the currently played Final of Sixteenth Olympiad.<\/p>\n<p>Many excellent results were achieved by Czechoslovak teams in Ladies Olympiads. In the First Olympiad (1974-1979) they were placed third; in the Second Olympiad (1980-1986) they obtained the same number of points as the Soviet Union but won silver medals. They were again second in the Third Olympiad (1986-1992) and finally in the Fourth Olympiad (1992-1997) the Czech team (Eva Mo\u017en\u00e1, Mariola Babulov\u00e1, Hana Kub\u00edkov\u00e1 and Vlasta Hor\u00e1\u010dkov\u00e1, with Vladim\u00edr Houdek as Team Captain) managed to beat the Russian team and gained golden medals. In the next Fifth Olympiad, the Czech team (Eva Mo\u017en\u00e1, Hana Kub\u00edkov\u00e1, Mariola Babulov\u00e1, Vlasta Nejezchlebov\u00e1, with Josef Mrkvi\u010dka as Team Captain) finished third and obtained bronze medals.<\/p>\n<p>The greatest success of a Czech lady player in the individual Ladies World Championships was achieved in the Ladies World Championship, Final 8 (2007-2010), as Marie Ba\u017eantov\u00e1 finished second behind Olga Sukhareva from Russia. Furthermore, in the Ladies World Championship, Final 5 (1993-1998), two Czech players also achieved outstanding results. Eva Mo\u017en\u00e1 finished third, followed by Vlasta Nejezchlebov\u00e1 on fourth place.<\/p>\n<p><!--nextpage--><\/p>\n<p><strong>Other individual tournament achievements<\/strong><\/p>\n<p>As at 31.10.2011, Czech Republic has (some of them inactive):<\/p>\n<ul>\n<li>12 CC Grandmasters<\/li>\n<li>24 CC Senior International Masters<\/li>\n<li>27 CC International Masters<\/li>\n<li>5 CC Lady Grandmasters<\/li>\n<li>9 CC Lady International Masters<\/li>\n<\/ul>\n<p>In the beginning of the 21st century, the Czech Grandmaster Roman Chytilek became one of the world top leading players, currently rated 2687 and occupying 5th place on the ICCF Rating List as at 01.10.2011. He has already achieved 6 Grandmaster norms and finished on the top in every tournament he has ever played.<\/p>\n<p>So far, his greatest achievement has been the win in the strongest ever one-round robin tournament \u2013 Herrmann Heemsoth Memorial (2008-2010), played by e-mail, Category 16, 17 players, out of them 16 strong Grandmasters and 4 World Champions! (see game Chytilek \u2013 Umansky from this tournament).<\/p>\n<p>His other achievements:<\/p>\n<ul>\n<li>Carlos Maximo Portela Memorial A (Category 10) \u2013 2nd place<\/li>\n<li>Itzhak Veinger Memorial Section A (Category 13) \u2013 1st place<\/li>\n<li>Franti\u0161ek Bat\u00edk Memorial (Category 14) \u2013 2nd place<\/li>\n<li>ICCF Olympiad 13 Final Board 1 (Category 13) \u2013 shared 1st place, worse on S-B evaluation<\/li>\n<li>Simon Webb Memorial (Category 15) \u2013 2nd place<\/li>\n<\/ul>\n<p><strong>Czechs in the ICCF top positions<\/strong><\/p>\n<p>The Czech representatives also left their significant track in the leading ICCF structures. After a long-year top level activity of Bohuslav Luk\u00e1\u0161 who was the ICCF General Secretary from 1956 till 1983 (!), and after a longer interruption until the end of nineties, Josef Mrkvi\u010dka participated as a delegation member in his first ICCF Congress 1999 in Thun, Switzerland and started there his quick race up to the ICCF top position. Just at the Congress in Thun, he was charged to organize the ICCF World Cup XII, and at the next ICCF Congress 2000 in Daytona Beach, USA, he was appointed to the newly created position of the ICCF Title Tournaments Commissioner.<\/p>\n<p>His quick, but unfortunately too short career reached the top at the ICCF Congress 2003 in Ostrava, where \u2013 after a withdrawal of Alan Borwell \u2013 he was elected unanimously for the ICCF President.<\/p>\n<p>Unfortunately, because of health, work and family problems, he was forced to resign as ICCF President at the end of 2004. However, after some years of interruption, he came back to his voluntary work for ICCF. He continued as the Central Tournament Leader of the ICCF World Cup XII, later on as the Central Tournament Leader of the 1st ICCF Veterans World Cup, and in the year 2007, he unsuccessfully ran for a position of the ICCF General Secretary. Two years later, he was elected for the ICCF Auditor, and since 2010, as the Czech CCA Delegate Petr Buchn\u00ed\u010dek withdrew, he took over this position in the Czech CCA and ICCF.<\/p>\n<p>&nbsp;<\/p>\n<p><strong>Czech Bertl von Massow Medals Holders<\/strong><\/p>\n<p>The following Czech players and officers were awarded with Bertl von Massow Gold and Silver medals for their 15 or 10 years\u2019 meritorious service for ICCF:<\/p>\n<p>Bertl von Massow Gold Medal<\/p>\n<ul>\n<li>Bohuslav Luk\u00e1\u0161 1984<\/li>\n<li>Vladim\u00edr Houdek 1993<\/li>\n<li>Jarom\u00edr Canibal 2009<\/li>\n<li>Karel Glaser 2011<\/li>\n<li>Zden\u011bk N\u00fdvlt 2011<\/li>\n<\/ul>\n<p>Bertl von Massow Silver Medal<\/p>\n<ul>\n<li>Josef Mrkvi\u010dka 2009<\/li>\n<\/ul>\n<p>=============<\/p>\n<!-- index.php -->\n<div\n\tclass=\"ngg-galleryoverview ngg-ajax-pagination-none\"\n\tid=\"ngg-gallery-0c0be41f30e95a5e73307fc2f319fd46-1\">\n\n    \t<div class=\"slideshowlink\">\n        <a href='https:\/\/kszgk.com\/iccf\/index.php\/nggallery\/slideshow?page_id=1477'>[Show as slideshow]<\/a>\n\t\t\n\t<\/div>\n\t\t\t<!-- Thumbnails -->\n\t\t\t\t<div id=\"ngg-image-0\" class=\"ngg-gallery-thumbnail-box\" >\n\t\t\t\t        <div class=\"ngg-gallery-thumbnail\">\n            <a href=\"https:\/\/kszgk.com\/iccf\/wp-content\/gallery\/czech-republic\/buchnicek2.jpg\"\n               title=\"Petr Buchn\u00ed\u010dek (*1974) \r\nCzech CCA Delegate 2005-2010\"\n               data-src=\"https:\/\/kszgk.com\/iccf\/wp-content\/gallery\/czech-republic\/buchnicek2.jpg\"\n               data-thumbnail=\"https:\/\/kszgk.com\/iccf\/wp-content\/gallery\/czech-republic\/thumbs\/thumbs_buchnicek2.jpg\"\n               data-image-id=\"76\"\n               data-title=\"buchnicek\"\n               data-description=\"Petr Buchn\u00ed\u010dek (*1974) \r\nCzech CCA Delegate 2005-2010\"\n               data-image-slug=\"buchnicek\"\n               class=\"shutterset_0c0be41f30e95a5e73307fc2f319fd46\">\n                <img\n                    title=\"buchnicek\"\n                    alt=\"buchnicek\"\n                    src=\"https:\/\/kszgk.com\/iccf\/wp-content\/gallery\/czech-republic\/thumbs\/thumbs_buchnicek2.jpg\"\n                    width=\"100\"\n                    height=\"75\"\n                    style=\"max-width:100%;\"\n                \/>\n            <\/a>\n        <\/div>\n\t\t\t\t\t\t\t<\/div> \n\t\t\t\n        \n\t\t\t\t<div id=\"ngg-image-1\" class=\"ngg-gallery-thumbnail-box\" >\n\t\t\t\t        <div class=\"ngg-gallery-thumbnail\">\n            <a href=\"https:\/\/kszgk.com\/iccf\/wp-content\/gallery\/czech-republic\/canibal.jpg\"\n               title=\"Dr. Jarom\u00edr Canibal (*1947) \r\nCzech CCA Delegate 1995-2004\"\n               data-src=\"https:\/\/kszgk.com\/iccf\/wp-content\/gallery\/czech-republic\/canibal.jpg\"\n               data-thumbnail=\"https:\/\/kszgk.com\/iccf\/wp-content\/gallery\/czech-republic\/thumbs\/thumbs_canibal.jpg\"\n               data-image-id=\"77\"\n               data-title=\"canibal\"\n               data-description=\"Dr. Jarom\u00edr Canibal (*1947) \r\nCzech CCA Delegate 1995-2004\"\n               data-image-slug=\"canibal\"\n               class=\"shutterset_0c0be41f30e95a5e73307fc2f319fd46\">\n                <img\n                    title=\"canibal\"\n                    alt=\"canibal\"\n                    src=\"https:\/\/kszgk.com\/iccf\/wp-content\/gallery\/czech-republic\/thumbs\/thumbs_canibal.jpg\"\n                    width=\"100\"\n                    height=\"75\"\n                    style=\"max-width:100%;\"\n                \/>\n            <\/a>\n        <\/div>\n\t\t\t\t\t\t\t<\/div> \n\t\t\t\n        \n\t\t\t\t<div id=\"ngg-image-2\" class=\"ngg-gallery-thumbnail-box\" >\n\t\t\t\t        <div class=\"ngg-gallery-thumbnail\">\n            <a href=\"https:\/\/kszgk.com\/iccf\/wp-content\/gallery\/czech-republic\/chytilek.jpg\"\n               title=\"Dr. Roman Chytilek (*1976) \r\nCzech leading Grandmaster\"\n               data-src=\"https:\/\/kszgk.com\/iccf\/wp-content\/gallery\/czech-republic\/chytilek.jpg\"\n               data-thumbnail=\"https:\/\/kszgk.com\/iccf\/wp-content\/gallery\/czech-republic\/thumbs\/thumbs_chytilek.jpg\"\n               data-image-id=\"78\"\n               data-title=\"chytilek\"\n               data-description=\"Dr. Roman Chytilek (*1976) \r\nCzech leading Grandmaster\"\n               data-image-slug=\"chytilek\"\n               class=\"shutterset_0c0be41f30e95a5e73307fc2f319fd46\">\n                <img\n                    title=\"chytilek\"\n                    alt=\"chytilek\"\n                    src=\"https:\/\/kszgk.com\/iccf\/wp-content\/gallery\/czech-republic\/thumbs\/thumbs_chytilek.jpg\"\n                    width=\"100\"\n                    height=\"75\"\n                    style=\"max-width:100%;\"\n                \/>\n            <\/a>\n        <\/div>\n\t\t\t\t\t\t\t<\/div> \n\t\t\t\n        \n\t\t\t\t<div id=\"ngg-image-3\" class=\"ngg-gallery-thumbnail-box\" >\n\t\t\t\t        <div class=\"ngg-gallery-thumbnail\">\n            <a href=\"https:\/\/kszgk.com\/iccf\/wp-content\/gallery\/czech-republic\/mrkvicka2.jpg\"\n               title=\"Josef Mrkvi\u010dka (*1951)\r\nICCF President 2003-2004\r\nICCF Title Tournaments  Commissioner 2001-2003\r\nICCF Auditor since 2009\r\nCzech CCA Delegate since 2010\"\n               data-src=\"https:\/\/kszgk.com\/iccf\/wp-content\/gallery\/czech-republic\/mrkvicka2.jpg\"\n               data-thumbnail=\"https:\/\/kszgk.com\/iccf\/wp-content\/gallery\/czech-republic\/thumbs\/thumbs_mrkvicka2.jpg\"\n               data-image-id=\"79\"\n               data-title=\"mrkvicka2\"\n               data-description=\"Josef Mrkvi\u010dka (*1951)\r\nICCF President 2003-2004\r\nICCF Title Tournaments  Commissioner 2001-2003\r\nICCF Auditor since 2009\r\nCzech CCA Delegate since 2010\"\n               data-image-slug=\"mrkvicka2\"\n               class=\"shutterset_0c0be41f30e95a5e73307fc2f319fd46\">\n                <img\n                    title=\"mrkvicka2\"\n                    alt=\"mrkvicka2\"\n                    src=\"https:\/\/kszgk.com\/iccf\/wp-content\/gallery\/czech-republic\/thumbs\/thumbs_mrkvicka2.jpg\"\n                    width=\"100\"\n                    height=\"75\"\n                    style=\"max-width:100%;\"\n                \/>\n            <\/a>\n        <\/div>\n\t\t\t\t\t\t\t<\/div> \n\t\t\t\n        \n\t\t\t\t<div id=\"ngg-image-4\" class=\"ngg-gallery-thumbnail-box\" >\n\t\t\t\t        <div class=\"ngg-gallery-thumbnail\">\n            <a href=\"https:\/\/kszgk.com\/iccf\/wp-content\/gallery\/czech-republic\/batik-frantisek.jpg\"\n               title=\"Frantisek Batik\"\n               data-src=\"https:\/\/kszgk.com\/iccf\/wp-content\/gallery\/czech-republic\/batik-frantisek.jpg\"\n               data-thumbnail=\"https:\/\/kszgk.com\/iccf\/wp-content\/gallery\/czech-republic\/thumbs\/thumbs_batik-frantisek.jpg\"\n               data-image-id=\"80\"\n               data-title=\"batik-frantisek\"\n               data-description=\"Frantisek Batik\"\n               data-image-slug=\"batik-frantisek\"\n               class=\"shutterset_0c0be41f30e95a5e73307fc2f319fd46\">\n                <img\n                    title=\"batik-frantisek\"\n                    alt=\"batik-frantisek\"\n                    src=\"https:\/\/kszgk.com\/iccf\/wp-content\/gallery\/czech-republic\/thumbs\/thumbs_batik-frantisek.jpg\"\n                    width=\"100\"\n                    height=\"75\"\n                    style=\"max-width:100%;\"\n                \/>\n            <\/a>\n        <\/div>\n\t\t\t\t\t\t\t<\/div> \n\t\t\t\n        \n\t\t\n\t\t<!-- Pagination -->\n\t<div class='ngg-clear'><\/div>\t<\/div>\n\n<p><!--nextpage--><\/p>\n<p>xxxxxxxxxxxxxxxxx<\/p>\n<div class='chessboard-wrapper'><textarea id='pgn4web_6661db72' style='display:none;' cols='40' rows='8'>   [Event \"Hermann Heemsoth Memorial\"]  [Site \"?\"]  [Date \"2008.01.21\"]  [Round \"?\"]  [White \"Chytilek, Roman\"]  [Black \"Umansky, Mikhail\"]  [Result \"1-0\"]  [ECO \"E94\"]  [Annotator \"Boukal\"]  [PlyCount \"79\"]  [EventDate \"2011.09.26\"]  [SourceDate \"2011.09.26\"]   1. e4 g6 2. d4 d6 3. c4 Bg7 4. Nc3 Nf6 5. Nf3 O-O 6. Be2 e5 7. O-O Na6 ({  This move starts pushing out the formerlypopular} 7... Nc6 {, producing long  forced variations.}) 8. Be3 Ng4 9. Bg5 Qe8 10. c5 $5 ({A principled  continuation. After} 10. Re1 exd4 11. Nxd4 Qe5 12. Nf3 Qc5 13. Bh4 Be6 14. Nd5  Ne5 15. Nxe5 Bxe5 {White has nothing tangible.}) ({In the same tournament,  Langeveld won against Umansky after} 10. Nd5 {.}) 10... exd4 ({It was fully  possible} 10... h6 11. Bh4 exd4 12. Nd5 g5 ({or} 12... dxc5 13. Bxa6 bxa6 14.  Nxc7 Qxe4 15. Nxa8 {with unclear position}) 13. Bxa6 gxh4 14. Nxc7 Qc6 15. cxd6  bxa6 16. Rc1 Qxd6 17. Nxa8 h3 {with unclear play.}) 11. Nd5 Nxc5 $6 ({  It seems that this game terminates the history of this move in thecorrespondenc  e chess. Correct was} 11... h6 {.}) 12. Nxc7 Qxe4 13. Nxa8 $1 ({A refutation  of the whole Black's concept, which, however, had to be supported with a hard  analytical work. Almost exclusively played} 13. Re1 Rb8 14. Bc4 Qf5 15. Be7 {  gives White only a small edge:} Ne4 $1 16. Bd5 Ngxf2 17. Bxe4 Nxe4 18. Bxf8  Kxf8 $14) 13... d3 14. Re1 Bxb2 (14... dxe2 15. Rxe2 Qc6 16. Be7 Re8 17. Nc7 $1  Nxf2 18. Qd5 $1 Qxd5 19. Nxd5 {leads to a bad Black's position.}) 15. Bf1 $1 ({  Strongerthan} 15. Bxd3 $6 Qxd3 16. Be7 Nxf2 $1 ({possible also} 16... Bxa1 17.  Qxa1 f6 18. Bxf8 Kxf8 19. Qc1) 17. Kxf2 Bxa1 18. Qxa1 Ne4+ 19. Rxe4 Qxe4 20.  Bxf8 Qc2+ 21. Kg3 Kxf8 22. Qf6 Qc6 {and it is far from being clear how White -  with his two badly placed knights - could win.}) 15... Qc6 16. Rb1 Bc3 17. Re7  $1 ({The rook sets out to give a hand to the strayed knight. The computer  proposes} 17. Bd2 {, however, after} Bg7 18. h3 Nxf2 19. Kxf2 Bf5 20. g4 {  we would get a fantastic position where Black is a rook and a piece down, and  despite of that, it is unclear if White is winning.}) 17... Bd7 ({It doesn't  help} 17... Be6 18. Qc1 Ba5 19. h3 Nxf2 20. Bh6 Nxh3+ 21. gxh3 Qxf3 22. Qb2  Qg3+ 23. Bg2 {with a clear White's advantage.}) 18. h3 Nf6 19. Rc1 Nd5 ({Or}  19... Bb2 20. Rxc5 dxc5 21. Bxd3 Qd6 22. Re2 c4 23. Bc2 {and White is winning.}  ) 20. Bxd3 Nxe7 ({After} 20... Rxa8 21. Bb5 Qxb5 22. Qxd5 Be6 23. Rxe6 fxe6 24.  Qxd6 Re8 25. Rxc3 Ne4 26. Qd4 Nxc3 27. Qxc3 {White wins.}) 21. Bxe7 Re8 22.  Rxc3 Rxe7 {The computer says that the game is level, but White knows more.} 23.  Bc4 $3 {Diagram #} {This is a position which White had to foresee in his  analyses. An admirable example how a strong over-the-board player can take  advantage of his chess intuition in the correspondence chess!} Be6 ({Only  after the moves} 23... Re8 24. Bd5 Qa4 25. Qd2 Rxa8 26. Ng5 Be6 27. Bxe6 Nxe6  28. Nxe6 fxe6 29. Rc7 Qe4 {the silicon genius finds out that} 30. Qh6 {  is a killer:} Qe1+ 31. Kh2 Qe5+ 32. g3 Qf6 33. Qxh7+ Kf8 34. Qh6+ Ke8 35. Kg2 {  followed by Rg7 and White wins.}) 24. Bb5 Qd5 ({Or} 24... Qxb5 25. Qxd6 Qb1+  26. Kh2 Re8 27. Nc7 Ne4 28. Qd4 Rf8 29. Nxe6 fxe6 30. Rb3 {with a won game.})  25. Qd4 $1 Qxd4 26. Nxd4 Bxa2 27. Ra3 Bd5 28. Rxa7 Re1+ 29. Kh2 Rd1 30. Nc2 Rd2  31. Ne3 Be6 32. f3 d5 33. Nc7 {After 20 moves, the knight enters the  battlefield again and the game is almost over.} Kg7 34. Kg3 Kf6 35. Ra5 Ke5 36.  Bf1 (36. Bc4 $2 b6 37. Ra2 Rxa2 38. Bxa2 Nd3 39. Nexd5 Nc1 40. Nxe6 (40. Bc4  Bxd5 41. Bxd5 Kd6) 40... Nxa2 41. Nec7 {would have made the win more  complicate.}) 36... Kd6 ({It doesn't help} 36... b6 37. Rb5 d4 38. f4+ Ke4 39.  Nc4 Rc2 40. Nd6+ Ke3 41. Nxe6 fxe6 42. Nc4+ Ke4 43. Rxb6 Rc3+ 44. Kg4 Rc1 45.  Rb5 {and White wins.}) 37. Nb5+ Ke7 38. Nd4 b6 39. Ra7+ Bd7 40. Nb5 ({  Black resigns.After} 40. Nb5 f5 41. Nc7 Kd6 42. Nexd5 Rxd5 43. Nxd5 Kxd5 44.  Ra2 {White wins easily. My big thanks to Roman Chytilek for providing me his  analyses and comments.\u00a0 Comments: Petr Boukal in \"Ceskoslovensky sach\" No. 6\/  2011. Translation into English: Josef Mrkvicka}) 1-0   &nbsp;   [Event \"cr USSR-Czechoslovakia match\"]  [Site \"?\"]  [Date \"1967\"]  [Round \"?\"]  [White \"Estrin, Yakov\"]  [Black \"Jezek, Jaroslav\"]  [Result \"0-1\"]  [ECO \"C57\"]  [Annotator \"Jezek\"]  [PlyCount \"78\"]  [EventDate \"2011.09.26\"]  [SourceDate \"2011.09.26\"]   {The Traxler Counterattack was Estrin's favourite opening and he knew a lot  about it.} 1. e4 e5 2. Nf3 Nc6 3. Bc4 Nf6 4. Ng5 Bc5 5. Nxf7 Bxf2+ 6. Kf1 Qe7  7. Nxh8 d5 8. exd5 Nd4 9. h3 ({Nowadays books recommend} 9. d6 {.}) 9... Bh4 ({  or} 9... Bg3 {what is better?}) 10. c3 Nf5 11. d4 Bd7 12. g4 Nd6 13. Be2 Nxd5 {  If White loses the Knight on h8, Black would have sufficient compensation for  what he sacrificed.} 14. Rh2 O-O-O 15. c4 Nf4 16. Bxf4 Qf6 $1 {The right move.  The f-column has to be kept free.} 17. Kg1 Qxf4 18. Qd2 Bg3 19. Rg2 exd4 20.  Qxf4 Bxf4 21. c5 Ne4 22. Nf7 Rf8 $1 {Diagram # This is the point. There is no  escape for the Knight.} 23. Bc4 Be3+ 24. Kh2 Be8 25. Be6+ Kb8 26. Na3 Nxc5 27.  Bd5 c6 28. b4 cxd5 29. bxc5 Bf4+ 30. Kh1 Bxf7 {For a Rook and a Knight, Black  gained a strong pair of Bishops and two pawns. The game is hopeless for White.}  31. Rd1 Be3 32. Nc2 Bg6 33. Nxe3 dxe3 34. Rxd5 Re8 35. Rd1 Be4 36. Kg1 Bxg2 37.  Kxg2 Kc7 38. Kf3 e2 39. Re1 Kc6 0-1   &nbsp;   [Event \"2nd CC World-ch Final\"]  [Site \"?\"]  [Date \"1959\"]  [Round \"?\"]  [White \"Bat\u00edk, Frantisek\"]  [Black \"Ragozin, Vyacheslav\"]  [Result \"1-0\"]  [ECO \"C49\"]  [Annotator \"Paroulek\"]  [PlyCount \"105\"]  [EventDate \"2011.09.26\"]  [SourceDate \"2011.09.26\"]   1. e4 e5 2. Nf3 Nc6 3. Nc3 Nf6 4. Bb5 Bb4 5. O-O O-O 6. d3 Bxc3 7. bxc3 d6 8.  Bg5 Qe7 9. Re1 Nd8 10. d4 Bg4 11. h3 Bh5 12. g4 Bg6 13. d5 c6 14. Bf1 Rc8 (  14... cxd5 15. exd5 Rc8 16. c4 b6 17. a4 Nb7 18. Nd4 $1) 15. c4 b6 16. a4 Nb7  17. Ra3 Nc5 18. Nd2 h6 19. Bh4 Bh7 20. f3 a5 21. Nb1 g5 22. Bf2 cxd5 23. cxd5  Bg6 24. Nd2 {aiming at c4} h5 25. Bb5 hxg4 26. hxg4 Kg7 27. Nc4 Qd8 28. Bc6 $1  Rh8 29. Bxc5 bxc5 30. Kg2 Rh4 31. Rae3 Ng8 32. Rh1 Ne7 ({better is} 32... Rxh1) 33.  Rxh4 gxh4 34. Rb3 h3+ {Black sacrifices a pawn in order to occupy the h-file.}  35. Kxh3 Qh8+ 36. Kg2 Qh6 37. Qd2 (37. Nxd6 $2 Rh8 38. Kf2 Qf4 $1) 37... Qh7  38. Ne3 Rh8 39. Nf1 Ng8 $2 ({better is} 39... Bxe4 40. Qg5+ Ng6 41. fxe4 Qh1+ 42. Kf2  Qxe4) 40. Kf2 Nf6 41. Ke1 c4 $1 42. Re3 Qh1 43. Bb5 Rh3 44. Qf2 c3 $1 45. Be2  Nh7 46. Rxc3 $1 {White offers both central pawns and Black accepts.} Bxe4 47.  Qe3 $1 Bxd5 48. Qd3 $1 Nf6 {Diagram #} 49. Qd2 $1 {Gaining a piece. Three  clever moves of White's Queen decided the game.} Rh6 50. g5 Rh4 51. gxf6+ Kxf6  52. Bb5 (52. Qxd5 $2 Rd4 {with the idea Qh4+}) 52... Rd4 53. Rd3 1-0   <\/textarea><iframe src='https:\/\/kszgk.com\/iccf\/wp-content\/plugins\/embed-chessboard\/pgn4web\/board.html?am=n&amp;d=3000&amp;ig=f&amp;iv=0&amp;ih=s&amp;ss=26&amp;ps=d&amp;pf=d&amp;lch=E6CC98&amp;dch=AD826A&amp;bbch=E0E0E0&amp;hm=b&amp;hch=ABABAB&amp;bd=c&amp;cbch=F0F0F0&amp;ctch=696969&amp;hd=j&amp;md=f&amp;tm=13&amp;fhch=000000&amp;fhs=14&amp;fmch=190CCC&amp;fcch=595959&amp;hmch=E0E0E0&amp;fms=14&amp;fcs=m&amp;cd=i&amp;bch=FFFFFF&amp;fp=13&amp;hl=f&amp;fh=677&amp;fw=p&amp;pi=pgn4web_6661db72' frameborder='0' width='100%' height='677' scrolling='no' marginheight='0' marginwidth='0'>your web browser and\/or your host do not support iframes as required to display the chessboard; alternatively your wordpress theme might suppress the html iframe tag from articles or excerpts<\/iframe><\/div>\n<p>&nbsp;<\/p>\n<p>&nbsp;<\/p>\n<p>&nbsp;<\/p>\n<p>&nbsp;<\/p>\n<p>&nbsp;<\/p>\n<p>&nbsp;<\/p>\n<p>&nbsp;<\/p>\n<p>&nbsp;<\/p>\n","protected":false},"excerpt":{"rendered":"\n<p>Name of Federation: Association of Correspondence Chess in the Czech Republic<\/p>\n<p>Year of Foundation: 1993<\/p>\n<p>ICCF Delegate: Josef Mrkvi\u010dka (josef.mrkvicka@volny.cz)<\/p>\n<p>ICCF E-Mail contact: Michal Volf (chess.volf@centrum.cz)<\/p>\n<p>Website: http:\/\/www.skscr.cz\/<\/p>\n<p>Article provided by: Rudolf \u0160eve\u010dek, Josef Mrkvi\u010dka<\/p>\n<p>Short History<\/p>\n<p>The first written report of a game played by correspondence between two players in the Czech territory [&#8230;]<\/p>\n","protected":false},"author":1,"featured_media":0,"parent":704,"menu_order":6,"comment_status":"closed","ping_status":"open","template":"","meta":{"ngg_post_thumbnail":0},"_links":{"self":[{"href":"https:\/\/kszgk.com\/iccf\/index.php?rest_route=\/wp\/v2\/pages\/1477"}],"collection":[{"href":"https:\/\/kszgk.com\/iccf\/index.php?rest_route=\/wp\/v2\/pages"}],"about":[{"href":"https:\/\/kszgk.com\/iccf\/index.php?rest_route=\/wp\/v2\/types\/page"}],"author":[{"embeddable":true,"href":"https:\/\/kszgk.com\/iccf\/index.php?rest_route=\/wp\/v2\/users\/1"}],"replies":[{"embeddable":true,"href":"https:\/\/kszgk.com\/iccf\/index.php?rest_route=%2Fwp%2Fv2%2Fcomments&post=1477"}],"version-history":[{"count":14,"href":"https:\/\/kszgk.com\/iccf\/index.php?rest_route=\/wp\/v2\/pages\/1477\/revisions"}],"predecessor-version":[{"id":1479,"href":"https:\/\/kszgk.com\/iccf\/index.php?rest_route=\/wp\/v2\/pages\/1477\/revisions\/1479"}],"up":[{"embeddable":true,"href":"https:\/\/kszgk.com\/iccf\/index.php?rest_route=\/wp\/v2\/pages\/704"}],"wp:attachment":[{"href":"https:\/\/kszgk.com\/iccf\/index.php?rest_route=%2Fwp%2Fv2%2Fmedia&parent=1477"}],"curies":[{"name":"wp","href":"https:\/\/api.w.org\/{rel}","templated":true}]}}