{"id":792,"date":"2013-02-24T08:56:16","date_gmt":"2013-02-24T07:56:16","guid":{"rendered":"http:\/\/kszgk.com\/iccfcongress2013\/?page_id=792"},"modified":"2013-02-24T10:32:00","modified_gmt":"2013-02-24T09:32:00","slug":"useful-polish-phrases","status":"publish","type":"page","link":"http:\/\/kszgk.com\/iccfcongress2013\/about\/useful-polish-phrases\/","title":{"rendered":"Useful Polish Phrases"},"content":{"rendered":"<p>Here are some of the most useful and essential words and phrases in the Polish language with free mp3 provided\u00a0at\u00a0<a href=\"http:\/\/onestoppolish.com\/\">One Stop Polish website<\/a>, which\u00a0is the online resource for the Polish language. By clicking links you can listen to these useful Polish words and phrases being spoken by native speakers of Polish.<\/p>\n<p>===<\/p>\n<table border=\"3\">\n<tbody>\n<tr>\n<th width=\"235\" height=\"41\">English<\/th>\n<th width=\"189\">Polish<\/th>\n<\/tr>\n<tr>\n<td width=\"235\" height=\"21\">Hi \/ Bye<\/td>\n<td width=\"189\"><a href=\"http:\/\/kszgk.com\/iccfcongress2013\/wp-content\/uploads\/2013\/02\/czesc.mp3\">Cze\u015b\u0107<\/a><\/td>\n<\/tr>\n<tr>\n<td width=\"235\" height=\"19\">Hello \/ Welcome<\/td>\n<td width=\"189\"><a href=\"http:\/\/kszgk.com\/iccfcongress2013\/wp-content\/uploads\/2013\/02\/witam.mp3\">Witam<\/a><\/td>\n<\/tr>\n<tr>\n<td width=\"235\" height=\"21\">Good Morning \/ Good Afternoon<\/td>\n<td width=\"189\"><a href=\"http:\/\/kszgk.com\/iccfcongress2013\/wp-content\/uploads\/2013\/02\/dziendobry.mp3\">Dzie\u0144 dobry<\/a><\/td>\n<\/tr>\n<tr>\n<td width=\"235\" height=\"21\">Good Evening<\/td>\n<td width=\"189\"><a href=\"http:\/\/kszgk.com\/iccfcongress2013\/wp-content\/uploads\/2013\/02\/dobrywieczor.mp3\">Dobry wiecz\u00f3r<\/a><\/td>\n<\/tr>\n<tr>\n<td width=\"235\" height=\"21\">Good Night<\/td>\n<td width=\"189\"><a href=\"http:\/\/kszgk.com\/iccfcongress2013\/wp-content\/uploads\/2013\/02\/dobranoc.mp3\">Dobranoc<\/a><\/td>\n<\/tr>\n<tr>\n<td width=\"235\" height=\"21\">Goodbye<\/td>\n<td width=\"189\"><a href=\"http:\/\/kszgk.com\/iccfcongress2013\/wp-content\/uploads\/2013\/02\/dowidzenia.mp3\">Do widzenia<\/a><\/td>\n<\/tr>\n<tr>\n<td width=\"235\" height=\"19\">How are you?<\/td>\n<td width=\"189\">(Jak si\u0119 masz?)<span> \/ <a href=\"http:\/\/kszgk.com\/iccfcongress2013\/wp-content\/uploads\/2013\/02\/coslychac.mp3\">Co s\u0142ycha\u0107?<\/a><\/span><\/td>\n<\/tr>\n<tr>\n<td width=\"235\" height=\"21\">How are you?<\/td>\n<td width=\"189\"><a href=\"http:\/\/kszgk.com\/iccfcongress2013\/wp-content\/uploads\/2013\/02\/jaksiemasz.mp3\">Jak si\u0119 masz?<\/a><\/td>\n<\/tr>\n<tr>\n<td width=\"235\" height=\"21\">Good<\/td>\n<td width=\"189\"><a href=\"http:\/\/kszgk.com\/iccfcongress2013\/wp-content\/uploads\/2013\/02\/dobrze.mp3\">Dobrze<\/a><\/td>\n<\/tr>\n<tr>\n<td width=\"235\" height=\"21\">Yes<\/td>\n<td width=\"189\"><a href=\"http:\/\/kszgk.com\/iccfcongress2013\/wp-content\/uploads\/2013\/02\/tak.mp3\">Tak<\/a><\/td>\n<\/tr>\n<tr>\n<td width=\"235\" height=\"21\">No<\/td>\n<td width=\"189\"><a href=\"http:\/\/kszgk.com\/iccfcongress2013\/wp-content\/uploads\/2013\/02\/nie.mp3\">Nie<\/a><\/td>\n<\/tr>\n<tr>\n<td width=\"235\" height=\"21\">Please speak more slowly<\/td>\n<td width=\"189\"><a href=\"http:\/\/kszgk.com\/iccfcongress2013\/wp-content\/uploads\/2013\/02\/mowwolniej.mp3\">Prosz\u0119 m\u00f3wi\u0107 wolniej<\/a><\/td>\n<\/tr>\n<tr>\n<td width=\"235\" height=\"21\">I don&#8217;t understand<\/td>\n<td width=\"189\"><a href=\"http:\/\/kszgk.com\/iccfcongress2013\/wp-content\/uploads\/2013\/02\/nierozumiem.mp3\">Nie rozumiem<\/a><\/td>\n<\/tr>\n<tr>\n<td width=\"235\" height=\"21\">I don&#8217;t speak Polish<\/td>\n<td width=\"189\"><a href=\"http:\/\/kszgk.com\/iccfcongress2013\/wp-content\/uploads\/2013\/02\/polsku.mp3\">Nie m\u00f3wi\u0119 po polsku<\/a><\/td>\n<\/tr>\n<tr>\n<td width=\"235\" height=\"21\">Do you speak English?<\/td>\n<td width=\"189\"><a href=\"http:\/\/kszgk.com\/iccfcongress2013\/wp-content\/uploads\/2013\/02\/angielski.mp3\">Czy m\u00f3wisz po angielsku?<\/a><\/td>\n<\/tr>\n<tr>\n<td width=\"235\" height=\"21\">Thanks<\/td>\n<td width=\"189\"><a href=\"http:\/\/kszgk.com\/iccfcongress2013\/wp-content\/uploads\/2013\/02\/dziekuje.mp3\">Dzi\u0119kuj\u0119<\/a><\/td>\n<\/tr>\n<tr>\n<td width=\"235\" height=\"21\">Please<\/td>\n<td width=\"189\"><a href=\"http:\/\/kszgk.com\/iccfcongress2013\/wp-content\/uploads\/2013\/02\/prosze.mp3\">Prosz\u0119<\/a><\/td>\n<\/tr>\n<tr>\n<td width=\"235\" height=\"21\">Excuse me \/ I am sorry<\/td>\n<td width=\"189\"><a href=\"http:\/\/kszgk.com\/iccfcongress2013\/wp-content\/uploads\/2013\/02\/przepraszam.mp3\">Przepraszam<\/a><\/td>\n<\/tr>\n<tr>\n<td width=\"235\" height=\"21\">Congratulations<\/td>\n<td width=\"189\"><a href=\"http:\/\/kszgk.com\/iccfcongress2013\/wp-content\/uploads\/2013\/02\/gratuluje.mp3\">Gratuluj\u0119<\/a><\/td>\n<\/tr>\n<tr>\n<td width=\"235\" height=\"21\">Happy Birthday (100 years!)<\/td>\n<td width=\"189\"><a href=\"http:\/\/kszgk.com\/iccfcongress2013\/wp-content\/uploads\/2013\/02\/stolat.mp3\">Sto lat<\/a><\/td>\n<\/tr>\n<tr>\n<td width=\"235\" height=\"21\">To Your Health! \/ Cheers!<\/td>\n<td width=\"189\"><a href=\"http:\/\/kszgk.com\/iccfcongress2013\/wp-content\/uploads\/2013\/02\/nazdrowie.mp3\">Na Zdrowie!<\/a><\/td>\n<\/tr>\n<tr>\n<td width=\"235\" height=\"21\">Grandmother<\/td>\n<td width=\"189\"><a href=\"http:\/\/kszgk.com\/iccfcongress2013\/wp-content\/uploads\/2013\/02\/babcia.mp3\">Babcia<\/a><\/td>\n<\/tr>\n<tr>\n<td width=\"235\" height=\"21\">Grandfather<\/td>\n<td width=\"189\"><a href=\"http:\/\/kszgk.com\/iccfcongress2013\/wp-content\/uploads\/2013\/02\/dziadek.mp3\">Dziadek<\/a><\/td>\n<\/tr>\n<tr>\n<td width=\"235\" height=\"21\">Mother<\/td>\n<td width=\"189\"><a href=\"http:\/\/kszgk.com\/iccfcongress2013\/wp-content\/uploads\/2013\/02\/matka.mp3\">Matka<\/a><\/td>\n<\/tr>\n<tr>\n<td width=\"235\" height=\"21\">Father<\/td>\n<td width=\"189\"><a href=\"http:\/\/kszgk.com\/iccfcongress2013\/wp-content\/uploads\/2013\/02\/ojciec.mp3\">Ojciec<\/a><\/td>\n<\/tr>\n<tr>\n<td width=\"235\" height=\"21\">Husband<\/td>\n<td width=\"189\"><a href=\"http:\/\/kszgk.com\/iccfcongress2013\/wp-content\/uploads\/2013\/02\/maz.mp3\">M\u0105\u017c<\/a><\/td>\n<\/tr>\n<tr>\n<td width=\"235\" height=\"21\">Wife<\/td>\n<td width=\"189\"><a href=\"http:\/\/kszgk.com\/iccfcongress2013\/wp-content\/uploads\/2013\/02\/zona.mp3\">\u017bona<\/a><\/td>\n<\/tr>\n<tr>\n<td width=\"235\" height=\"21\">Girlfriend (sweetheart)<\/td>\n<td width=\"189\"><a href=\"http:\/\/kszgk.com\/iccfcongress2013\/wp-content\/uploads\/2013\/02\/dziewczyna.mp3\">Dziewczyna<\/a><\/td>\n<\/tr>\n<tr>\n<td width=\"235\" height=\"21\">Fiance<\/td>\n<td width=\"189\"><a href=\"http:\/\/kszgk.com\/iccfcongress2013\/wp-content\/uploads\/2013\/02\/narzeczona.mp3\">Narzeczona<\/a><\/td>\n<\/tr>\n<tr>\n<td width=\"235\" height=\"21\">Brother<\/td>\n<td width=\"189\"><a href=\"http:\/\/kszgk.com\/iccfcongress2013\/wp-content\/uploads\/2013\/02\/brat.mp3\">Brat<\/a><\/td>\n<\/tr>\n<tr>\n<td width=\"235\" height=\"21\">Sister<\/td>\n<td width=\"189\"><a href=\"http:\/\/kszgk.com\/iccfcongress2013\/wp-content\/uploads\/2013\/02\/siostra.mp3\">Siostra<\/a><\/td>\n<\/tr>\n<tr>\n<td width=\"235\" height=\"21\">I like you<\/td>\n<td width=\"189\"><a href=\"http:\/\/kszgk.com\/iccfcongress2013\/wp-content\/uploads\/2013\/02\/lubiecie.mp3\">Lubi\u0119 Ci\u0119<\/a><\/td>\n<\/tr>\n<tr>\n<td width=\"235\" height=\"21\">I love you<\/td>\n<td width=\"189\"><a href=\"http:\/\/kszgk.com\/iccfcongress2013\/wp-content\/uploads\/2013\/02\/kochamcie.mp3\">Kocham Ci\u0119<\/a><\/td>\n<\/tr>\n<tr>\n<td width=\"235\" height=\"21\">How much is it?<\/td>\n<td width=\"189\"><a href=\"http:\/\/kszgk.com\/iccfcongress2013\/wp-content\/uploads\/2013\/02\/koszt.mp3\">Ile to kosztuje?<\/a><\/td>\n<\/tr>\n<tr>\n<td width=\"235\" height=\"21\">Can I have the bill, please?<\/td>\n<td width=\"189\"><a href=\"http:\/\/kszgk.com\/iccfcongress2013\/wp-content\/uploads\/2013\/02\/rachunek.mp3\">Rachunek, prosz\u0119<\/a><\/td>\n<\/tr>\n<tr>\n<td width=\"235\" height=\"21\">I&#8217;m looking for &#8230;<\/td>\n<td width=\"189\"><a href=\"http:\/\/kszgk.com\/iccfcongress2013\/wp-content\/uploads\/2013\/02\/szukam.mp3\">Szukam &#8230;<\/a><\/td>\n<\/tr>\n<\/tbody>\n<\/table>\n<p>===<\/p>\n","protected":false},"excerpt":{"rendered":"<p>Here are some of the most useful and essential words and phrases in the Polish language with free mp3 provided at One Stop Polish website, which is the online resource for the Polish language. By clicking links you can listen to these useful Polish words and phrases being spoken by native speakers of Polish.<\/p>\n<p>===<\/p>\n<p> [&#8230;]<\/p>\n","protected":false},"author":1,"featured_media":0,"parent":2,"menu_order":0,"comment_status":"closed","ping_status":"open","template":"","meta":[],"_links":{"self":[{"href":"http:\/\/kszgk.com\/iccfcongress2013\/wp-json\/wp\/v2\/pages\/792"}],"collection":[{"href":"http:\/\/kszgk.com\/iccfcongress2013\/wp-json\/wp\/v2\/pages"}],"about":[{"href":"http:\/\/kszgk.com\/iccfcongress2013\/wp-json\/wp\/v2\/types\/page"}],"author":[{"embeddable":true,"href":"http:\/\/kszgk.com\/iccfcongress2013\/wp-json\/wp\/v2\/users\/1"}],"replies":[{"embeddable":true,"href":"http:\/\/kszgk.com\/iccfcongress2013\/wp-json\/wp\/v2\/comments?post=792"}],"version-history":[{"count":17,"href":"http:\/\/kszgk.com\/iccfcongress2013\/wp-json\/wp\/v2\/pages\/792\/revisions"}],"predecessor-version":[{"id":794,"href":"http:\/\/kszgk.com\/iccfcongress2013\/wp-json\/wp\/v2\/pages\/792\/revisions\/794"}],"up":[{"embeddable":true,"href":"http:\/\/kszgk.com\/iccfcongress2013\/wp-json\/wp\/v2\/pages\/2"}],"wp:attachment":[{"href":"http:\/\/kszgk.com\/iccfcongress2013\/wp-json\/wp\/v2\/media?parent=792"}],"curies":[{"name":"wp","href":"https:\/\/api.w.org\/{rel}","templated":true}]}}