{"id":50,"date":"2013-01-10T02:41:59","date_gmt":"2013-01-10T01:41:59","guid":{"rendered":"http:\/\/kszgk.com\/iccfcongress2013\/?page_id=50"},"modified":"2013-01-23T10:27:34","modified_gmt":"2013-01-23T09:27:34","slug":"krakow-live","status":"publish","type":"page","link":"http:\/\/kszgk.com\/iccfcongress2013\/about\/krakow-live\/","title":{"rendered":"Krak\u00f3w live"},"content":{"rendered":"<h4>Krak\u00f3w live cams<\/h4>\n<p>===<\/p>\n<ul>\n<li><a href=\"http:\/\/www.webcamera.pl\/krakow,rynek,html\" target=\"_blank\">HD view on City Square (rotating cam)<\/a>\u00a0(view from Bracka Street)<\/li>\n<li><a href=\"http:\/\/www.webcamera.pl\/krakow,wawel,html\" target=\"_blank\">HD view on Wawel Castle and Vistula River<\/a>\u00a0(view from Cafe Oran\u017ceria in Hotel Kossak)<\/li>\n<li><a href=\"http:\/\/www.webcamera.pl\/krakow,plac,html\" target=\"_blank\">HD view on Grodzka Street<\/a><\/li>\n<li><a href=\"http:\/\/www.webcamera.pl\/krakow,muzeum,html\" target=\"_blank\">HD view on\u00a0Podg\u00f3rski Square (from Museum perspective)<\/a><\/li>\n<li><a href=\"http:\/\/oognet.pl\/content\/details\/121\" target=\"_blank\">View on Floria\u0144ska Street<\/a><\/li>\n<\/ul>\n<p>===<\/p>\n<h4>Weather for Krak\u00f3w<\/h4>\n<ul>\n<li><a href=\"http:\/\/weather.weatherbug.com\/Poland\/Krakow-weather.html?zcode=z6286&amp;lang_id=pl-PL&amp;units=1\" target=\"_blank\">Current Weather<\/a> (by WeatherBug)<\/li>\n<li><a href=\"http:\/\/weather.weatherbug.com\/Poland\/Krakow-weather\/local-forecast\/7-day-forecast.html?zcode=z6286\" target=\"_blank\">7-day Weather Forecast<\/a> (by WeatherBug)<\/li>\n<\/ul>\n<p>===<\/p>\n","protected":false},"excerpt":{"rendered":"<p>Krak\u00f3w live cams <\/p>\n<p>===<\/p>\n<p> HD view on City Square (rotating cam) (view from Bracka Street) HD view on Wawel Castle and Vistula River (view from Cafe Oran\u017ceria in Hotel Kossak) HD view on Grodzka Street HD view on Podg\u00f3rski Square (from Museum perspective) View on Floria\u0144ska Street <\/p>\n<p>===<\/p>\n<p> Weather for Krak\u00f3w Current Weather (by WeatherBug) [&#8230;]<\/p>\n","protected":false},"author":1,"featured_media":0,"parent":2,"menu_order":0,"comment_status":"closed","ping_status":"open","template":"","meta":[],"_links":{"self":[{"href":"http:\/\/kszgk.com\/iccfcongress2013\/wp-json\/wp\/v2\/pages\/50"}],"collection":[{"href":"http:\/\/kszgk.com\/iccfcongress2013\/wp-json\/wp\/v2\/pages"}],"about":[{"href":"http:\/\/kszgk.com\/iccfcongress2013\/wp-json\/wp\/v2\/types\/page"}],"author":[{"embeddable":true,"href":"http:\/\/kszgk.com\/iccfcongress2013\/wp-json\/wp\/v2\/users\/1"}],"replies":[{"embeddable":true,"href":"http:\/\/kszgk.com\/iccfcongress2013\/wp-json\/wp\/v2\/comments?post=50"}],"version-history":[{"count":21,"href":"http:\/\/kszgk.com\/iccfcongress2013\/wp-json\/wp\/v2\/pages\/50\/revisions"}],"predecessor-version":[{"id":52,"href":"http:\/\/kszgk.com\/iccfcongress2013\/wp-json\/wp\/v2\/pages\/50\/revisions\/52"}],"up":[{"embeddable":true,"href":"http:\/\/kszgk.com\/iccfcongress2013\/wp-json\/wp\/v2\/pages\/2"}],"wp:attachment":[{"href":"http:\/\/kszgk.com\/iccfcongress2013\/wp-json\/wp\/v2\/media?parent=50"}],"curies":[{"name":"wp","href":"https:\/\/api.w.org\/{rel}","templated":true}]}}