{"id":33,"date":"2013-01-09T20:55:43","date_gmt":"2013-01-09T19:55:43","guid":{"rendered":"http:\/\/kszgk.com\/iccfcongress2013\/?page_id=33"},"modified":"2013-08-03T09:17:54","modified_gmt":"2013-08-03T07:17:54","slug":"photo-gallery","status":"publish","type":"page","link":"http:\/\/kszgk.com\/iccfcongress2013\/photo-gallery\/","title":{"rendered":"Photo Gallery"},"content":{"rendered":"<p>===<\/p>\n<h4>In front of the hotel<\/h4>\n<p>[nggallery id=10]<\/p>\n<p>===<\/p>\n<h4>First arrivals on\u00a02013-07-19<\/h4>\n<p>[nggallery id=11]<\/p>\n<p>===<\/p>\n<h4>Arrivals &amp;\u00a0Meetings on\u00a02013-07-20<\/h4>\n<p>[nggallery id=14]<\/p>\n<p>===<\/p>\n<h4>SC Meeting on\u00a02013-07-20<\/h4>\n<p>[nggallery id=12]<\/p>\n<p>===<\/p>\n<h4>Arrivals &amp;\u00a0Meetings on\u00a02013-07-21<\/h4>\n<p>[nggallery id=16]<\/p>\n<p>===<\/p>\n<h4>EB Meeting\u00a0on\u00a02013-07-21<\/h4>\n<p>[nggallery id=13]<\/p>\n<p>===<\/p>\n<h4>MC\u00a0Meeting\u00a0on\u00a02013-07-21<\/h4>\n<p>[nggallery id=15]<\/p>\n<p>===<\/p>\n<h4>Welcome party\u00a0on\u00a02013-07-21<\/h4>\n<p>[nggallery id=17]<\/p>\n<p>===<\/p>\n<h4>Opening ceremony\u00a0on\u00a02013-07-22<\/h4>\n<p>[nggallery id=18]<\/p>\n<p>===<\/p>\n<h4>Bertl von Massov medals\u00a0on\u00a02013-07-22<\/h4>\n<p>[nggallery id=20]<\/p>\n<p>===<\/p>\n<h4>Congress meeting\u00a0on\u00a02013-07-22<\/h4>\n<p>[nggallery id=19]<\/p>\n<p>===<\/p>\n<h4>Opening Banquet on 2013-07-22<\/h4>\n<p>[nggallery id=21]<\/p>\n<p>===<\/p>\n<h4>Group photo \u2013 Six World Champions\u00a0on\u00a02013-07-23<\/h4>\n<p>[nggallery id=22]<\/p>\n<p>===<\/p>\n<h4>Congress meeting\u00a0on\u00a02013-07-23<\/h4>\n<p>[nggallery id=23]<\/p>\n<p>===<\/p>\n<h4>Zone 1 Europa\u00a0meeting\u00a0on\u00a02013-07-23<\/h4>\n<p>[nggallery id=24]<\/p>\n<p>===<\/p>\n<h4>Simultaneous Chess Competition with GM Kamil Mito\u0144\u00a0on\u00a02013-07-23<\/h4>\n<p>[nggallery id=25]<\/p>\n<p>===<\/p>\n<h4>Congress meeting\u00a0on\u00a02013-07-24<\/h4>\n<p>[nggallery id=27]<\/p>\n<p>===<\/p>\n<h4>ICCF Congress 2014 &#8211; Sydney, Australia<\/h4>\n<p>[nggallery id=28]<\/p>\n<p>===<\/p>\n<h4>ICCF Blitz Tournament on 2013-07-24<\/h4>\n<p>[nggallery id=30]<\/p>\n<p>===<\/p>\n<h4>Excursion to Wieliczka Salt Mine\u00a0on 2013-07-25<\/h4>\n<p>[nggallery id=32]<\/p>\n<p>===<\/p>\n<h4>Match ICCF-Cracow on 2013-07-25<\/h4>\n<p>[nggallery id=31]<\/p>\n<p>===<\/p>\n<h4>Cracow Tour\u00a0on 2013-07-26<\/h4>\n<p>[nggallery id=33]<\/p>\n<p>xxx<\/p>\n<p><a href=\"http:\/\/kszgk.com\/iccfcongress2013\/wp-content\/uploads\/2013\/01\/MOV09063.mpg\">Cracow Tour (mpg clip)<\/a><\/p>\n<p>xxx<\/p>\n<p>===<\/p>\n<h4>Closing Banquet on 2013-07-26<\/h4>\n<p>[nggallery id=34]<\/p>\n<p>xxx<\/p>\n<p><a href=\"http:\/\/kszgk.com\/iccfcongress2013\/wp-content\/uploads\/2013\/01\/MOV09115.mpg\">Closing Banquet 1 (mpg clip)<\/a><\/p>\n<p><a href=\"http:\/\/kszgk.com\/iccfcongress2013\/wp-content\/uploads\/2013\/01\/MOV09116.mpg\">Closing Banquet 2 (mpg clip)<\/a><\/p>\n<p>xxx<\/p>\n<p>===<\/p>\n<h4>Transfers from\/to the Krak\u00f3w Airport\/Krak\u00f3w G\u0142\u00f3wny Railway Station<\/h4>\n<p>Return transfers from Krak\u00f3w Airport\/Railway Station to the hotel\u00a0were performed\u00a0by professional transfer company Airporttransfer.com.pl.\u00a0Cooperation was perfect!\u00a0All participants complemented provided servises \ud83d\ude42\u00a0Please see below owner of the company Marek Szostakowski.<\/p>\n<p>[nggallery id=35]<\/p>\n<p>===<\/p>\n","protected":false},"excerpt":{"rendered":"<p>===<\/p>\n<p> In front of the hotel <\/p>\n<p>[nggallery id=10]<\/p>\n<p>===<\/p>\n<p> First arrivals on 2013-07-19 <\/p>\n<p>[nggallery id=11]<\/p>\n<p>===<\/p>\n<p> Arrivals &amp; Meetings on 2013-07-20 <\/p>\n<p>[nggallery id=14]<\/p>\n<p>===<\/p>\n<p> SC Meeting on 2013-07-20 <\/p>\n<p>[nggallery id=12]<\/p>\n<p>===<\/p>\n<p> Arrivals &amp; Meetings on 2013-07-21 <\/p>\n<p>[nggallery id=16]<\/p>\n<p>===<\/p>\n<p> EB Meeting on 2013-07-21 <\/p>\n<p>[nggallery id=13]<\/p>\n<p>===<\/p>\n<p> MC Meeting on 2013-07-21 <\/p>\n<p>[nggallery id=15]<\/p>\n<p>===<\/p>\n<p> Welcome party [&#8230;]<\/p>\n","protected":false},"author":1,"featured_media":0,"parent":0,"menu_order":0,"comment_status":"closed","ping_status":"open","template":"","meta":[],"_links":{"self":[{"href":"http:\/\/kszgk.com\/iccfcongress2013\/wp-json\/wp\/v2\/pages\/33"}],"collection":[{"href":"http:\/\/kszgk.com\/iccfcongress2013\/wp-json\/wp\/v2\/pages"}],"about":[{"href":"http:\/\/kszgk.com\/iccfcongress2013\/wp-json\/wp\/v2\/types\/page"}],"author":[{"embeddable":true,"href":"http:\/\/kszgk.com\/iccfcongress2013\/wp-json\/wp\/v2\/users\/1"}],"replies":[{"embeddable":true,"href":"http:\/\/kszgk.com\/iccfcongress2013\/wp-json\/wp\/v2\/comments?post=33"}],"version-history":[{"count":36,"href":"http:\/\/kszgk.com\/iccfcongress2013\/wp-json\/wp\/v2\/pages\/33\/revisions"}],"predecessor-version":[{"id":1669,"href":"http:\/\/kszgk.com\/iccfcongress2013\/wp-json\/wp\/v2\/pages\/33\/revisions\/1669"}],"wp:attachment":[{"href":"http:\/\/kszgk.com\/iccfcongress2013\/wp-json\/wp\/v2\/media?parent=33"}],"curies":[{"name":"wp","href":"https:\/\/api.w.org\/{rel}","templated":true}]}}