{"id":2,"date":"2013-01-09T14:35:06","date_gmt":"2013-01-09T14:35:06","guid":{"rendered":"http:\/\/kszgk.com\/iccfcongress2013\/\/?page_id=2"},"modified":"2013-01-23T21:38:36","modified_gmt":"2013-01-23T20:38:36","slug":"about","status":"publish","type":"page","link":"http:\/\/kszgk.com\/iccfcongress2013\/about\/","title":{"rendered":"About Poland and Krak\u00f3w"},"content":{"rendered":"<h2><span style=\"color: #008080;\">Poland<\/span><\/h2>\n<span style=\"color:blue; font-weight:bold; \">[WPPA+ Photo display (fsc)]<\/span><p><\/p>\n<h2><span style=\"color: #008080;\">Krak\u00f3w<\/span><\/h2>\n<p>Before you go for a walk around the City of Krak\u00f3w you can take <a href=\"http:\/\/wirtualnyspacer.krakow.pl\/index.php?page=vr&amp;start=52619&amp;clang=EN#\/52619\/\" target=\"_blank\">Virtual Tour<\/a> first \ud83d\ude42<\/p>\n<p>===<\/p>\n<h4>General info<\/h4>\n<p>Krak\u00f3w (eng. Cracow) lies in the southern part of Poland, on the Vistula River (Polish pronouncition: Wis\u0142a), in a valley at the foot of the Carpathian Mountains, 219 m above sea level; half way between the Jurassic Rock Upland (Polish: Jura Krakowsko-Cz\u0119stochowska) to the north, and the Tatra Mountains 100 km to the south, constituting the natural border with Slovakia and the Czech Republic; 230 km west from the border with Ukraine.<\/p>\n<p>Krak\u00f3w is the second largest and one of the oldest cities in Poland dated back to the 7th century.<\/p>\n<p>Krak\u00f3w has traditionally been one of the leading centres of Polish academic, cultural, and artistic life and is one of Poland&#8217;s most important economic hubs. It was the capital of Poland from 1038 to 1569; the Polish\u2013Lithuanian Commonwealth from 1569 to 1596; the Grand Duchy of Krak\u00f3w from 1846 to 1918; and Krak\u00f3w Voivodeship from the 14th century to 1999. It is now the capital of the Lesser Poland Voivodeship.<\/p>\n<p>The city has a population of approximately 760,000 (metropolitan area 1,395,893) whereas about 8 million people live within a 100 km radius of its main square.<\/p>\n<p>In 1978, Karol Wojty\u0142a, archbishop of Krak\u00f3w, was elevated to the papacy as Pope John Paul II \u2013 the first Slavic pope ever, and the first non-Italian pope in 455 years. Also that year, UNESCO approved the first ever sites for its new World Heritage List, including the entire Old Town in inscribing Cracow&#8217;s Historic Centre.<\/p>\n<h4>Etymology<\/h4>\n<p>The name of Krak\u00f3w is traditionally derived from Krakus (Krak, Grakch), the legendary founder of Krak\u00f3w and a ruler of the tribe of Lechitians (Poles).<\/p>\n<p>The city&#8217;s full official name is Sto\u0142eczne Kr\u00f3lewskie Miasto Krak\u00f3w\u00a0&#8211; in English &#8222;Royal Capital City of Krak\u00f3w&#8221;.<\/p>\n<h4>Contemporary foreign names for the city<\/h4>\n<p>Krak\u00f3w is referred to by various names in different languages. The city is known in Czech and Slovak as Krakov, in Hungarian as Krakk\u00f3, in Lithuanian as Krokuva, in German as Krakau, in Latin, Spanish and Italian as Cracovia, in French as Cracovie, in Portuguese as Crac\u00f3via and in Russian as \u041a\u0440\u0430\u043a\u043e\u0432. Ukrainian and Yiddish languages refer to it as Krakiv (\u041a\u0440\u0430\u043a\u0456\u0432) and Kroke (\u05e7\u05e8\u05d0\u05b8\u05e7\u05e2) respectively. Names of Krak\u00f3w in different languages are also available.<\/p>\n<h4>Historic monuments<\/h4>\n<p>Krak\u00f3w&#8217;s historic centre, which includes the Old Town, Kazimierz, and the Wawel Castle, was included as the first of its kind on the list of UNESCO World Heritage Sites in 1978. The Old Town (Polish: Stare Miasto) is the most prominent example of an old town in the country. For many centuries, Krak\u00f3w was the royal capital of Poland, until Sigismund III Vasa relocated the court to Warsaw in 1596. The whole district is bisected by the Royal Road, the coronation route traversed by the Kings of Poland. The Route begins at St. Florian&#8217;s Church outside the northern flank of the old city-walls in the medieval suburb of Kleparz; passes the Barbican of Krak\u00f3w (Barbakan) built in 1499, and enters Stare Miasto through the Florian Gate. It leads down Floria\u0144ska Street through the Main Square, and up Grodzka to Wawel, the former seat of Polish royalty, overlooking the Vistula River. Old Town attracts visitors from all over the World. Krak\u00f3w historic centre is one of the 13 places in Poland that are included in the UNESCO World Heritage Sites. The architectural design of the Old Town had survived all cataclysms of the past and retained its original form coming from the medieval times. The Old Town district of Krak\u00f3w is home to about six thousand historic sites and more than two million works of art. Its rich variety of historic architecture includes Gothic, Renaissance, and Baroque buildings. Krak\u00f3w&#8217;s palaces, churches, theatres, and mansions display great variety of colour, architectural details, stained glass, paintings, sculptures, and furnishings.<\/p>\n<h4>Transport<\/h4>\n<p>Public transport is based on a fairly dense network of streetcar and bus lines operated by a municipal company, supplemented by a number of private minibus operators. Local trains connect some of the suburbs. The bulk of the city\u2019s historic area has been turned into a pedestrian zone with rickshaws and horse buggies; however, the tramlines run within a three-block radius. The historic means of transportation in the city can be examined at the Museum of Municipal Engineering in the Kazimierz district, with many old trams, cars and busses.<\/p>\n<h4>More and more<\/h4>\n<p>&#8230; about <a href=\"http:\/\/en.wikipedia.org\/wiki\/Krak%C3%B3w\" target=\"_blank\">Krak\u00f3w and the vicinity can be found at Wikipedia<\/a>.<\/p>\n<p>[<em>Source of information, including most of the pictures &#8211; mainly Wikipedia<\/em>]<\/p>\n<p>&nbsp;<\/p>\n","protected":false},"excerpt":{"rendered":"<p>Poland [WPPA+ Photo display (fsc)]<\/p>\n<p> Krak\u00f3w <\/p>\n<p>Before you go for a walk around the City of Krak\u00f3w you can take Virtual Tour first \ud83d\ude42<\/p>\n<p>===<\/p>\n<p> General info <\/p>\n<p>Krak\u00f3w (eng. Cracow) lies in the southern part of Poland, on the Vistula River (Polish pronouncition: Wis\u0142a), in a valley at the foot of the Carpathian Mountains, 219 [&#8230;]<\/p>\n","protected":false},"author":1,"featured_media":0,"parent":0,"menu_order":0,"comment_status":"open","ping_status":"open","template":"","meta":[],"_links":{"self":[{"href":"http:\/\/kszgk.com\/iccfcongress2013\/wp-json\/wp\/v2\/pages\/2"}],"collection":[{"href":"http:\/\/kszgk.com\/iccfcongress2013\/wp-json\/wp\/v2\/pages"}],"about":[{"href":"http:\/\/kszgk.com\/iccfcongress2013\/wp-json\/wp\/v2\/types\/page"}],"author":[{"embeddable":true,"href":"http:\/\/kszgk.com\/iccfcongress2013\/wp-json\/wp\/v2\/users\/1"}],"replies":[{"embeddable":true,"href":"http:\/\/kszgk.com\/iccfcongress2013\/wp-json\/wp\/v2\/comments?post=2"}],"version-history":[{"count":20,"href":"http:\/\/kszgk.com\/iccfcongress2013\/wp-json\/wp\/v2\/pages\/2\/revisions"}],"predecessor-version":[{"id":28,"href":"http:\/\/kszgk.com\/iccfcongress2013\/wp-json\/wp\/v2\/pages\/2\/revisions\/28"}],"wp:attachment":[{"href":"http:\/\/kszgk.com\/iccfcongress2013\/wp-json\/wp\/v2\/media?parent=2"}],"curies":[{"name":"wp","href":"https:\/\/api.w.org\/{rel}","templated":true}]}}