{"id":170,"date":"2013-01-15T09:38:00","date_gmt":"2013-01-15T08:38:00","guid":{"rendered":"http:\/\/kszgk.com\/iccfcongress2013\/?page_id=170"},"modified":"2013-01-27T21:33:19","modified_gmt":"2013-01-27T20:33:19","slug":"transfer-from-warszawa-modlin-airport-to-the-hotel","status":"publish","type":"page","link":"http:\/\/kszgk.com\/iccfcongress2013\/congress-information\/travel\/transfer-from-warszawa-modlin-airport-to-the-hotel\/","title":{"rendered":"Transfer from Warszawa-Modlin Airport"},"content":{"rendered":"<p><a href=\"http:\/\/en.wikipedia.org\/wiki\/Warsaw-Modlin_Mazovia_Airport\"><strong>Warsaw-Modlin Mazovia Airport (IATA code: WMI)<\/strong><\/a> is an international airport located 40 kilometers to the north of the city centre of Warsaw. It is operated by Ryanair and WizzAir.<\/p>\n<p>All services to\/from Warsaw-Modlin are currently operating mainly\u00a0to\/from Warsaw-Chopin due to an indefinite runway closure for safety reasons. However, the intention is to open runway as soon as possible. It is\u00a0believed to\u00a0happen not later than\u00a0in\u00a0April\/May 2013.<\/p>\n<h4>Ground transportation from the airport to Warszawa Centralna [railway station]<\/h4>\n<p>Ground transportation from\/to the airport \u2013 urban rail, buses, private car or taxi.<\/p>\n<p>We advise to use bus service as the best solution.<\/p>\n<div id=\"attachment_365\" style=\"width: 310px\" class=\"wp-caption alignright\"><a href=\"http:\/\/kszgk.com\/iccfcongress2013\/wp-content\/uploads\/2013\/01\/Modlin-bus.jpg\"><img aria-describedby=\"caption-attachment-365\" decoding=\"async\" class=\"size-medium wp-image-365\" alt=\"Modlin bus service\" src=\"http:\/\/kszgk.com\/iccfcongress2013\/wp-content\/uploads\/2013\/01\/Modlin-bus-300x165.jpg\" width=\"300\" height=\"165\" srcset=\"http:\/\/kszgk.com\/iccfcongress2013\/wp-content\/uploads\/2013\/01\/Modlin-bus-300x165.jpg 300w, http:\/\/kszgk.com\/iccfcongress2013\/wp-content\/uploads\/2013\/01\/Modlin-bus-150x82.jpg 150w, http:\/\/kszgk.com\/iccfcongress2013\/wp-content\/uploads\/2013\/01\/Modlin-bus-400x220.jpg 400w, http:\/\/kszgk.com\/iccfcongress2013\/wp-content\/uploads\/2013\/01\/Modlin-bus.jpg 794w\" sizes=\"(max-width: 300px) 100vw, 300px\" \/><\/a><p id=\"caption-attachment-365\" class=\"wp-caption-text\">Modlin bus service<\/p><\/div>\n<p>ModlinBus bus service links Warsaw city centre with Warsaw Modlin Airport terminal directly, operating 24h a day. The company offers modern, comfortable and air-conditioned vehicles with professional staff and free Wi-Fi. The timetable is adjusted to departure and arrival times.<\/p>\n<p>Tickets can be purchased on board of the bus, at the airport or online. Payment by cash, card or in foreign currency. Ticket prices range from PLN 1 to PLN 28 when buying online. When buying at an airport ticket office or on board of the bus the ticket costs PLN 33.<\/p>\n<p>The buses stop near the Warszawa Centralna Railway Station at the corner of Aleje Jerozolimskie and Aleja Jana Paw\u0142a II (at Uniwersum car park situated right next to the \u015ar\u00f3dmie\u015bcie WKD Warsaw Commuter Rail Station). Travel takes about 50-60 minutes.<\/p>\n<h4>Train from Warszawa Centralna [Railway Station] to Krak\u00f3w G\u0142\u00f3wny [Railway Station]<\/h4>\n<p>Trains from Warsaw to Cracow depart every hour (from 05:35 to 20:35). Most of these connections are subject to compulsory reservation. Current timetable is available at the portal <a href=\"http:\/\/rozklad-pkp.pl\/bin\/query.exe\/en?\" target=\"_blank\">rozklad\u2010pkp.pl<\/a>, however it is subject to change.<\/p>\n<p>Travel (293 km) takes around 3 hours.<\/p>\n<p>Ticket price depends on train (and class) and usually is varying in range of 127-165PLN (30-40 EUR). Sometimes it might be in range of 60-90PLN (15-25 EUR).<\/p>\n<p>Please be careful and try to avoid train travelling above 5 hours!<\/p>\n","protected":false},"excerpt":{"rendered":"<p>Warsaw-Modlin Mazovia Airport (IATA code: WMI) is an international airport located 40 kilometers to the north of the city centre of Warsaw. It is operated by Ryanair and WizzAir.<\/p>\n<p>All services to\/from Warsaw-Modlin are currently operating mainly to\/from Warsaw-Chopin due to an indefinite runway closure for safety reasons. However, the intention is to open runway [&#8230;]<\/p>\n","protected":false},"author":1,"featured_media":0,"parent":9,"menu_order":4,"comment_status":"closed","ping_status":"open","template":"","meta":[],"_links":{"self":[{"href":"http:\/\/kszgk.com\/iccfcongress2013\/wp-json\/wp\/v2\/pages\/170"}],"collection":[{"href":"http:\/\/kszgk.com\/iccfcongress2013\/wp-json\/wp\/v2\/pages"}],"about":[{"href":"http:\/\/kszgk.com\/iccfcongress2013\/wp-json\/wp\/v2\/types\/page"}],"author":[{"embeddable":true,"href":"http:\/\/kszgk.com\/iccfcongress2013\/wp-json\/wp\/v2\/users\/1"}],"replies":[{"embeddable":true,"href":"http:\/\/kszgk.com\/iccfcongress2013\/wp-json\/wp\/v2\/comments?post=170"}],"version-history":[{"count":12,"href":"http:\/\/kszgk.com\/iccfcongress2013\/wp-json\/wp\/v2\/pages\/170\/revisions"}],"predecessor-version":[{"id":536,"href":"http:\/\/kszgk.com\/iccfcongress2013\/wp-json\/wp\/v2\/pages\/170\/revisions\/536"}],"up":[{"embeddable":true,"href":"http:\/\/kszgk.com\/iccfcongress2013\/wp-json\/wp\/v2\/pages\/9"}],"wp:attachment":[{"href":"http:\/\/kszgk.com\/iccfcongress2013\/wp-json\/wp\/v2\/media?parent=170"}],"curies":[{"name":"wp","href":"https:\/\/api.w.org\/{rel}","templated":true}]}}