{"id":16,"date":"2013-01-09T20:29:33","date_gmt":"2013-01-09T19:29:33","guid":{"rendered":"http:\/\/kszgk.com\/iccfcongress2013\/?page_id=16"},"modified":"2013-01-24T10:23:35","modified_gmt":"2013-01-24T09:23:35","slug":"congress-information","status":"publish","type":"page","link":"http:\/\/kszgk.com\/iccfcongress2013\/congress-information\/","title":{"rendered":"Congress information"},"content":{"rendered":"<p>===<\/p>\n<h4><span style=\"color: #008080;\">Congress information<\/span><\/h4>\n<ul>\n<li><a href=\"http:\/\/kszgk.com\/iccfcongress2013\/?page_id=6\">Invitation<\/a><\/li>\n<li><a href=\"http:\/\/kszgk.com\/iccfcongress2013\/?page_id=8\">Registration<\/a>\n<ul>\n<li><a href=\"http:\/\/kszgk.com\/iccfcongress2013\/?page_id=84\">Participants<\/a><\/li>\n<\/ul>\n<\/li>\n<li><a href=\"http:\/\/kszgk.com\/iccfcongress2013\/?page_id=9\">Travel<\/a>\n<ul>\n<li><a href=\"http:\/\/kszgk.com\/iccfcongress2013\/?page_id=155\">Transfer from Krak\u00f3w G\u0142\u00f3wny<\/a><\/li>\n<li><a href=\"http:\/\/kszgk.com\/iccfcongress2013\/?page_id=147\">Transfer from Krak\u00f3w Airport<\/a><\/li>\n<li><a href=\"http:\/\/kszgk.com\/iccfcongress2013\/?page_id=164\">Transfer from Warszawa Chopin Airport<\/a><\/li>\n<li><a href=\"http:\/\/kszgk.com\/iccfcongress2013\/?page_id=170\">Transfer from Warszawa-Modlin Airport<\/a><\/li>\n<li><a href=\"http:\/\/kszgk.com\/iccfcongress2013\/?page_id=169\">Transfer from Katowice Airport<\/a><\/li>\n<\/ul>\n<\/li>\n<li><a href=\"http:\/\/kszgk.com\/iccfcongress2013\/?page_id=11\">Accommodation<\/a>\n<ul>\n<li><a href=\"http:\/\/kszgk.com\/iccfcongress2013\/?page_id=10\">Payment<\/a><\/li>\n<\/ul>\n<\/li>\n<li><a href=\"http:\/\/kszgk.com\/iccfcongress2013\/?page_id=12\">Visas<\/a><\/li>\n<li><a href=\"http:\/\/kszgk.com\/iccfcongress2013\/?page_id=13\">Climate<\/a><\/li>\n<li><a href=\"http:\/\/kszgk.com\/iccfcongress2013\/?page_id=14\">Electricity<\/a><\/li>\n<\/ul>\n<p>===<\/p>\n","protected":false},"excerpt":{"rendered":"<p>===<\/p>\n<p> Congress information Invitation Registration Participants Travel Transfer from Krak\u00f3w G\u0142\u00f3wny Transfer from Krak\u00f3w Airport Transfer from Warszawa Chopin Airport Transfer from Warszawa-Modlin Airport Transfer from Katowice Airport Accommodation Payment Visas Climate Electricity <\/p>\n<p>===<\/p>\n<p> [&#8230;]<\/p>\n","protected":false},"author":1,"featured_media":0,"parent":0,"menu_order":0,"comment_status":"closed","ping_status":"open","template":"","meta":[],"_links":{"self":[{"href":"http:\/\/kszgk.com\/iccfcongress2013\/wp-json\/wp\/v2\/pages\/16"}],"collection":[{"href":"http:\/\/kszgk.com\/iccfcongress2013\/wp-json\/wp\/v2\/pages"}],"about":[{"href":"http:\/\/kszgk.com\/iccfcongress2013\/wp-json\/wp\/v2\/types\/page"}],"author":[{"embeddable":true,"href":"http:\/\/kszgk.com\/iccfcongress2013\/wp-json\/wp\/v2\/users\/1"}],"replies":[{"embeddable":true,"href":"http:\/\/kszgk.com\/iccfcongress2013\/wp-json\/wp\/v2\/comments?post=16"}],"version-history":[{"count":3,"href":"http:\/\/kszgk.com\/iccfcongress2013\/wp-json\/wp\/v2\/pages\/16\/revisions"}],"predecessor-version":[{"id":468,"href":"http:\/\/kszgk.com\/iccfcongress2013\/wp-json\/wp\/v2\/pages\/16\/revisions\/468"}],"wp:attachment":[{"href":"http:\/\/kszgk.com\/iccfcongress2013\/wp-json\/wp\/v2\/media?parent=16"}],"curies":[{"name":"wp","href":"https:\/\/api.w.org\/{rel}","templated":true}]}}