{"id":155,"date":"2013-01-15T09:16:58","date_gmt":"2013-01-15T08:16:58","guid":{"rendered":"http:\/\/kszgk.com\/iccfcongress2013\/?page_id=155"},"modified":"2013-01-23T15:20:51","modified_gmt":"2013-01-23T14:20:51","slug":"transfer-from-krakow-glowny-to-the-hotel","status":"publish","type":"page","link":"http:\/\/kszgk.com\/iccfcongress2013\/congress-information\/travel\/transfer-from-krakow-glowny-to-the-hotel\/","title":{"rendered":"Transfer from Krak\u00f3w G\u0142\u00f3wny"},"content":{"rendered":"<p>Krak\u00f3w G\u0142\u00f3wny (Krak\u00f3w Main) railway station is located 3 km from the hotel.<\/p>\n<p>Ground transportation from\/to the hotel &#8211; bus (No 124, No 179), tram (No 52) or taxi.<\/p>\n<h4>Bus<\/h4>\n<p><span style=\"color: #ff0000;\"><strong>Bus\u00a0line\u00a0124<\/strong> <\/span>from stop called <strong>Dworzec G\u0142\u00f3wny<\/strong> (at Lubicz Street) departs into direction <span style=\"text-decoration: underline;\">Rondo Grunwaldzkie<\/span> every few minutes (3-4 times\u00a0an hour). You need to travel\u00a08 stops and exit at the last stop <strong>Rondo Grunwaldzkie<\/strong>, around 100 metres from the hotel Park Inn.<\/p>\n<p><span style=\"color: #ff0000;\"><strong>Bus line 179<\/strong> <\/span>from stop called <strong>Dworzec G\u0142\u00f3wny Zach\u00f3d<\/strong>\u00a0(at\u00a0Pawia Street) departs into <span style=\"text-decoration: underline;\">direction Kurdwan\u00f3w<\/span> every few minutes (3-4 times an hour). You need to travel\u00a09 stops and exit at the stop <strong>Most Grunwaldzki<\/strong>, around 150 metres from the hotel Park Inn.<\/p>\n<h4>Tram<\/h4>\n<p><span style=\"color: #ff0000;\"><strong>Tram line 52<\/strong> <\/span>from stop called <span style=\"text-decoration: underline;\"><strong>Dworzec G\u0142\u00f3wny<\/strong><\/span> (at Lubicz Street) departs into <span style=\"text-decoration: underline;\">direction Czerwone Maki<\/span> every few minutes (3-12 times\u00a0an hour). You need to travel 6 stops and exit at stop <span style=\"text-decoration: underline;\"><strong>Most Grunwaldzki<\/strong><\/span> (the 1st one after crossing Vistula River), around 150 metres from the hotel Park Inn.<\/p>\n<p>Time tables (bus 124, bus 179, tram 52) presented below\u00a0are subject to change.<\/p>\n<p>[nggallery id=8]<\/p>\n<h5>Tickets and faires (bus &amp; tram):<\/h5>\n<ul>\n<li>short-term 20 minutes for 1 person:\n<ul>\n<li>normal 2,80PLN (around 0,70EUR)<\/li>\n<li>half-rate 1,40PLN (around 0,35EUR) &#8211; eligible children above 4 (passport), school children and students under 26 (needed valid ISIC or EURO26 student card)<\/li>\n<\/ul>\n<\/li>\n<li>children under 4 and seniors above 70 &#8211; free of charge (passport to be presented, if necessary)<\/li>\n<\/ul>\n<p><a href=\"http:\/\/kszgk.com\/iccfcongress2013\/wp-content\/uploads\/2013\/01\/Tram-52-ticket-20min.jpg\"><img decoding=\"async\" alt=\"Tram 52 ticket 20min\" src=\"http:\/\/kszgk.com\/iccfcongress2013\/wp-content\/uploads\/2013\/01\/Tram-52-ticket-20min.jpg\" width=\"348\" height=\"83\" \/><\/a><\/p>\n<p>Ticket has to be validated immediately after entering tram.<\/p>\n<p>&nbsp;<\/p>\n<h4>Taxi<\/h4>\n<p>Taxi should usually cost around 25-30PLN (7-8EUR).<\/p>\n<p>Please be very careful &#8211; ask taxi driver about price first!<\/p>\n<h4>Attention!<\/h4>\n<p>Congress participants arriving\u00a0in Poland will be supported by volunteers at the Krak\u00f3w Airport\/ Krak\u00f3w G\u0142\u00f3wny Railway Station.<\/p>\n","protected":false},"excerpt":{"rendered":"<p>Krak\u00f3w G\u0142\u00f3wny (Krak\u00f3w Main) railway station is located 3 km from the hotel.<\/p>\n<p>Ground transportation from\/to the hotel &#8211; bus (No 124, No 179), tram (No 52) or taxi.<\/p>\n<p> Bus <\/p>\n<p>Bus line 124 from stop called Dworzec G\u0142\u00f3wny (at Lubicz Street) departs into direction Rondo Grunwaldzkie every few minutes (3-4 times an hour). You need [&#8230;]<\/p>\n","protected":false},"author":1,"featured_media":0,"parent":9,"menu_order":1,"comment_status":"closed","ping_status":"open","template":"","meta":[],"_links":{"self":[{"href":"http:\/\/kszgk.com\/iccfcongress2013\/wp-json\/wp\/v2\/pages\/155"}],"collection":[{"href":"http:\/\/kszgk.com\/iccfcongress2013\/wp-json\/wp\/v2\/pages"}],"about":[{"href":"http:\/\/kszgk.com\/iccfcongress2013\/wp-json\/wp\/v2\/types\/page"}],"author":[{"embeddable":true,"href":"http:\/\/kszgk.com\/iccfcongress2013\/wp-json\/wp\/v2\/users\/1"}],"replies":[{"embeddable":true,"href":"http:\/\/kszgk.com\/iccfcongress2013\/wp-json\/wp\/v2\/comments?post=155"}],"version-history":[{"count":29,"href":"http:\/\/kszgk.com\/iccfcongress2013\/wp-json\/wp\/v2\/pages\/155\/revisions"}],"predecessor-version":[{"id":160,"href":"http:\/\/kszgk.com\/iccfcongress2013\/wp-json\/wp\/v2\/pages\/155\/revisions\/160"}],"up":[{"embeddable":true,"href":"http:\/\/kszgk.com\/iccfcongress2013\/wp-json\/wp\/v2\/pages\/9"}],"wp:attachment":[{"href":"http:\/\/kszgk.com\/iccfcongress2013\/wp-json\/wp\/v2\/media?parent=155"}],"curies":[{"name":"wp","href":"https:\/\/api.w.org\/{rel}","templated":true}]}}