{"id":147,"date":"2013-01-15T08:37:02","date_gmt":"2013-01-15T07:37:02","guid":{"rendered":"http:\/\/kszgk.com\/iccfcongress2013\/?page_id=147"},"modified":"2013-02-02T12:30:06","modified_gmt":"2013-02-02T11:30:06","slug":"travelling-by-plane","status":"publish","type":"page","link":"http:\/\/kszgk.com\/iccfcongress2013\/congress-information\/travel\/travelling-by-plane\/","title":{"rendered":"Transfer from Krak\u00f3w Airport"},"content":{"rendered":"<div id=\"attachment_332\" style=\"width: 310px\" class=\"wp-caption alignright\"><a href=\"http:\/\/kszgk.com\/iccfcongress2013\/wp-content\/uploads\/2013\/01\/08.Krakow_Airport.jpg\"><img aria-describedby=\"caption-attachment-332\" decoding=\"async\" class=\"size-medium wp-image-332\" alt=\"Krak\u00f3w Airport\" src=\"http:\/\/kszgk.com\/iccfcongress2013\/wp-content\/uploads\/2013\/01\/08.Krakow_Airport-300x158.jpg\" width=\"300\" height=\"158\" srcset=\"http:\/\/kszgk.com\/iccfcongress2013\/wp-content\/uploads\/2013\/01\/08.Krakow_Airport-300x158.jpg 300w, http:\/\/kszgk.com\/iccfcongress2013\/wp-content\/uploads\/2013\/01\/08.Krakow_Airport-150x79.jpg 150w, http:\/\/kszgk.com\/iccfcongress2013\/wp-content\/uploads\/2013\/01\/08.Krakow_Airport-400x211.jpg 400w, http:\/\/kszgk.com\/iccfcongress2013\/wp-content\/uploads\/2013\/01\/08.Krakow_Airport.jpg 915w\" sizes=\"(max-width: 300px) 100vw, 300px\" \/><\/a><p id=\"caption-attachment-332\" class=\"wp-caption-text\">Krak\u00f3w Airport<\/p><\/div>\n<p>John Paul II International Airport Krak\u00f3w-Balice (Polish: <strong>Krak\u00f3w Airport<\/strong> im. Jana Paw\u0142a II) (IATA: <strong>KRK<\/strong>) is an international airport located near Krak\u00f3w, in the village of Balice, 11 km west of the city centre. The airport has\u00a0the second\u00a0biggest passenger flow in Poland.<\/p>\n<p>Krakow Airport <a href=\"http:\/\/www.krakowairport.pl\/en\/33?d=103\" target=\"_blank\">connections<\/a>\u00a0include 53 destinations (49 international and 4 domestic) with 11 operating airlines. Current timetable can be found at <a href=\"http:\/\/www.krakowairport.pl\/en\/17\/3\/31\/Arrivals-online\" target=\"_blank\">the airport page<\/a>.<\/p>\n<p>The venue is 16 km (by car)\u00a0east of Krak\u00f3w Airport.<\/p>\n<p>Possible ground transportation from\/to the airport\u00a0are: urban rail, buses, private car or taxi.<\/p>\n<h4>Train<\/h4>\n<p>Krak\u00f3w Airport railway station is aprox. 200m away from the international terminal (T1). For travel between the terminals and the station, we advise you to use the free Shuttle Bus service.<\/p>\n<div id=\"attachment_334\" style=\"width: 310px\" class=\"wp-caption alignright\"><a href=\"http:\/\/kszgk.com\/iccfcongress2013\/wp-content\/uploads\/2013\/01\/33.Balice-Express.jpg\"><img aria-describedby=\"caption-attachment-334\" decoding=\"async\" class=\"size-medium wp-image-334\" alt=\"Balice Ekspres\" src=\"http:\/\/kszgk.com\/iccfcongress2013\/wp-content\/uploads\/2013\/01\/33.Balice-Express-300x87.jpg\" width=\"300\" height=\"87\" srcset=\"http:\/\/kszgk.com\/iccfcongress2013\/wp-content\/uploads\/2013\/01\/33.Balice-Express-300x87.jpg 300w, http:\/\/kszgk.com\/iccfcongress2013\/wp-content\/uploads\/2013\/01\/33.Balice-Express-1024x299.jpg 1024w, http:\/\/kszgk.com\/iccfcongress2013\/wp-content\/uploads\/2013\/01\/33.Balice-Express-150x43.jpg 150w, http:\/\/kszgk.com\/iccfcongress2013\/wp-content\/uploads\/2013\/01\/33.Balice-Express-400x117.jpg 400w, http:\/\/kszgk.com\/iccfcongress2013\/wp-content\/uploads\/2013\/01\/33.Balice-Express.jpg 1275w\" sizes=\"(max-width: 300px) 100vw, 300px\" \/><\/a><p id=\"caption-attachment-334\" class=\"wp-caption-text\">Balice Ekspres<\/p><\/div>\n<p>The Shuttle Bus awaits at the rail station and transports passengers between the international (T1) and the domestic (T2) terminals and then comes back to the station.The train service is the fastest link between the centre of Krakow and the airport.<\/p>\n<p>The urban train &#8222;Balice Ekspres&#8221; operates between Krak\u00f3w G\u0142\u00f3wny (Krak\u00f3w Main railway station) and the Krak\u00f3w-Balice Airport railway station; frequency &#8211; almost every half an hour between 05:00 and 22:24. It takes around 20 minutes to get to the city centre and costs 12 PLN [around 3EUR]\u00a0(one way) or 20 PLN [around 5EUR] (return &#8211; valid 30 days).<\/p>\n<p>Time schedule can be found at the airport page.<\/p>\n<p>How to reach hotel Park Inn from Krak\u00f3w G\u0142\u00f3wny (Krak\u00f3w Main railway station) see details at separate page <a href=\"http:\/\/kszgk.com\/iccfcongress2013\/?page_id=155\">Transfer from Krak\u00f3w G\u0142\u00f3wny to the hotel<\/a>.<\/p>\n<h4>Bus Service &#8211; public transport<\/h4>\n<p>Krakow Airport is served by two regular bus lines: 208 and 292 and one night line: 902. These are AGGLOMERATION BUS LINES. Frequency &#8211; almost every 15-20 minutes between 04:50 and 23:05.<\/p>\n<p>Time schedule can be found at the airport page. Travel takes about 40 minutes.<\/p>\n<p>Tickets can be purchased from:<\/p>\n<ul style=\"list-style-type: square;\">\n<li>bus driver<\/li>\n<li>RELAY newsagent&#8217;s shop \u2013 T1 international terminal,<\/li>\n<li>ticket machine at the bus stop<\/li>\n<li>additionally, ticket vending machines can be found on 292 line buses.<\/li>\n<\/ul>\n<p>Then you need to take one change in order to reach venue. You can exit at the last stop Krak\u00f3w G\u0142\u00f3wny and then take tram or bus to the hotel.<\/p>\n<p>However, it is much better to take bus line 292 and exit at Cracovia stop, then take bus line 179 travelling into direction Kurdwan\u00f3w and exit at the stop <strong>Most Grunwaldzki<\/strong>, around 150 metres from the hotel Park Inn. Travel from the airport to venue by bus with one change may take about 45 minutes.<\/p>\n<p>Tickets and faires:<\/p>\n<p>We advise to take Zone I+II Aglomeration short-term ticket at least 60-minute &#8211; price 5,00PLN.<\/p>\n<h4>Taxi<\/h4>\n<p>Taxi should usually cost around 60PLN (around 15EUR).<\/p>\n<p>Please be very careful \u2013 ask taxi driver about price first!<\/p>\n<h4>Hotel Park Inn transportation<\/h4>\n<p>Transfer from Krak\u00f3w Airport to the hotel might be provided by the hotel Park Inn &#8211; 85PLN (around 20-25EUR) &#8211; one way, if requested during registration. Number of passengers is 4-6 and depends on luggage &#8211; more luggages less people.<\/p>\n<h4>Airporttransfer.com.pl services<\/h4>\n<p>Transfer from Krak\u00f3w Airport to the hotel might be\u00a0arranged by the\u00a0host\u00a0(using Airporttransfer.com.pl services), if requested during registration. Prices are in Euros (one way).<\/p>\n<table border=\"3\">\n<tbody>\n<tr>\n<td>Number of people<\/td>\n<td>1-4<\/td>\n<td>5-6<\/td>\n<td>7-8<\/td>\n<td>Remarks<\/td>\n<\/tr>\n<tr>\n<td>Krak\u00f3w Airport to venue<\/td>\n<td>18<\/td>\n<td>23<\/td>\n<td>25<\/td>\n<td>[EUR]<\/td>\n<\/tr>\n<\/tbody>\n<\/table>\n<p>&nbsp;<\/p>\n<h4>Attention!<\/h4>\n<p>Congress participants arriving\u00a0in Poland will be supported by volunteers at the Krak\u00f3w Airport\/ Krak\u00f3w G\u0142\u00f3wny Railway Station.<\/p>\n<p>&nbsp;<\/p>\n","protected":false},"excerpt":{"rendered":"<p id=\"caption-attachment-332\" class=\"wp-caption-text\">Krak\u00f3w Airport<\/p>\n<p>John Paul II International Airport Krak\u00f3w-Balice (Polish: Krak\u00f3w Airport im. Jana Paw\u0142a II) (IATA: KRK) is an international airport located near Krak\u00f3w, in the village of Balice, 11 km west of the city centre. The airport has the second biggest passenger flow in Poland.<\/p>\n<p>Krakow Airport connections include 53 destinations (49 [&#8230;]<\/p>\n","protected":false},"author":1,"featured_media":0,"parent":9,"menu_order":2,"comment_status":"closed","ping_status":"open","template":"","meta":[],"_links":{"self":[{"href":"http:\/\/kszgk.com\/iccfcongress2013\/wp-json\/wp\/v2\/pages\/147"}],"collection":[{"href":"http:\/\/kszgk.com\/iccfcongress2013\/wp-json\/wp\/v2\/pages"}],"about":[{"href":"http:\/\/kszgk.com\/iccfcongress2013\/wp-json\/wp\/v2\/types\/page"}],"author":[{"embeddable":true,"href":"http:\/\/kszgk.com\/iccfcongress2013\/wp-json\/wp\/v2\/users\/1"}],"replies":[{"embeddable":true,"href":"http:\/\/kszgk.com\/iccfcongress2013\/wp-json\/wp\/v2\/comments?post=147"}],"version-history":[{"count":38,"href":"http:\/\/kszgk.com\/iccfcongress2013\/wp-json\/wp\/v2\/pages\/147\/revisions"}],"predecessor-version":[{"id":149,"href":"http:\/\/kszgk.com\/iccfcongress2013\/wp-json\/wp\/v2\/pages\/147\/revisions\/149"}],"up":[{"embeddable":true,"href":"http:\/\/kszgk.com\/iccfcongress2013\/wp-json\/wp\/v2\/pages\/9"}],"wp:attachment":[{"href":"http:\/\/kszgk.com\/iccfcongress2013\/wp-json\/wp\/v2\/media?parent=147"}],"curies":[{"name":"wp","href":"https:\/\/api.w.org\/{rel}","templated":true}]}}