{"id":2,"date":"2011-09-19T09:08:33","date_gmt":"2011-09-19T07:08:33","guid":{"rendered":"http:\/\/kszgk.com\/bielecki\/\/?page_id=2"},"modified":"2011-09-20T09:45:05","modified_gmt":"2011-09-20T07:45:05","slug":"about","status":"publish","type":"page","link":"http:\/\/kszgk.com\/bielecki\/about\/","title":{"rendered":"About Witold"},"content":{"rendered":"<p>Performing ICCF activities many of you knew <span style=\"color: #0000ff;\"><strong>Witold Bielecki (28.02.1947 &#8211; 05.04.2008)<\/strong><\/span> &#8211;\u00a0personally or from the distance.<\/p>\n<p>Just few words about him.<\/p>\n<p>He was chairman of the Polish Correspondence Chess Federation and Polish delegate to ICCF, correspondence chess player and official since 1964, IM since 1996 and IA since 1978, member and chairman of several ICCF working groups and committees\/ commissions (Tournaments, Tournament Rules, Playing Rules, Appeals).<\/p>\n<p>He performed function as a national team captain many times. He directed hundreds of tournaments, including eight editions of World Championship final (from 15 to 23, except of 19).<\/p>\n<p>He laid down main effort as TO and TD for three World Cups (3rd, 6th and 7th) with total amount of 6.222 (sic!) entries.<\/p>\n<p>During ICCF Congress 1998 in Riga (Latvia) he was awarded with &#8222;Bertl von Massow&#8221; medal in Gold for 15 years meritorious work for ICCF.<\/p>\n<p>He cooperated with &#8222;Fernschach&#8221; for many years.<\/p>\n<p>Witek left his wife Teresa and his son Robert and all of us unexpectedly, in the prime of his life.<\/p>\n<p>He was our great chess friend. He put his soul and his spare time into his work for correspondence chess. Always ready to assist you.<\/p>\n<p>=============================================================================================<\/p>\n<p>Dzia\u0142aj\u0105c w ICCF wielu z Was zna\u0142o <span style=\"color: #0000ff;\"><strong>Witolda Bieleckiego (28.02.1947 &#8211; 05.04.2008)<\/strong><\/span> &#8211; osobi\u015bcie lub korespondencyjnie.<\/p>\n<p>Kilka s\u0142\u00f3w o nim.<\/p>\n<p>By\u0142 przewodnicz\u0105cym Komisji Szachowej Gry Korespondencyjnej oraz delegatem Polski do ICCF przez wiele lat, gra\u0142 korespondencyjnie oraz dzia\u0142a\u0142 od 1964, mistrz mi\u0119dzynarodowy (IM) od 1996 oraz s\u0119dzia mi\u0119dzynarodowy (IA) od 1978, cz\u0142onek oraz przewodnicz\u0105cy wielu grup roboczych oraz komisji ICCF (Tournaments, Tournament Rules, Playing Rules, Appeals).<\/p>\n<p>Dziesi\u0105tki razy pe\u0142ni\u0142 funkcj\u0119 kapitana dru\u017cyny narodowej. S\u0119dziowa\u0142 setki turniej\u00f3w, w tym 8 edycji fina\u0142\u00f3w Mistrzostw \u015awiata (od 15 do 23, opr\u00f3cz 19).<\/p>\n<p>Wni\u00f3s\u0142 g\u0142\u00f3wny wk\u0142ad jako organizator (TO) oraz s\u0119dzia (TD) do trzech Puchar\u00f3w \u015awiata (3, 6 i 7 edycja) z rekordow\u0105 ilo\u015bci\u0105 6.222 (sic!) zg\u0142osze\u0144.<\/p>\n<p>Podczas Kongresu ICCF 1998 w Rydze (\u0141otwa) zosta\u0142 uhonorowany z\u0142otym medalem &#8222;Bertl von Massow&#8221; za 15 lat nienagannej pracy dla ICCF. Wsp\u00f3\u0142pracowa\u0142 z &#8222;Fernschach&#8221; przez wiele lat.<\/p>\n<p>Witek pozostawi\u0142 \u017con\u0119 Teres\u0119 i syna Roberta oraz nas wszystkich nieoczekiwanie, w kwiecie wieku.<\/p>\n<p>By\u0142 naszym wielkim szachowym przyjacielem. Odda\u0142 swoj\u0105 dusz\u0119 i ca\u0142y wolny czas dla szach\u00f3w korespondencyjnych. Zawsze gotowy nie\u015b\u0107 pomoc.<\/p>\n<p>&nbsp;<\/p>\n","protected":false},"excerpt":{"rendered":"<p>Performing ICCF activities many of you knew Witold Bielecki (28.02.1947 &#8211; 05.04.2008) &#8211; personally or from the distance.<\/p>\n<p>Just few words about him.<\/p>\n<p>He was chairman of the Polish Correspondence Chess Federation and Polish delegate to ICCF, correspondence chess player and official since 1964, IM since 1996 and IA since 1978, member and chairman of [&#8230;]<\/p>\n","protected":false},"author":1,"featured_media":0,"parent":0,"menu_order":0,"comment_status":"closed","ping_status":"closed","template":"","meta":[],"_links":{"self":[{"href":"http:\/\/kszgk.com\/bielecki\/wp-json\/wp\/v2\/pages\/2"}],"collection":[{"href":"http:\/\/kszgk.com\/bielecki\/wp-json\/wp\/v2\/pages"}],"about":[{"href":"http:\/\/kszgk.com\/bielecki\/wp-json\/wp\/v2\/types\/page"}],"author":[{"embeddable":true,"href":"http:\/\/kszgk.com\/bielecki\/wp-json\/wp\/v2\/users\/1"}],"replies":[{"embeddable":true,"href":"http:\/\/kszgk.com\/bielecki\/wp-json\/wp\/v2\/comments?post=2"}],"version-history":[{"count":8,"href":"http:\/\/kszgk.com\/bielecki\/wp-json\/wp\/v2\/pages\/2\/revisions"}],"predecessor-version":[{"id":19,"href":"http:\/\/kszgk.com\/bielecki\/wp-json\/wp\/v2\/pages\/2\/revisions\/19"}],"wp:attachment":[{"href":"http:\/\/kszgk.com\/bielecki\/wp-json\/wp\/v2\/media?parent=2"}],"curies":[{"name":"wp","href":"https:\/\/api.w.org\/{rel}","templated":true}]}}